{"id":217190,"date":"2024-03-04T13:42:03","date_gmt":"2024-03-04T18:42:03","guid":{"rendered":"https:\/\/cybercaze.com\/?post_type=product&#038;p=217190"},"modified":"2024-03-04T15:15:34","modified_gmt":"2024-03-04T20:15:34","slug":"dron-con-camara-1080p-para-adultos-y-ninos","status":"publish","type":"product","link":"https:\/\/cybercaze.com\/index.php\/producto\/dron-con-camara-1080p-para-adultos-y-ninos\/","title":{"rendered":"Mini dron con c\u00e1mara \u2013 Funda de transporte plegable HD"},"content":{"rendered":"<p>[et_pb_section fb_built=&#8221;1&#8243; _builder_version=&#8221;4.23.1&#8243; background_color=&#8221;RGBA(255,255,255,0)&#8221; use_background_color_gradient=&#8221;off&#8221; custom_padding=&#8221;0px||||false|false&#8221; global_colors_info=&#8221;{}&#8221;][et_pb_row _builder_version=&#8221;4.16&#8243; background_size=&#8221;initial&#8221; background_position=&#8221;top_left&#8221; background_repeat=&#8221;repeat&#8221; width=&#8221;100%&#8221; custom_padding=&#8221;0px||0px||false|false&#8221; global_colors_info=&#8221;{}&#8221;][et_pb_column type=&#8221;4_4&#8243; _builder_version=&#8221;4.16&#8243; custom_padding=&#8221;|||&#8221; global_colors_info=&#8221;{}&#8221; custom_padding__hover=&#8221;|||&#8221;][et_pb_wc_breadcrumb _builder_version=&#8221;4.16&#8243; global_colors_info=&#8221;{}&#8221;][\/et_pb_wc_breadcrumb][et_pb_wc_cart_notice _builder_version=&#8221;4.16&#8243; global_colors_info=&#8221;{}&#8221;][\/et_pb_wc_cart_notice][\/et_pb_column][\/et_pb_row][et_pb_row column_structure=&#8221;1_2,1_2&#8243; _builder_version=&#8221;4.16&#8243; background_size=&#8221;initial&#8221; background_position=&#8221;top_left&#8221; background_repeat=&#8221;repeat&#8221; width=&#8221;100%&#8221; custom_padding=&#8221;0px||||false|false&#8221; global_colors_info=&#8221;{}&#8221;][et_pb_column type=&#8221;1_2&#8243; _builder_version=&#8221;4.16&#8243; custom_padding=&#8221;|||&#8221; global_colors_info=&#8221;{}&#8221; custom_padding__hover=&#8221;|||&#8221;][et_pb_wc_images _builder_version=&#8221;4.24.2&#8243; link_option_url=&#8221;https:\/\/amzn.to\/49ZN8S6&#8243; global_colors_info=&#8221;{}&#8221;][\/et_pb_wc_images][\/et_pb_column][et_pb_column type=&#8221;1_2&#8243; _builder_version=&#8221;4.16&#8243; custom_padding=&#8221;|||&#8221; global_colors_info=&#8221;{}&#8221; custom_padding__hover=&#8221;|||&#8221;][et_pb_wc_title _builder_version=&#8221;4.16&#8243; global_colors_info=&#8221;{}&#8221;][\/et_pb_wc_title][et_pb_wc_rating _builder_version=&#8221;4.16&#8243; global_colors_info=&#8221;{}&#8221;][\/et_pb_wc_rating][et_pb_button button_url=&#8221;https:\/\/amzn.to\/49ZN8S6&#8243; url_new_window=&#8221;on&#8221; button_text=&#8221;Comprar en amazon&#8221; _builder_version=&#8221;4.24.2&#8243; _module_preset=&#8221;default&#8221; custom_button=&#8221;on&#8221; button_text_color=&#8221;#FFFFFF&#8221; button_bg_color=&#8221;#45637F&#8221; button_border_color=&#8221;RGBA(255,255,255,0)&#8221; button_font=&#8221;Rajdhani||||||||&#8221; button_icon=&#8221;&#xf270;||fa||400&#8243; global_colors_info=&#8221;{}&#8221;][\/et_pb_button][et_pb_wc_price _builder_version=&#8221;4.16&#8243; global_colors_info=&#8221;{}&#8221;][\/et_pb_wc_price][et_pb_wc_description _builder_version=&#8221;4.16&#8243; global_colors_info=&#8221;{}&#8221;][\/et_pb_wc_description][et_pb_wc_add_to_cart _builder_version=&#8221;4.16&#8243; global_colors_info=&#8221;{}&#8221;][\/et_pb_wc_add_to_cart][et_pb_wc_meta _builder_version=&#8221;4.16&#8243; global_colors_info=&#8221;{}&#8221;][\/et_pb_wc_meta][et_pb_button button_url=&#8221;https:\/\/amzn.to\/49ZN8S6&#8243; url_new_window=&#8221;on&#8221; button_text=&#8221;Comprar en amazon&#8221; _builder_version=&#8221;4.24.2&#8243; _module_preset=&#8221;default&#8221; custom_button=&#8221;on&#8221; button_text_color=&#8221;#FFFFFF&#8221; button_bg_color=&#8221;#45637F&#8221; button_border_color=&#8221;RGBA(255,255,255,0)&#8221; button_font=&#8221;Rajdhani||||||||&#8221; button_icon=&#8221;&#xf270;||fa||400&#8243; global_colors_info=&#8221;{}&#8221;][\/et_pb_button][\/et_pb_column][\/et_pb_row][et_pb_row _builder_version=&#8221;4.16&#8243; background_size=&#8221;initial&#8221; background_position=&#8221;top_left&#8221; background_repeat=&#8221;repeat&#8221; width=&#8221;100%&#8221; global_colors_info=&#8221;{}&#8221;][et_pb_column type=&#8221;4_4&#8243; _builder_version=&#8221;4.16&#8243; custom_padding=&#8221;|||&#8221; global_colors_info=&#8221;{}&#8221; custom_padding__hover=&#8221;|||&#8221;][et_pb_wc_tabs _builder_version=&#8221;4.16&#8243; global_colors_info=&#8221;{}&#8221;]\t\t\t\t\t[\/et_pb_wc_tabs][et_pb_wc_upsells _builder_version=&#8221;4.16&#8243; global_colors_info=&#8221;{}&#8221;][\/et_pb_wc_upsells][et_pb_wc_related_products _builder_version=&#8221;4.16&#8243; global_colors_info=&#8221;{}&#8221;][\/et_pb_wc_related_products][\/et_pb_column][\/et_pb_row][\/et_pb_section]<\/p>\n","protected":false},"excerpt":{"rendered":"<div id=\"productOverview_feature_div\" class=\"celwidget\" data-feature-name=\"productOverview\" data-csa-c-type=\"widget\" data-csa-c-content-id=\"productOverview\" data-csa-c-slot-id=\"productOverview_feature_div\" data-csa-c-asin=\"B0C2Z7CT8V\" data-csa-c-is-in-initial-active-row=\"false\" data-csa-c-id=\"pcnqyx-968jls-wyeju0-2mo4zo\" data-cel-widget=\"productOverview_feature_div\">\n<div id=\"poExpander\" class=\"a-expander-collapsed-height a-row a-expander-container a-spacing-none a-expander-partial-collapse-container\" data-a-expander-name=\"product_overview\" data-a-expander-collapsed-height=\"210\">\n<div class=\"a-expander-content a-expander-partial-collapse-content\" aria-expanded=\"false\">\n<div class=\"a-section a-spacing-small a-spacing-top-small\">\n<table class=\"a-normal a-spacing-micro\">\n<tbody>\n<tr class=\"a-spacing-small po-brand\">\n<td class=\"a-span3\"><span class=\"a-size-base a-text-bold\">Marca<\/span><\/td>\n<td class=\"a-span9\"><span class=\"a-size-base po-break-word\">RADCLO<\/span><\/td>\n<\/tr>\n<tr class=\"a-spacing-small po-model_name\">\n<td class=\"a-span3\"><span class=\"a-size-base a-text-bold\">Nombre del modelo<\/span><\/td>\n<td class=\"a-span9\"><span class=\"a-size-base po-break-word\">GM-100A<\/span><\/td>\n<\/tr>\n<tr class=\"a-spacing-small po-age_range_description\">\n<td class=\"a-span3\"><span class=\"a-size-base a-text-bold\">Rango de edad (descripci\u00f3n)<\/span><\/td>\n<td class=\"a-span9\"><span class=\"a-size-base po-break-word\">Adulto, ni\u00f1o<\/span><\/td>\n<\/tr>\n<tr class=\"a-spacing-small po-color\">\n<td class=\"a-span3\"><span class=\"a-size-base a-text-bold\">Color<\/span><\/td>\n<td class=\"a-span9\"><span class=\"a-size-base po-break-word\">Negro<\/span><\/td>\n<\/tr>\n<tr class=\"a-spacing-small po-video_capture_resolution\">\n<td class=\"a-span3\"><span class=\"a-size-base a-text-bold\">Resoluci\u00f3n de la captura de video<\/span><\/td>\n<td class=\"a-span9\"><span class=\"a-size-base po-break-word\">1080p<\/span><\/td>\n<\/tr>\n<tr class=\"a-spacing-small po-included_components\">\n<td class=\"a-span3\"><span class=\"a-size-base a-text-bold\">Componentes incluidos<\/span><\/td>\n<td class=\"a-span9\"><span class=\"a-size-base po-break-word\">H\u00e9lice, estuche de transporte, control remoto, bater\u00eda, protector de h\u00e9lice<\/span><\/td>\n<\/tr>\n<tr class=\"a-spacing-small po-skill_level\">\n<td class=\"a-span3\"><span class=\"a-size-base a-text-bold\">Nivel de habilidad<\/span><\/td>\n<td class=\"a-span9\"><span class=\"a-size-base po-break-word\">Principiante<\/span><\/td>\n<\/tr>\n<tr class=\"a-spacing-small po-battery.capacity\">\n<td class=\"a-span3\"><span class=\"a-size-base a-text-bold\">Capacidad<\/span><\/td>\n<td class=\"a-span9\"><span class=\"a-size-base po-break-word\">800 Miliamperios Hora<\/span><\/td>\n<\/tr>\n<tr class=\"a-spacing-small po-control_type\">\n<td class=\"a-span3\"><span class=\"a-size-base a-text-bold\">Tipo de control<\/span><\/td>\n<td class=\"a-span9\"><span class=\"a-size-base po-break-word\">App<\/span><\/td>\n<\/tr>\n<tr class=\"a-spacing-small po-media_type\">\n<td class=\"a-span3\"><span class=\"a-size-base a-text-bold\">Tipo de medios<\/span><\/td>\n<td class=\"a-span9\"><span class=\"a-size-base po-break-word\">SD<\/span><\/td>\n<\/tr>\n<\/tbody>\n<\/table>\n<h2><\/h2>\n<h2 class=\"a-size-base-plus a-text-bold\">Mini Dron con c\u00e1mara<\/h2>\n<ul class=\"a-unordered-list a-vertical a-spacing-mini\">\n<li class=\"a-spacing-mini\"><span class=\"a-list-item\">Mini Dron FPV ajustable de 1080P y control de aplicaci\u00f3n: equipado con una lente ajustable manualmente 1080P HD de 90\u00b0, el dron proporciona un campo de visi\u00f3n m\u00e1s amplio e impresionante. Le ayuda a capturar cada momento maravilloso desde una perspectiva de p\u00e1jaro, y le permite disfrutar de im\u00e1genes y videos HD 1080P a trav\u00e9s de la aplicaci\u00f3n &#8220;RADCLOFPV&#8221;. Al conectar su tel\u00e9fono\/iPad con los drones de larga distancia con c\u00e1maras, puede disfrutar de una vista panor\u00e1mica en tiempo real y compartirlos en sus redes sociales con facilidad.<\/span><span class=\"a-list-item\">\u3010F\u00e1cil de usar con funci\u00f3n de retenci\u00f3n de altitud estable\u3011: simplemente haz clic en el bot\u00f3n de despegue\/aterrizaje de una tecla para comenzar a volar. En comparaci\u00f3n con otros drones del mismo tipo, tenemos un motor m\u00e1s potente y una tecnolog\u00eda de vuelo m\u00e1s estable, la funci\u00f3n de retenci\u00f3n de altitud puede mantener el dron a cierta altitud para un f\u00e1cil control de vuelo y grabar im\u00e1genes de alta calidad.<\/span><\/li>\n<li class=\"a-spacing-mini\"><span class=\"a-list-item\">Tama\u00f1o de cuerpo m\u00e1s grande y accesorios completos: el paquete viene con una funda de transporte que es conveniente para viajes al aire libre. Con 2 bater\u00edas de 800 mAh, incluso su cuerpo es m\u00e1s grande que otros drones, puede durar 22 minutos. Equipado con bater\u00edas de controlador, protector de h\u00e9lice y aspas de ventilador de repuesto, lo que hace que este dron se destaque en su clase. Tambi\u00e9n es una buena opci\u00f3n para regalar. Busca ASIN &#8220;B0CBV5XVPG&#8221; en Amazon para comprar si necesitas m\u00e1s bater\u00edas.<\/span><\/li>\n<li class=\"a-spacing-mini\"><span class=\"a-list-item\">M\u00faltiples funciones que se adaptan a tus necesidades: rotaci\u00f3n de alta velocidad, vuelo circular, engranaje de 3 velocidades (el bot\u00f3n de velocidad est\u00e1 en la parte superior derecha del controlador, no en el joystick izquierdo), control de gestos, modo sin cabeza, despegue\/aterrizaje de una tecla, retenci\u00f3n de altitud, giro 3D, advertencia de bater\u00eda baja, parada de emergencia. Todas sus funciones y su gran calidad lo hacen no solo adecuado para principiantes, sino tambi\u00e9n para jugadores expertos.<\/span><\/li>\n<li class=\"a-spacing-mini\"><span class=\"a-list-item\">Garant\u00eda posventa\u3011Te sugerimos que pruebes un vuelo en un espacio abierto la primera vez que vueles el dron con un protector de h\u00e9lice. (Nota: puede haber interferencia de viento cuando se utiliza al aire libre). Si el drone\/control remoto\/aplicaci\u00f3n tiene alg\u00fan problema durante el vuelo, no dude en ponerse en contacto con el vendedor. Contra los problemas del producto, proporcionaremos soporte t\u00e9cnico las 24 horas, garant\u00eda de calidad y servicio de devoluci\u00f3n de dinero.<\/span><\/li>\n<\/ul>\n<\/div>\n<\/div>\n<\/div>\n<\/div>\n","protected":false},"featured_media":217192,"comment_status":"open","ping_status":"closed","template":"","meta":{"_et_pb_use_builder":"on","_et_pb_old_content":"<div>\r\n<h2>\u00a1Descubre el mini dron con c\u00e1mara de alta resoluci\u00f3n 1080p!<\/h2>\r\n\u00bfEst\u00e1s buscando un dron compacto pero potente que te permita capturar im\u00e1genes y videos incre\u00edbles desde el aire? \u00a1No busques m\u00e1s! Nuestro mini dron con c\u00e1mara de alta resoluci\u00f3n 1080p es justo lo que necesitas.\r\n<h3>Caracter\u00edsticas principales:<\/h3>\r\n<ul>\r\n \t<li><strong>Resoluci\u00f3n de video en Full HD:<\/strong> Con su c\u00e1mara de alta resoluci\u00f3n 1080p, este mini dron te permite grabar videos n\u00edtidos y detallados.<\/li>\r\n \t<li><strong>Fotograf\u00edas de alta calidad:<\/strong> No solo podr\u00e1s grabar videos, sino que tambi\u00e9n podr\u00e1s capturar fotograf\u00edas espectaculares gracias a la calidad de su c\u00e1mara.<\/li>\r\n \t<li><strong>Compacto y port\u00e1til:<\/strong> Con su dise\u00f1o compacto y plegable, podr\u00e1s llevar este mini dron contigo a donde quiera que vayas. \u00a1Es perfecto para viajes y aventuras al aire libre!<\/li>\r\n \t<li><strong>F\u00e1cil de volar:<\/strong> Incluso si eres un principiante en el mundo de los drones, no te preocupes. Nuestro mini dron est\u00e1 dise\u00f1ado para ser f\u00e1cil de volar, con funciones como el despegue y aterrizaje autom\u00e1tico, el mantenimiento de altitud y el control de gravedad.<\/li>\r\n \t<li><strong>Duraci\u00f3n de la bater\u00eda:<\/strong> No te preocupes por quedarte sin bater\u00eda en medio de tu vuelo. Nuestro mini dron tiene una bater\u00eda de larga duraci\u00f3n que te permite disfrutar de hasta 15 minutos de vuelo continuo.<\/li>\r\n \t<li><strong>Control remoto intuitivo:<\/strong> El mini dron viene con un control remoto intuitivo que te permite manejarlo con facilidad. \u00a1Puedes controlar la direcci\u00f3n, la altura y la velocidad con solo unos pocos botones!<\/li>\r\n \t<li><strong>Modo de vuelo estacionario:<\/strong> Si deseas capturar im\u00e1genes est\u00e1ticas o videos estables, puedes activar el modo de vuelo estacionario para mantener el dron en una posici\u00f3n fija en el aire.<\/li>\r\n \t<li><strong>Transmisi\u00f3n en tiempo real:<\/strong> Conecta tu tel\u00e9fono inteligente al dron y disfruta de la transmisi\u00f3n en tiempo real de las im\u00e1genes y videos que captura. \u00a1Comparte tus momentos emocionantes con tus amigos y familiares al instante!<\/li>\r\n<\/ul>\r\n<h3>Especificaciones t\u00e9cnicas:<\/h3>\r\n<ul>\r\n \t<li><strong>C\u00e1mara:<\/strong> Resoluci\u00f3n de video 1080p<\/li>\r\n \t<li><strong>Bater\u00eda:<\/strong> Duraci\u00f3n de hasta 15 minutos de vuelo continuo<\/li>\r\n \t<li><strong>Tama\u00f1o:<\/strong> Compacto y plegable<\/li>\r\n \t<li><strong>Control remoto:<\/strong> Intuitivo y f\u00e1cil de usar<\/li>\r\n \t<li><strong>Modo de vuelo:<\/strong> Estacionario<\/li>\r\n \t<li><strong>Transmisi\u00f3n:<\/strong> En tiempo real a trav\u00e9s de smartphone<\/li>\r\n<\/ul>\r\n<h3>Conclusi\u00f3n:<\/h3>\r\nSi est\u00e1s buscando un mini dron vers\u00e1til y potente que te permita capturar im\u00e1genes y videos impresionantes, nuestro mini dron con c\u00e1mara de alta resoluci\u00f3n 1080p es la elecci\u00f3n perfecta. Con su dise\u00f1o compacto, f\u00e1cil manejo y funciones avanzadas, este dron te brinda una experiencia de vuelo emocionante y resultados de alta calidad. \u00a1No esperes m\u00e1s y lleva tus aventuras al siguiente nivel con nuestro mini dron!\r\n\r\n<\/div>","_et_gb_content_width":""},"product_cat":[69,17],"product_tag":[],"yoast_head":"<!-- This site is optimized with the Yoast SEO Premium plugin v15.4 - https:\/\/yoast.com\/wordpress\/plugins\/seo\/ -->\n<title>Mini dron con c\u00e1mara \u2013 Funda de transporte plegable HD | cybercaze<\/title>\n<meta name=\"description\" content=\"Apasionado por la fotograf\u00eda \u00a1Descubre el RADCLO Mini Drone con c\u00e1mara HD 1080P, control remoto y funciones avanzadas! Captura im\u00e1genes asombrosas y vive la emoci\u00f3n del vuelo. \ud83d\ude81\ud83d\udcf8\" \/>\n<meta name=\"robots\" content=\"index, follow, max-snippet:-1, max-image-preview:large, max-video-preview:-1\" \/>\n<link rel=\"canonical\" href=\"https:\/\/cybercaze.com\/index.php\/producto\/dron-con-camara-1080p-para-adultos-y-ninos\/\" \/>\n<meta property=\"og:locale\" content=\"es_ES\" \/>\n<meta property=\"og:type\" content=\"article\" \/>\n<meta property=\"og:title\" content=\"Mini dron con c\u00e1mara \u2013 Funda de transporte plegable HD | cybercaze\" \/>\n<meta property=\"og:description\" content=\"Apasionado por la fotograf\u00eda \u00a1Descubre el RADCLO Mini Drone con c\u00e1mara HD 1080P, control remoto y funciones avanzadas! Captura im\u00e1genes asombrosas y vive la emoci\u00f3n del vuelo. \ud83d\ude81\ud83d\udcf8\" \/>\n<meta property=\"og:url\" content=\"https:\/\/cybercaze.com\/index.php\/producto\/dron-con-camara-1080p-para-adultos-y-ninos\/\" \/>\n<meta property=\"og:site_name\" content=\"cybercaze\" \/>\n<meta property=\"article:modified_time\" content=\"2024-03-04T20:15:34+00:00\" \/>\n<meta property=\"og:image\" content=\"https:\/\/cybercaze.com\/wp-content\/uploads\/2024\/03\/dron-minicamara.png\" \/>\n\t<meta property=\"og:image:width\" content=\"679\" \/>\n\t<meta property=\"og:image:height\" content=\"501\" \/>\n<meta name=\"twitter:card\" content=\"summary_large_image\" \/>\n<meta name=\"twitter:label1\" content=\"Escrito por\">\n\t<meta name=\"twitter:data1\" content=\"Luis F lopez\">\n\t<meta name=\"twitter:label2\" content=\"Tiempo de lectura\">\n\t<meta name=\"twitter:data2\" content=\"2 minutos\">\n<script type=\"application\/ld+json\" class=\"yoast-schema-graph\">{\"@context\":\"https:\/\/schema.org\",\"@graph\":[{\"@type\":\"Organization\",\"@id\":\"https:\/\/cybercaze.com\/#organization\",\"name\":\"Cybercaze\",\"url\":\"https:\/\/cybercaze.com\/\",\"sameAs\":[],\"logo\":{\"@type\":\"ImageObject\",\"@id\":\"https:\/\/cybercaze.com\/#logo\",\"inLanguage\":\"es\",\"url\":\"https:\/\/cybercaze.com\/wp-content\/uploads\/2023\/12\/logo-grande.png\",\"width\":2000,\"height\":4080,\"caption\":\"Cybercaze\"},\"image\":{\"@id\":\"https:\/\/cybercaze.com\/#logo\"}},{\"@type\":\"WebSite\",\"@id\":\"https:\/\/cybercaze.com\/#website\",\"url\":\"https:\/\/cybercaze.com\/\",\"name\":\"cybercaze\",\"description\":\"Tienda en l\\u00ednea para productos de tecnolog\\u00eda, equipos y accesorios\",\"publisher\":{\"@id\":\"https:\/\/cybercaze.com\/#organization\"},\"potentialAction\":[{\"@type\":\"SearchAction\",\"target\":\"https:\/\/cybercaze.com\/?s={search_term_string}\",\"query-input\":\"required name=search_term_string\"}],\"inLanguage\":\"es\"},{\"@type\":\"ImageObject\",\"@id\":\"https:\/\/cybercaze.com\/index.php\/producto\/dron-con-camara-1080p-para-adultos-y-ninos\/#primaryimage\",\"inLanguage\":\"es\",\"url\":\"https:\/\/cybercaze.com\/wp-content\/uploads\/2024\/03\/dron-minicamara.png\",\"width\":679,\"height\":501,\"caption\":\"Mini dron con camra y controles\"},{\"@type\":\"WebPage\",\"@id\":\"https:\/\/cybercaze.com\/index.php\/producto\/dron-con-camara-1080p-para-adultos-y-ninos\/#webpage\",\"url\":\"https:\/\/cybercaze.com\/index.php\/producto\/dron-con-camara-1080p-para-adultos-y-ninos\/\",\"name\":\"Mini dron con c\\u00e1mara \\u2013 Funda de transporte plegable HD | cybercaze\",\"isPartOf\":{\"@id\":\"https:\/\/cybercaze.com\/#website\"},\"primaryImageOfPage\":{\"@id\":\"https:\/\/cybercaze.com\/index.php\/producto\/dron-con-camara-1080p-para-adultos-y-ninos\/#primaryimage\"},\"datePublished\":\"2024-03-04T18:42:03+00:00\",\"dateModified\":\"2024-03-04T20:15:34+00:00\",\"description\":\"Apasionado por la fotograf\\u00eda \\u00a1Descubre el RADCLO Mini Drone con c\\u00e1mara HD 1080P, control remoto y funciones avanzadas! Captura im\\u00e1genes asombrosas y vive la emoci\\u00f3n del vuelo. \\ud83d\\ude81\\ud83d\\udcf8\",\"inLanguage\":\"es\",\"potentialAction\":[{\"@type\":\"ReadAction\",\"target\":[\"https:\/\/cybercaze.com\/index.php\/producto\/dron-con-camara-1080p-para-adultos-y-ninos\/\"]}]}]}<\/script>\n<!-- \/ Yoast SEO Premium plugin. -->","_links":{"self":[{"href":"https:\/\/cybercaze.com\/index.php\/wp-json\/wp\/v2\/product\/217190"}],"collection":[{"href":"https:\/\/cybercaze.com\/index.php\/wp-json\/wp\/v2\/product"}],"about":[{"href":"https:\/\/cybercaze.com\/index.php\/wp-json\/wp\/v2\/types\/product"}],"replies":[{"embeddable":true,"href":"https:\/\/cybercaze.com\/index.php\/wp-json\/wp\/v2\/comments?post=217190"}],"wp:featuredmedia":[{"embeddable":true,"href":"https:\/\/cybercaze.com\/index.php\/wp-json\/wp\/v2\/media\/217192"}],"wp:attachment":[{"href":"https:\/\/cybercaze.com\/index.php\/wp-json\/wp\/v2\/media?parent=217190"}],"wp:term":[{"taxonomy":"product_cat","embeddable":true,"href":"https:\/\/cybercaze.com\/index.php\/wp-json\/wp\/v2\/product_cat?post=217190"},{"taxonomy":"product_tag","embeddable":true,"href":"https:\/\/cybercaze.com\/index.php\/wp-json\/wp\/v2\/product_tag?post=217190"}],"curies":[{"name":"wp","href":"https:\/\/api.w.org\/{rel}","templated":true}]}}