{"id":216852,"date":"2024-01-31T10:08:20","date_gmt":"2024-01-31T15:08:20","guid":{"rendered":"https:\/\/cybercaze.com\/?post_type=product&#038;p=216852"},"modified":"2024-02-14T20:21:07","modified_gmt":"2024-02-15T01:21:07","slug":"hp-laptop-ultraligera-14-pulgadas","status":"publish","type":"product","link":"https:\/\/cybercaze.com\/index.php\/producto\/hp-laptop-ultraligera-14-pulgadas\/","title":{"rendered":"Port\u00e1til ultraligero de 14 pulgadas"},"content":{"rendered":"<p>[et_pb_section fb_built=&#8221;1&#8243; _builder_version=&#8221;4.23.1&#8243; background_color=&#8221;RGBA(255,255,255,0)&#8221; use_background_color_gradient=&#8221;off&#8221; custom_padding=&#8221;0px||||false|false&#8221; global_colors_info=&#8221;{}&#8221;][et_pb_row _builder_version=&#8221;4.16&#8243; background_size=&#8221;initial&#8221; background_position=&#8221;top_left&#8221; background_repeat=&#8221;repeat&#8221; width=&#8221;100%&#8221; custom_padding=&#8221;0px||0px||false|false&#8221; global_colors_info=&#8221;{}&#8221;][et_pb_column type=&#8221;4_4&#8243; _builder_version=&#8221;4.16&#8243; custom_padding=&#8221;|||&#8221; global_colors_info=&#8221;{}&#8221; custom_padding__hover=&#8221;|||&#8221;][et_pb_wc_breadcrumb _builder_version=&#8221;4.22.2&#8243; body_font=&#8221;Rajdhani|600|||||||&#8221; body_text_color=&#8221;#45637F&#8221; body_font_size=&#8221;15px&#8221; global_colors_info=&#8221;{}&#8221;][\/et_pb_wc_breadcrumb][\/et_pb_column][\/et_pb_row][et_pb_row column_structure=&#8221;1_2,1_2&#8243; _builder_version=&#8221;4.16&#8243; background_size=&#8221;initial&#8221; background_position=&#8221;top_left&#8221; background_repeat=&#8221;repeat&#8221; width=&#8221;100%&#8221; custom_padding=&#8221;0px||47px||false|false&#8221; global_colors_info=&#8221;{}&#8221;][et_pb_column type=&#8221;1_2&#8243; _builder_version=&#8221;4.16&#8243; custom_padding=&#8221;|||&#8221; global_colors_info=&#8221;{}&#8221; custom_padding__hover=&#8221;|||&#8221;][et_pb_wc_images _builder_version=&#8221;4.24.0&#8243; sale_badge_font=&#8221;Rajdhani||||||||&#8221; link_option_url=&#8221;https:\/\/amzn.to\/3Un2Hia&#8221; global_colors_info=&#8221;{}&#8221;][\/et_pb_wc_images][\/et_pb_column][et_pb_column type=&#8221;1_2&#8243; _builder_version=&#8221;4.16&#8243; custom_padding=&#8221;|||&#8221; global_colors_info=&#8221;{}&#8221; custom_padding__hover=&#8221;|||&#8221;][et_pb_wc_title _builder_version=&#8221;4.24.0&#8243; header_font=&#8221;Rajdhani|700|||||||&#8221; header_text_color=&#8221;#45637F&#8221; global_colors_info=&#8221;{}&#8221;][\/et_pb_wc_title][et_pb_wc_rating _builder_version=&#8221;4.22.2&#8243; rating_text_color=&#8221;#88C5FE&#8221; global_colors_info=&#8221;{}&#8221;][\/et_pb_wc_rating][et_pb_button button_url=&#8221;https:\/\/amzn.to\/3Un2Hia&#8221; url_new_window=&#8221;on&#8221; button_text=&#8221;Comprar en amazon&#8221; _builder_version=&#8221;4.24.0&#8243; _module_preset=&#8221;default&#8221; custom_button=&#8221;on&#8221; button_text_color=&#8221;#FFFFFF&#8221; button_bg_color=&#8221;#45637F&#8221; button_font=&#8221;Rajdhani||||||||&#8221; button_icon=&#8221;&#xf270;||fa||400&#8243; global_colors_info=&#8221;{}&#8221;][\/et_pb_button][et_pb_wc_price _builder_version=&#8221;4.22.2&#8243; body_font=&#8221;Rajdhani|700|||||||&#8221; body_text_color=&#8221;#45637F&#8221; global_colors_info=&#8221;{}&#8221;][\/et_pb_wc_price][et_pb_wc_description _builder_version=&#8221;4.23.2&#8243; _module_preset=&#8221;default&#8221; global_colors_info=&#8221;{}&#8221;][\/et_pb_wc_description][et_pb_button button_url=&#8221;https:\/\/amzn.to\/3Un2Hia&#8221; url_new_window=&#8221;on&#8221; button_text=&#8221;Comprar en amazon&#8221; _builder_version=&#8221;4.24.0&#8243; _module_preset=&#8221;default&#8221; custom_button=&#8221;on&#8221; button_text_color=&#8221;#FFFFFF&#8221; button_bg_color=&#8221;#45637F&#8221; button_font=&#8221;Rajdhani||||||||&#8221; button_icon=&#8221;&#xf270;||fa||400&#8243; global_colors_info=&#8221;{}&#8221;][\/et_pb_button][\/et_pb_column][\/et_pb_row][\/et_pb_section][et_pb_section fb_built=&#8221;1&#8243; _builder_version=&#8221;4.24.0&#8243; _module_preset=&#8221;default&#8221; background_color=&#8221;RGBA(255,255,255,0)&#8221; use_background_color_gradient=&#8221;off&#8221; global_colors_info=&#8221;{}&#8221;][et_pb_row _builder_version=&#8221;4.24.0&#8243; _module_preset=&#8221;default&#8221; global_colors_info=&#8221;{}&#8221;][et_pb_column type=&#8221;4_4&#8243; _builder_version=&#8221;4.24.0&#8243; _module_preset=&#8221;default&#8221; global_colors_info=&#8221;{}&#8221;][et_pb_wc_related_products _builder_version=&#8221;4.24.0&#8243; _module_preset=&#8221;default&#8221; global_colors_info=&#8221;{}&#8221;][\/et_pb_wc_related_products][\/et_pb_column][\/et_pb_row][\/et_pb_section]<\/p>\n","protected":false},"excerpt":{"rendered":"<div id=\"productOverview_feature_div\" class=\"celwidget\" data-feature-name=\"productOverview\" data-csa-c-type=\"widget\" data-csa-c-content-id=\"productOverview\" data-csa-c-slot-id=\"productOverview_feature_div\" data-csa-c-asin=\"B0B2D77YB8\" data-csa-c-is-in-initial-active-row=\"false\" data-csa-c-id=\"84yk23-jws0w-9k7x4y-quyyk9\" data-cel-widget=\"productOverview_feature_div\">\n<div id=\"poExpander\" class=\"a-expander-collapsed-height a-row a-expander-container a-spacing-none a-expander-partial-collapse-container\" data-a-expander-name=\"product_overview\" data-a-expander-collapsed-height=\"210\">\n<div class=\"a-expander-content a-expander-partial-collapse-content\" aria-expanded=\"false\">\n<div class=\"a-section a-spacing-small a-spacing-top-small\">\n<table class=\"a-normal a-spacing-micro\" style=\"height: 228px;\">\n<tbody>\n<tr class=\"a-spacing-small po-brand\" style=\"height: 23px;\">\n<td class=\"a-span3\" style=\"height: 23px; width: 237.344px;\"><span class=\"a-size-base a-text-bold\">Marca<\/span><\/td>\n<td class=\"a-span9\" style=\"height: 23px; width: 162.641px;\"><span class=\"a-size-base po-break-word\">HP<\/span><\/td>\n<\/tr>\n<tr class=\"a-spacing-small po-model_name\" style=\"height: 21px;\">\n<td class=\"a-span3\" style=\"height: 21px; width: 237.344px;\"><span class=\"a-size-base a-text-bold\">Nombre del modelo<\/span><\/td>\n<td class=\"a-span9\" style=\"height: 21px; width: 162.641px;\"><span class=\"a-size-base po-break-word\">HP Laptop<\/span><\/td>\n<\/tr>\n<tr class=\"a-spacing-small po-display.size\" style=\"height: 23px;\">\n<td class=\"a-span3\" style=\"height: 23px; width: 237.344px;\"><span class=\"a-size-base a-text-bold\">Tama\u00f1o de pantalla<\/span><\/td>\n<td class=\"a-span9\" style=\"height: 23px; width: 162.641px;\"><span class=\"a-size-base po-break-word\">14 Pulgadas<\/span><\/td>\n<\/tr>\n<tr class=\"a-spacing-small po-color\" style=\"height: 23px;\">\n<td class=\"a-span3\" style=\"height: 23px; width: 237.344px;\"><span class=\"a-size-base a-text-bold\">Color<\/span><\/td>\n<td class=\"a-span9\" style=\"height: 23px; width: 162.641px;\"><span class=\"a-size-base po-break-word\">blanco, (Snowflake White)<\/span><\/td>\n<\/tr>\n<tr class=\"a-spacing-small po-hard_disk.size\" style=\"height: 23px;\">\n<td class=\"a-span3\" style=\"height: 23px; width: 237.344px;\"><span class=\"a-size-base a-text-bold\">Tama\u00f1o del disco duro<\/span><\/td>\n<td class=\"a-span9\" style=\"height: 23px; width: 162.641px;\"><span class=\"a-size-base po-break-word\">64 GB<\/span><\/td>\n<\/tr>\n<tr class=\"a-spacing-small po-cpu_model.family\" style=\"height: 23px;\">\n<td class=\"a-span3\" style=\"height: 23px; width: 237.344px;\"><span class=\"a-size-base a-text-bold\">Modelo de CPU<\/span><\/td>\n<td class=\"a-span9\" style=\"height: 23px; width: 162.641px;\"><span class=\"a-size-base po-break-word\">Celeron N<\/span><\/td>\n<\/tr>\n<tr class=\"a-spacing-small po-ram_memory.installed_size\" style=\"height: 23px;\">\n<td class=\"a-span3\" style=\"height: 23px; width: 237.344px;\"><span class=\"a-size-base a-text-bold\">Tama\u00f1o de la memoria RAM instalada<\/span><\/td>\n<td class=\"a-span9\" style=\"height: 23px; width: 162.641px;\"><span class=\"a-size-base po-break-word\">8 GB<\/span><\/td>\n<\/tr>\n<tr class=\"a-spacing-small po-operating_system\" style=\"height: 23px;\">\n<td class=\"a-span3\" style=\"height: 23px; width: 237.344px;\"><span class=\"a-size-base a-text-bold\">Sistema operativo<\/span><\/td>\n<td class=\"a-span9\" style=\"height: 23px; width: 162.641px;\"><span class=\"a-size-base po-break-word\">Windows 11 Home<\/span><\/td>\n<\/tr>\n<tr class=\"a-spacing-small po-special_feature\" style=\"height: 23px;\">\n<td class=\"a-span3\" style=\"height: 23px; width: 237.344px;\"><span class=\"a-size-base a-text-bold\">Caracter\u00edsticas especiales<\/span><\/td>\n<td class=\"a-span9\" style=\"height: 23px; width: 162.641px;\"><span class=\"a-size-base po-break-word\">Audio HD<\/span><\/td>\n<\/tr>\n<tr class=\"a-spacing-small po-graphics_description\" style=\"height: 23px;\">\n<td class=\"a-span3\" style=\"height: 23px; width: 237.344px;\"><span class=\"a-size-base a-text-bold\">Descripci\u00f3n de la tarjeta gr\u00e1fica<\/span><\/td>\n<td class=\"a-span9\" style=\"height: 23px; width: 162.641px;\"><span class=\"a-size-base po-break-word\">Integrado<\/span><\/td>\n<\/tr>\n<\/tbody>\n<\/table>\n<\/div>\n<\/div>\n<\/div>\n<\/div>\n<div id=\"featurebullets_feature_div\" class=\"celwidget\" data-feature-name=\"featurebullets\" data-csa-c-type=\"widget\" data-csa-c-content-id=\"featurebullets\" data-csa-c-slot-id=\"featurebullets_feature_div\" data-csa-c-asin=\"B0B2D77YB8\" data-csa-c-is-in-initial-active-row=\"false\" data-csa-c-id=\"j4fea6-3175pe-ej0v7v-mzug9k\" data-cel-widget=\"featurebullets_feature_div\">\n<div id=\"feature-bullets\" class=\"a-section a-spacing-medium a-spacing-top-small\">\n<h3 class=\"a-size-base-plus a-text-bold\">Port\u00e1til ultraligero de 14 pulgadas detalles<\/h3>\n<ul class=\"a-unordered-list a-vertical a-spacing-mini\">\n<li class=\"a-spacing-mini\"><span class=\"a-list-item\">Port\u00e1til ultraligero de 14 pulgadas pantalla HD: diagonal de 14.0 pulgadas, HD (1366 x 768), micro-borde, BrightView. Con pr\u00e1cticamente ning\u00fan bisel que rodea la pantalla, una experiencia de visualizaci\u00f3n ultra amplia proporciona configuraciones sin fisuras de varios monitores<\/span><\/li>\n<li class=\"a-spacing-mini\"><span class=\"a-list-item\">Procesador y gr\u00e1ficos: Intel Celeron N4120, 4 n\u00facleos y 4 hilos, frecuencia base de 1.10 GHz, frecuencia de r\u00e1faga de hasta 2.60 GHz, 4 MB de Cahce, gr\u00e1ficos Intel UHD 600, maneja la multitarea de forma fiable con la combinaci\u00f3n perfecta de rendimiento, consumo de energ\u00eda y valor<\/span><\/li>\n<li class=\"a-spacing-mini\"><span class=\"a-list-item\">RAM y almacenamiento: memoria DDR4 de alto ancho de banda de 8 GB (2400 MHz), RAM adecuada de alto ancho de banda para ejecutar sin problemas m\u00faltiples aplicaciones y pesta\u00f1as del navegador a la vez. Almacenamiento eMMC de alta velocidad de 64 GB para tus necesidades de oficina y seminarios web<\/span><\/li>\n<li class=\"a-spacing-mini\"><span class=\"a-list-item\">Puertos: 1 puerto USB 3.1 tipo C, 2 puertos USB 3.1 tipo A, 1 HDMI, 1 conector combinado de auriculares\/micr\u00f3fono, y hay una ranura microSD, que hacen de este Port\u00e1til ultraligero de 14 pulgadas, muy funcional y adecuado para tus actividades.<\/span><\/li>\n<li class=\"a-spacing-mini\"><span class=\"a-list-item\">Windows 11 Home en modo S puedes cambiar a ventanas normales 11: pulsa &#8220;Bot\u00f3n de inicio&#8221; en la parte inferior izquierda de la pantalla; selecciona el icono &#8220;Configuraci\u00f3n&#8221; encima del icono de &#8220;encendido&#8221;; selecciona &#8220;Activaci\u00f3n&#8221;, luego ve a Tienda; selecciona la opci\u00f3n Obtener en &#8220;Cambiar del modo S&#8221;; pulsa Instalar. (Si tambi\u00e9n ve una secci\u00f3n &#8220;Actualizar su edici\u00f3n de Windows&#8221;, tenga cuidado de no hacer clic en el enlace &#8220;Ir a la tienda&#8221; que aparece all\u00ed)<\/span><\/li>\n<\/ul>\n<\/div>\n<\/div>\n","protected":false},"featured_media":216853,"comment_status":"open","ping_status":"closed","template":"","meta":{"_et_pb_use_builder":"on","_et_pb_old_content":"","_et_gb_content_width":""},"product_cat":[47],"product_tag":[93,92,94],"yoast_head":"<!-- This site is optimized with the Yoast SEO Premium plugin v15.4 - https:\/\/yoast.com\/wordpress\/plugins\/seo\/ -->\n<title>Port\u00e1til ultraligero de 14 pulgadas para estudiantes y negocios<\/title>\n<meta name=\"description\" content=\"Port\u00e1til ultraligero de 14 pulgadas, descubre la revoluci\u00f3n port\u00e1til: HP Laptop Ultraligera 14&quot;. Potencia, ideal para negocios y estudio\" \/>\n<meta name=\"robots\" content=\"index, follow, max-snippet:-1, max-image-preview:large, max-video-preview:-1\" \/>\n<link rel=\"canonical\" href=\"https:\/\/cybercaze.com\/index.php\/producto\/hp-laptop-ultraligera-14-pulgadas\/\" \/>\n<meta property=\"og:locale\" content=\"es_ES\" \/>\n<meta property=\"og:type\" content=\"article\" \/>\n<meta property=\"og:title\" content=\"Port\u00e1til ultraligero de 14 pulgadas para estudiantes y negocios\" \/>\n<meta property=\"og:description\" content=\"Port\u00e1til ultraligero de 14 pulgadas, descubre la revoluci\u00f3n port\u00e1til: HP Laptop Ultraligera 14&quot;. Potencia, ideal para negocios y estudio\" \/>\n<meta property=\"og:url\" content=\"https:\/\/cybercaze.com\/index.php\/producto\/hp-laptop-ultraligera-14-pulgadas\/\" \/>\n<meta property=\"og:site_name\" content=\"cybercaze\" \/>\n<meta property=\"article:modified_time\" content=\"2024-02-15T01:21:07+00:00\" \/>\n<meta property=\"og:image\" content=\"https:\/\/cybercaze.com\/wp-content\/uploads\/2024\/01\/hp14pul1.jpg\" \/>\n\t<meta property=\"og:image:width\" content=\"679\" \/>\n\t<meta property=\"og:image:height\" content=\"470\" \/>\n<meta name=\"twitter:card\" content=\"summary_large_image\" \/>\n<meta name=\"twitter:label1\" content=\"Escrito por\">\n\t<meta name=\"twitter:data1\" content=\"Luis F lopez\">\n\t<meta name=\"twitter:label2\" content=\"Tiempo de lectura\">\n\t<meta name=\"twitter:data2\" content=\"2 minutos\">\n<script type=\"application\/ld+json\" class=\"yoast-schema-graph\">{\"@context\":\"https:\/\/schema.org\",\"@graph\":[{\"@type\":\"Organization\",\"@id\":\"https:\/\/cybercaze.com\/#organization\",\"name\":\"Cybercaze\",\"url\":\"https:\/\/cybercaze.com\/\",\"sameAs\":[],\"logo\":{\"@type\":\"ImageObject\",\"@id\":\"https:\/\/cybercaze.com\/#logo\",\"inLanguage\":\"es\",\"url\":\"https:\/\/cybercaze.com\/wp-content\/uploads\/2023\/12\/logo-grande.png\",\"width\":2000,\"height\":4080,\"caption\":\"Cybercaze\"},\"image\":{\"@id\":\"https:\/\/cybercaze.com\/#logo\"}},{\"@type\":\"WebSite\",\"@id\":\"https:\/\/cybercaze.com\/#website\",\"url\":\"https:\/\/cybercaze.com\/\",\"name\":\"cybercaze\",\"description\":\"Tienda en l\\u00ednea para productos de tecnolog\\u00eda, equipos y accesorios\",\"publisher\":{\"@id\":\"https:\/\/cybercaze.com\/#organization\"},\"potentialAction\":[{\"@type\":\"SearchAction\",\"target\":\"https:\/\/cybercaze.com\/?s={search_term_string}\",\"query-input\":\"required name=search_term_string\"}],\"inLanguage\":\"es\"},{\"@type\":\"ImageObject\",\"@id\":\"https:\/\/cybercaze.com\/index.php\/producto\/hp-laptop-ultraligera-14-pulgadas\/#primaryimage\",\"inLanguage\":\"es\",\"url\":\"https:\/\/cybercaze.com\/wp-content\/uploads\/2024\/01\/hp14pul1.jpg\",\"width\":679,\"height\":470,\"caption\":\"Port\\u00e1til ultraligero de 14\\\"\"},{\"@type\":\"WebPage\",\"@id\":\"https:\/\/cybercaze.com\/index.php\/producto\/hp-laptop-ultraligera-14-pulgadas\/#webpage\",\"url\":\"https:\/\/cybercaze.com\/index.php\/producto\/hp-laptop-ultraligera-14-pulgadas\/\",\"name\":\"Port\\u00e1til ultraligero de 14 pulgadas para estudiantes y negocios\",\"isPartOf\":{\"@id\":\"https:\/\/cybercaze.com\/#website\"},\"primaryImageOfPage\":{\"@id\":\"https:\/\/cybercaze.com\/index.php\/producto\/hp-laptop-ultraligera-14-pulgadas\/#primaryimage\"},\"datePublished\":\"2024-01-31T15:08:20+00:00\",\"dateModified\":\"2024-02-15T01:21:07+00:00\",\"description\":\"Port\\u00e1til ultraligero de 14 pulgadas, descubre la revoluci\\u00f3n port\\u00e1til: HP Laptop Ultraligera 14\\\". Potencia, ideal para negocios y estudio\",\"inLanguage\":\"es\",\"potentialAction\":[{\"@type\":\"ReadAction\",\"target\":[\"https:\/\/cybercaze.com\/index.php\/producto\/hp-laptop-ultraligera-14-pulgadas\/\"]}]}]}<\/script>\n<!-- \/ Yoast SEO Premium plugin. -->","_links":{"self":[{"href":"https:\/\/cybercaze.com\/index.php\/wp-json\/wp\/v2\/product\/216852"}],"collection":[{"href":"https:\/\/cybercaze.com\/index.php\/wp-json\/wp\/v2\/product"}],"about":[{"href":"https:\/\/cybercaze.com\/index.php\/wp-json\/wp\/v2\/types\/product"}],"replies":[{"embeddable":true,"href":"https:\/\/cybercaze.com\/index.php\/wp-json\/wp\/v2\/comments?post=216852"}],"wp:featuredmedia":[{"embeddable":true,"href":"https:\/\/cybercaze.com\/index.php\/wp-json\/wp\/v2\/media\/216853"}],"wp:attachment":[{"href":"https:\/\/cybercaze.com\/index.php\/wp-json\/wp\/v2\/media?parent=216852"}],"wp:term":[{"taxonomy":"product_cat","embeddable":true,"href":"https:\/\/cybercaze.com\/index.php\/wp-json\/wp\/v2\/product_cat?post=216852"},{"taxonomy":"product_tag","embeddable":true,"href":"https:\/\/cybercaze.com\/index.php\/wp-json\/wp\/v2\/product_tag?post=216852"}],"curies":[{"name":"wp","href":"https:\/\/api.w.org\/{rel}","templated":true}]}}