{"id":216779,"date":"2024-01-29T16:34:25","date_gmt":"2024-01-29T21:34:25","guid":{"rendered":"https:\/\/cybercaze.com\/?post_type=product&#038;p=216779"},"modified":"2024-02-03T15:57:27","modified_gmt":"2024-02-03T20:57:27","slug":"tozo-ht2-auriculares-hibridos","status":"publish","type":"product","link":"https:\/\/cybercaze.com\/index.php\/producto\/tozo-ht2-auriculares-hibridos\/","title":{"rendered":"TOZO HT2 Auriculares h\u00edbridos cancelaci\u00f3n de ruido"},"content":{"rendered":"<p>[et_pb_section fb_built=&#8221;1&#8243; _builder_version=&#8221;4.23.4&#8243; background_color=&#8221;RGBA(255,255,255,0)&#8221; use_background_color_gradient=&#8221;off&#8221; custom_padding=&#8221;0px||||false|false&#8221; global_colors_info=&#8221;{}&#8221;][et_pb_row _builder_version=&#8221;4.16&#8243; background_size=&#8221;initial&#8221; background_position=&#8221;top_left&#8221; background_repeat=&#8221;repeat&#8221; width=&#8221;100%&#8221; custom_padding=&#8221;0px||0px||false|false&#8221; global_colors_info=&#8221;{}&#8221;][et_pb_column type=&#8221;4_4&#8243; _builder_version=&#8221;4.16&#8243; custom_padding=&#8221;|||&#8221; global_colors_info=&#8221;{}&#8221; custom_padding__hover=&#8221;|||&#8221;][et_pb_wc_breadcrumb _builder_version=&#8221;4.22.2&#8243; body_font=&#8221;Rajdhani|600|||||||&#8221; body_text_color=&#8221;#45637F&#8221; body_font_size=&#8221;15px&#8221; global_colors_info=&#8221;{}&#8221;][\/et_pb_wc_breadcrumb][\/et_pb_column][\/et_pb_row][et_pb_row column_structure=&#8221;1_2,1_2&#8243; _builder_version=&#8221;4.16&#8243; background_size=&#8221;initial&#8221; background_position=&#8221;top_left&#8221; background_repeat=&#8221;repeat&#8221; width=&#8221;100%&#8221; custom_padding=&#8221;0px||47px||false|false&#8221; global_colors_info=&#8221;{}&#8221;][et_pb_column type=&#8221;1_2&#8243; _builder_version=&#8221;4.16&#8243; custom_padding=&#8221;|||&#8221; global_colors_info=&#8221;{}&#8221; custom_padding__hover=&#8221;|||&#8221;][et_pb_wc_images _builder_version=&#8221;4.24.0&#8243; sale_badge_font=&#8221;Rajdhani||||||||&#8221; link_option_url=&#8221;https:\/\/amzn.to\/3vVKcXO&#8221; link_option_url_new_window=&#8221;on&#8221; global_colors_info=&#8221;{}&#8221;][\/et_pb_wc_images][\/et_pb_column][et_pb_column type=&#8221;1_2&#8243; _builder_version=&#8221;4.16&#8243; custom_padding=&#8221;|||&#8221; global_colors_info=&#8221;{}&#8221; custom_padding__hover=&#8221;|||&#8221;][et_pb_wc_title _builder_version=&#8221;4.22.2&#8243; header_font=&#8221;Rajdhani|700|||||||&#8221; header_text_color=&#8221;#45637F&#8221; global_colors_info=&#8221;{}&#8221;][\/et_pb_wc_title][et_pb_wc_rating _builder_version=&#8221;4.22.2&#8243; rating_text_color=&#8221;#88C5FE&#8221; global_colors_info=&#8221;{}&#8221;][\/et_pb_wc_rating][et_pb_wc_price _builder_version=&#8221;4.23.1&#8243; body_font=&#8221;Rajdhani|700|||||||&#8221; body_text_color=&#8221;#45637F&#8221; global_colors_info=&#8221;{}&#8221;][\/et_pb_wc_price][et_pb_button button_url=&#8221;https:\/\/amzn.to\/3vVKcXO&#8221; url_new_window=&#8221;on&#8221; button_text=&#8221;Comprar en amazon&#8221; _builder_version=&#8221;4.24.0&#8243; _module_preset=&#8221;default&#8221; custom_button=&#8221;on&#8221; button_text_color=&#8221;#FFFFFF&#8221; button_bg_color=&#8221;#45637F&#8221; button_font=&#8221;Rajdhani||||||||&#8221; button_icon=&#8221;&#xf270;||fa||400&#8243; global_colors_info=&#8221;{}&#8221;][\/et_pb_button][et_pb_wc_description _builder_version=&#8221;4.24.0&#8243; _module_preset=&#8221;default&#8221; global_colors_info=&#8221;{}&#8221;][\/et_pb_wc_description][et_pb_button button_url=&#8221;https:\/\/amzn.to\/3vVKcXO&#8221; url_new_window=&#8221;on&#8221; button_text=&#8221;Comprar en amazon&#8221; _builder_version=&#8221;4.24.0&#8243; _module_preset=&#8221;default&#8221; custom_button=&#8221;on&#8221; button_text_color=&#8221;#FFFFFF&#8221; button_bg_color=&#8221;#45637F&#8221; button_font=&#8221;Rajdhani||||||||&#8221; button_icon=&#8221;&#xf270;||fa||400&#8243; global_colors_info=&#8221;{}&#8221;][\/et_pb_button][\/et_pb_column][\/et_pb_row][\/et_pb_section][et_pb_section fb_built=&#8221;1&#8243; _builder_version=&#8221;4.24.0&#8243; _module_preset=&#8221;default&#8221; background_color=&#8221;RGBA(255,255,255,0)&#8221; use_background_color_gradient=&#8221;off&#8221; global_colors_info=&#8221;{}&#8221;][et_pb_row _builder_version=&#8221;4.24.0&#8243; _module_preset=&#8221;default&#8221; global_colors_info=&#8221;{}&#8221;][et_pb_column type=&#8221;4_4&#8243; _builder_version=&#8221;4.24.0&#8243; _module_preset=&#8221;default&#8221; global_colors_info=&#8221;{}&#8221;][et_pb_wc_related_products _builder_version=&#8221;4.24.0&#8243; _module_preset=&#8221;default&#8221; global_colors_info=&#8221;{}&#8221;][\/et_pb_wc_related_products][\/et_pb_column][\/et_pb_row][\/et_pb_section]<\/p>\n","protected":false},"excerpt":{"rendered":"<ul>\n<li style=\"list-style-type: none;\">\n<ul class=\"a-unordered-list a-vertical a-spacing-mini\">\n<li class=\"a-spacing-mini\">\n<div id=\"productOverview_feature_div\" class=\"celwidget\" data-feature-name=\"productOverview\" data-csa-c-type=\"widget\" data-csa-c-content-id=\"productOverview\" data-csa-c-slot-id=\"productOverview_feature_div\" data-csa-c-asin=\"B07KY8G9NM\" data-csa-c-is-in-initial-active-row=\"false\" data-csa-c-id=\"qrbywg-qduwmz-t1bqs2-6rjd0g\" data-cel-widget=\"productOverview_feature_div\">\n<div class=\"a-section a-spacing-small a-spacing-top-small\">\n<table class=\"a-normal a-spacing-micro\">\n<tbody>\n<tr class=\"a-spacing-small po-brand\">\n<td class=\"a-span3\"><span class=\"a-size-base a-text-bold\">Marca<\/span><\/td>\n<td class=\"a-span9\"><span class=\"a-size-base po-break-word\">TOZO<\/span><\/td>\n<\/tr>\n<tr class=\"a-spacing-small po-model_name\">\n<td class=\"a-span3\"><span class=\"a-size-base a-text-bold\">Nombre del modelo<\/span><\/td>\n<td class=\"a-span9\"><span class=\"a-size-base po-break-word\">HT2<\/span><\/td>\n<\/tr>\n<tr class=\"a-spacing-small po-color\">\n<td class=\"a-span3\"><span class=\"a-size-base a-text-bold\">Color<\/span><\/td>\n<td class=\"a-span9\"><span class=\"a-size-base po-break-word\">Negro &#8211;<\/span><\/td>\n<\/tr>\n<tr class=\"a-spacing-small po-headphones_form_factor\">\n<td class=\"a-span3\"><span class=\"a-size-base a-text-bold\">Factor de forma<\/span><\/td>\n<td class=\"a-span9\"><span class=\"a-size-base po-break-word\">Por Arriba de la Oreja<\/span><\/td>\n<\/tr>\n<tr class=\"a-spacing-small po-connectivity_technology\">\n<td class=\"a-span3\"><span class=\"a-size-base a-text-bold\">Tecnolog\u00eda de conectividad<\/span><\/td>\n<td class=\"a-span9\"><span class=\"a-size-base po-break-word\">\ud83d\udd25 Auriculares Bluetooth<\/span><\/td>\n<\/tr>\n<\/tbody>\n<\/table>\n<\/div>\n<\/div>\n<div id=\"featurebullets_feature_div\" class=\"celwidget\" data-feature-name=\"featurebullets\" data-csa-c-type=\"widget\" data-csa-c-content-id=\"featurebullets\" data-csa-c-slot-id=\"featurebullets_feature_div\" data-csa-c-asin=\"B07KY8G9NM\" data-csa-c-is-in-initial-active-row=\"false\" data-csa-c-id=\"21cvf6-w991yi-br5q5w-gzwqtk\" data-cel-widget=\"featurebullets_feature_div\">\n<div id=\"feature-bullets\" class=\"a-section a-spacing-medium a-spacing-top-small\">\n<hr \/>\n<h1 class=\"a-size-base-plus a-text-bold\">Sobre este art\u00edculo<\/h1>\n<ul class=\"a-unordered-list a-vertical a-spacing-mini\">\n<li class=\"a-spacing-mini\"><span class=\"a-list-item\">Cancelaci\u00f3n de ruido ANC y ENC: con un algoritmo ANC h\u00edbrido y 3 micr\u00f3fonos ANC, TOZO HT2 ofrece un control de ruido excepcional en un amplio rango de frecuencias. Ya sea el rugido de los motores de avi\u00f3n, el ruido del metro o la charla de oficina, minimiza eficazmente la interferencia de ruido, asegurando una experiencia auditiva sin igual. Adem\u00e1s, la excelente cancelaci\u00f3n de ruido de llamadas ENC le permite hablar claramente incluso en calles ruidosas.<\/span><\/li>\n<li class=\"a-spacing-mini\"><span class=\"a-list-item\">[Hasta 60 horas de tiempo de reproducci\u00f3n] Con hasta 60 horas de tiempo de escucha de nuestros auriculares sobre la oreja en modo ANC OFF, el triple que otros auriculares Bluetooth. Una sola carga te da suficiente jugo para escuchar m\u00e1s de 700 canciones o banda sonora de m\u00faltiples vuelos de larga distancia. Tambi\u00e9n est\u00e1 equipado con un cable de audio de 0.138 in, puede pasar sin esfuerzo a un modo con cable cuando la bater\u00eda se ha agotado, lo que garantiza una escucha ininterrumpida.<\/span><\/li>\n<li class=\"a-spacing-mini\"><span class=\"a-list-item\">[Conexiones tanto por cable como inal\u00e1mbricas] Equipado con controladores duales de 1.575 pulgadas, TOZO HT2 te ofrece un sonido de audio de alta resoluci\u00f3n superior con unos graves profundos bien equilibrados, te hacen tener una mejor experiencia auditiva. Adem\u00e1s, rompe el m\u00e9todo de conexi\u00f3n \u00fanica, admite conexi\u00f3n inal\u00e1mbrica y cableada. Con conexi\u00f3n por cable, los controladores din\u00e1micos de 1.575 in de gran tama\u00f1o personalizados producen un sonido de alta resoluci\u00f3n para una claridad y detalle extraordinarios.<\/span><\/li>\n<li class=\"a-spacing-mini\"><span class=\"a-list-item\">[Comodidad durante todo el d\u00eda y dise\u00f1o ajustable] TOZO HT2 utiliza auriculares de cuero proteico ultra suave, lo que te permite usarlos durante mucho tiempo sin sentirte inc\u00f3modo. Las orejeras tambi\u00e9n pueden ajustar autom\u00e1ticamente el \u00e1ngulo para adaptarse a los usuarios con diferentes formas de cabeza. Convirti\u00e9ndolos en los auriculares ideales para trabajar desde casa o ver tu pel\u00edcula favorita.<\/span><\/li>\n<li class=\"a-spacing-mini\"><span class=\"a-list-item\">Dise\u00f1o plegable: el dise\u00f1o plegable y ligero te permite plegar y colocar los auriculares en cualquier lugar, puedes plegar f\u00e1cilmente los auriculares en bolsas de transporte y fundas de viaje, ocupando menos espacio en tu mochila, que son perfectos para viajes, deportes y uso diario.<\/span><\/li>\n<li class=\"a-spacing-mini\"><span class=\"a-list-item\">[Aplicaci\u00f3n TOZO inteligente] Disfruta de diferentes estilos de m\u00fasica con la aplicaci\u00f3n TOZO y ofrece una selecci\u00f3n variada de ecualizadores para adaptar el sonido a tus preferencias. Con la comodidad de la aplicaci\u00f3n TOZO puedes cambiar f\u00e1cilmente entre diferentes ecualizadores y disfrutar de tu m\u00fasica favorita en cualquier momento y en cualquier lugar para la mejor experiencia de escucha personalizada.<\/span><\/li>\n<\/ul>\n<\/div>\n<\/div>\n<\/li>\n<\/ul>\n<\/li>\n<\/ul>\n","protected":false},"featured_media":216800,"comment_status":"open","ping_status":"closed","template":"","meta":{"_et_pb_use_builder":"on","_et_pb_old_content":"","_et_gb_content_width":""},"product_cat":[55,17],"product_tag":[],"yoast_head":"<!-- This site is optimized with the Yoast SEO Premium plugin v15.4 - https:\/\/yoast.com\/wordpress\/plugins\/seo\/ -->\n<title>TOZO HT2 Auriculares h\u00edbridos cancelaci\u00f3n de ruido<\/title>\n<meta name=\"description\" content=\"Sum\u00e9rgete en la perfecci\u00f3n sonora: auriculares inal\u00e1mbricos con cancelaci\u00f3n de ruido. Disfruta de la m\u00fasica sin l\u00edmites, sin distracciones. \u00a1Vive la experiencia auditiva definitiva.\" \/>\n<meta name=\"robots\" content=\"index, follow, max-snippet:-1, max-image-preview:large, max-video-preview:-1\" \/>\n<link rel=\"canonical\" href=\"https:\/\/cybercaze.com\/index.php\/producto\/tozo-ht2-auriculares-hibridos\/\" \/>\n<meta property=\"og:locale\" content=\"es_ES\" \/>\n<meta property=\"og:type\" content=\"article\" \/>\n<meta property=\"og:title\" content=\"TOZO HT2 Auriculares h\u00edbridos cancelaci\u00f3n de ruido\" \/>\n<meta property=\"og:description\" content=\"Sum\u00e9rgete en la perfecci\u00f3n sonora: auriculares inal\u00e1mbricos con cancelaci\u00f3n de ruido. Disfruta de la m\u00fasica sin l\u00edmites, sin distracciones. \u00a1Vive la experiencia auditiva definitiva.\" \/>\n<meta property=\"og:url\" content=\"https:\/\/cybercaze.com\/index.php\/producto\/tozo-ht2-auriculares-hibridos\/\" \/>\n<meta property=\"og:site_name\" content=\"cybercaze\" \/>\n<meta property=\"article:modified_time\" content=\"2024-02-03T20:57:27+00:00\" \/>\n<meta property=\"og:image\" content=\"https:\/\/cybercaze.com\/wp-content\/uploads\/2024\/01\/tozoarreglado.png\" \/>\n\t<meta property=\"og:image:width\" content=\"679\" \/>\n\t<meta property=\"og:image:height\" content=\"501\" \/>\n<meta name=\"twitter:card\" content=\"summary_large_image\" \/>\n<meta name=\"twitter:label1\" content=\"Escrito por\">\n\t<meta name=\"twitter:data1\" content=\"Luis F lopez\">\n\t<meta name=\"twitter:label2\" content=\"Tiempo de lectura\">\n\t<meta name=\"twitter:data2\" content=\"2 minutos\">\n<script type=\"application\/ld+json\" class=\"yoast-schema-graph\">{\"@context\":\"https:\/\/schema.org\",\"@graph\":[{\"@type\":\"Organization\",\"@id\":\"https:\/\/cybercaze.com\/#organization\",\"name\":\"Cybercaze\",\"url\":\"https:\/\/cybercaze.com\/\",\"sameAs\":[],\"logo\":{\"@type\":\"ImageObject\",\"@id\":\"https:\/\/cybercaze.com\/#logo\",\"inLanguage\":\"es\",\"url\":\"https:\/\/cybercaze.com\/wp-content\/uploads\/2023\/12\/logo-grande.png\",\"width\":2000,\"height\":4080,\"caption\":\"Cybercaze\"},\"image\":{\"@id\":\"https:\/\/cybercaze.com\/#logo\"}},{\"@type\":\"WebSite\",\"@id\":\"https:\/\/cybercaze.com\/#website\",\"url\":\"https:\/\/cybercaze.com\/\",\"name\":\"cybercaze\",\"description\":\"Tienda en l\\u00ednea para productos de tecnolog\\u00eda, equipos y accesorios\",\"publisher\":{\"@id\":\"https:\/\/cybercaze.com\/#organization\"},\"potentialAction\":[{\"@type\":\"SearchAction\",\"target\":\"https:\/\/cybercaze.com\/?s={search_term_string}\",\"query-input\":\"required name=search_term_string\"}],\"inLanguage\":\"es\"},{\"@type\":\"ImageObject\",\"@id\":\"https:\/\/cybercaze.com\/index.php\/producto\/tozo-ht2-auriculares-hibridos\/#primaryimage\",\"inLanguage\":\"es\",\"url\":\"https:\/\/cybercaze.com\/wp-content\/uploads\/2024\/01\/tozoarreglado.png\",\"width\":679,\"height\":501},{\"@type\":\"WebPage\",\"@id\":\"https:\/\/cybercaze.com\/index.php\/producto\/tozo-ht2-auriculares-hibridos\/#webpage\",\"url\":\"https:\/\/cybercaze.com\/index.php\/producto\/tozo-ht2-auriculares-hibridos\/\",\"name\":\"TOZO HT2 Auriculares h\\u00edbridos cancelaci\\u00f3n de ruido\",\"isPartOf\":{\"@id\":\"https:\/\/cybercaze.com\/#website\"},\"primaryImageOfPage\":{\"@id\":\"https:\/\/cybercaze.com\/index.php\/producto\/tozo-ht2-auriculares-hibridos\/#primaryimage\"},\"datePublished\":\"2024-01-29T21:34:25+00:00\",\"dateModified\":\"2024-02-03T20:57:27+00:00\",\"description\":\"Sum\\u00e9rgete en la perfecci\\u00f3n sonora: auriculares inal\\u00e1mbricos con cancelaci\\u00f3n de ruido. Disfruta de la m\\u00fasica sin l\\u00edmites, sin distracciones. \\u00a1Vive la experiencia auditiva definitiva.\",\"inLanguage\":\"es\",\"potentialAction\":[{\"@type\":\"ReadAction\",\"target\":[\"https:\/\/cybercaze.com\/index.php\/producto\/tozo-ht2-auriculares-hibridos\/\"]}]}]}<\/script>\n<!-- \/ Yoast SEO Premium plugin. -->","_links":{"self":[{"href":"https:\/\/cybercaze.com\/index.php\/wp-json\/wp\/v2\/product\/216779"}],"collection":[{"href":"https:\/\/cybercaze.com\/index.php\/wp-json\/wp\/v2\/product"}],"about":[{"href":"https:\/\/cybercaze.com\/index.php\/wp-json\/wp\/v2\/types\/product"}],"replies":[{"embeddable":true,"href":"https:\/\/cybercaze.com\/index.php\/wp-json\/wp\/v2\/comments?post=216779"}],"wp:featuredmedia":[{"embeddable":true,"href":"https:\/\/cybercaze.com\/index.php\/wp-json\/wp\/v2\/media\/216800"}],"wp:attachment":[{"href":"https:\/\/cybercaze.com\/index.php\/wp-json\/wp\/v2\/media?parent=216779"}],"wp:term":[{"taxonomy":"product_cat","embeddable":true,"href":"https:\/\/cybercaze.com\/index.php\/wp-json\/wp\/v2\/product_cat?post=216779"},{"taxonomy":"product_tag","embeddable":true,"href":"https:\/\/cybercaze.com\/index.php\/wp-json\/wp\/v2\/product_tag?post=216779"}],"curies":[{"name":"wp","href":"https:\/\/api.w.org\/{rel}","templated":true}]}}