{"id":216765,"date":"2024-01-29T16:20:36","date_gmt":"2024-01-29T21:20:36","guid":{"rendered":"https:\/\/cybercaze.com\/?post_type=product&#038;p=216765"},"modified":"2024-02-03T10:31:50","modified_gmt":"2024-02-03T15:31:50","slug":"dark-rock-pro-5-enfriador","status":"publish","type":"product","link":"https:\/\/cybercaze.com\/index.php\/producto\/dark-rock-pro-5-enfriador\/","title":{"rendered":"Dark Rock Pro 5 Enfriador silencioso de CPU"},"content":{"rendered":"<p>[et_pb_section fb_built=&#8221;1&#8243; _builder_version=&#8221;4.23.1&#8243; background_color=&#8221;RGBA(255,255,255,0)&#8221; use_background_color_gradient=&#8221;off&#8221; custom_padding=&#8221;0px||||false|false&#8221; global_colors_info=&#8221;{}&#8221;][et_pb_row _builder_version=&#8221;4.16&#8243; background_size=&#8221;initial&#8221; background_position=&#8221;top_left&#8221; background_repeat=&#8221;repeat&#8221; width=&#8221;100%&#8221; custom_padding=&#8221;0px||0px||false|false&#8221; global_colors_info=&#8221;{}&#8221;][et_pb_column type=&#8221;4_4&#8243; _builder_version=&#8221;4.16&#8243; custom_padding=&#8221;|||&#8221; global_colors_info=&#8221;{}&#8221; custom_padding__hover=&#8221;|||&#8221;][et_pb_wc_breadcrumb _builder_version=&#8221;4.22.2&#8243; body_font=&#8221;Rajdhani|600|||||||&#8221; body_text_color=&#8221;#45637F&#8221; body_font_size=&#8221;15px&#8221; global_colors_info=&#8221;{}&#8221;][\/et_pb_wc_breadcrumb][\/et_pb_column][\/et_pb_row][et_pb_row column_structure=&#8221;1_2,1_2&#8243; _builder_version=&#8221;4.16&#8243; background_size=&#8221;initial&#8221; background_position=&#8221;top_left&#8221; background_repeat=&#8221;repeat&#8221; width=&#8221;100%&#8221; custom_padding=&#8221;0px||47px||false|false&#8221; global_colors_info=&#8221;{}&#8221;][et_pb_column type=&#8221;1_2&#8243; _builder_version=&#8221;4.16&#8243; custom_padding=&#8221;|||&#8221; global_colors_info=&#8221;{}&#8221; custom_padding__hover=&#8221;|||&#8221;][et_pb_wc_images _builder_version=&#8221;4.24.0&#8243; sale_badge_font=&#8221;Rajdhani||||||||&#8221; link_option_url=&#8221;https:\/\/amzn.to\/3Sz4XkO&#8221; global_colors_info=&#8221;{}&#8221;][\/et_pb_wc_images][\/et_pb_column][et_pb_column type=&#8221;1_2&#8243; _builder_version=&#8221;4.16&#8243; custom_padding=&#8221;|||&#8221; global_colors_info=&#8221;{}&#8221; custom_padding__hover=&#8221;|||&#8221;][et_pb_wc_title _builder_version=&#8221;4.22.2&#8243; header_font=&#8221;Rajdhani|700|||||||&#8221; header_text_color=&#8221;#45637F&#8221; global_colors_info=&#8221;{}&#8221;][\/et_pb_wc_title][et_pb_wc_rating _builder_version=&#8221;4.22.2&#8243; rating_text_color=&#8221;#88C5FE&#8221; global_colors_info=&#8221;{}&#8221;][\/et_pb_wc_rating][et_pb_button button_url=&#8221;https:\/\/amzn.to\/3Sz4XkO&#8221; url_new_window=&#8221;on&#8221; button_text=&#8221;Comprar en amazon&#8221; _builder_version=&#8221;4.24.0&#8243; _module_preset=&#8221;default&#8221; custom_button=&#8221;on&#8221; button_text_color=&#8221;#FFFFFF&#8221; button_bg_color=&#8221;#45637F&#8221; button_font=&#8221;Rajdhani||||||||&#8221; button_icon=&#8221;&#xf270;||fa||400&#8243; global_colors_info=&#8221;{}&#8221;][\/et_pb_button][et_pb_wc_description _builder_version=&#8221;4.24.0&#8243; _module_preset=&#8221;default&#8221; global_colors_info=&#8221;{}&#8221;][\/et_pb_wc_description][et_pb_button button_url=&#8221;https:\/\/amzn.to\/3Sz4XkO&#8221; url_new_window=&#8221;on&#8221; button_text=&#8221;Comprar en amazon&#8221; _builder_version=&#8221;4.24.0&#8243; _module_preset=&#8221;default&#8221; custom_button=&#8221;on&#8221; button_text_color=&#8221;#FFFFFF&#8221; button_bg_color=&#8221;#45637F&#8221; button_font=&#8221;Rajdhani||||||||&#8221; button_icon=&#8221;&#xf270;||fa||400&#8243; global_colors_info=&#8221;{}&#8221;][\/et_pb_button][\/et_pb_column][\/et_pb_row][\/et_pb_section][et_pb_section fb_built=&#8221;1&#8243; _builder_version=&#8221;4.24.0&#8243; _module_preset=&#8221;default&#8221; background_color=&#8221;RGBA(255,255,255,0)&#8221; use_background_color_gradient=&#8221;off&#8221; global_colors_info=&#8221;{}&#8221;][et_pb_row _builder_version=&#8221;4.24.0&#8243; _module_preset=&#8221;default&#8221; global_colors_info=&#8221;{}&#8221;][et_pb_column type=&#8221;4_4&#8243; _builder_version=&#8221;4.24.0&#8243; _module_preset=&#8221;default&#8221; global_colors_info=&#8221;{}&#8221;][et_pb_wc_related_products _builder_version=&#8221;4.24.0&#8243; _module_preset=&#8221;default&#8221; global_colors_info=&#8221;{}&#8221;][\/et_pb_wc_related_products][\/et_pb_column][\/et_pb_row][\/et_pb_section]<\/p>\n","protected":false},"excerpt":{"rendered":"<ul class=\"a-unordered-list a-vertical a-spacing-mini\">\n<li class=\"a-spacing-mini\">\n<div id=\"poExpander\" class=\"a-expander-collapsed-height a-row a-expander-container a-spacing-none a-expander-partial-collapse-container\" data-a-expander-name=\"product_overview\" data-a-expander-collapsed-height=\"210\">\n<div class=\"a-expander-content a-expander-partial-collapse-content\" aria-expanded=\"false\">\n<div class=\"a-section a-spacing-small a-spacing-top-small\">\n<div id=\"productOverview_feature_div\" class=\"celwidget\" data-feature-name=\"productOverview\" data-csa-c-type=\"widget\" data-csa-c-content-id=\"productOverview\" data-csa-c-slot-id=\"productOverview_feature_div\" data-csa-c-asin=\"B0CJY3DYQ3\" data-csa-c-is-in-initial-active-row=\"false\" data-csa-c-id=\"mj8kr8-fdxzhb-kexktc-h9096o\" data-cel-widget=\"productOverview_feature_div\">\n<div id=\"poExpander\" class=\"a-expander-collapsed-height a-row a-expander-container a-spacing-none a-expander-partial-collapse-container\" data-a-expander-name=\"product_overview\" data-a-expander-collapsed-height=\"210\">\n<div class=\"a-expander-content a-expander-partial-collapse-content\" aria-expanded=\"false\">\n<div class=\"a-section a-spacing-small a-spacing-top-small\">\n<table class=\"a-normal a-spacing-micro\">\n<tbody>\n<tr class=\"a-spacing-small po-item_length_width_height\">\n<td class=\"a-span3\"><span class=\"a-size-base a-text-bold\">Dimensiones del producto<\/span><\/td>\n<td class=\"a-span9\"><span class=\"a-size-base po-break-word\">3,94&#8243;l. x 1,97&#8243;an. x 0,5&#8243;al. pulgadas<\/span><\/td>\n<\/tr>\n<tr class=\"a-spacing-small po-brand\">\n<td class=\"a-span3\"><span class=\"a-size-base a-text-bold\">Marca<\/span><\/td>\n<td class=\"a-span9\"><span class=\"a-size-base po-break-word\">be quiet!<\/span><\/td>\n<\/tr>\n<tr class=\"a-spacing-small po-power_connector_type\">\n<td class=\"a-span3\"><span class=\"a-size-base a-text-bold\">Tipo de conector de alimentaci\u00f3n<\/span><\/td>\n<td class=\"a-span9\"><span class=\"a-size-base po-break-word\">4 pines<\/span><\/td>\n<\/tr>\n<tr class=\"a-spacing-small po-voltage\">\n<td class=\"a-span3\"><span class=\"a-size-base a-text-bold\">Voltaje<\/span><\/td>\n<td class=\"a-span9\"><span class=\"a-size-base po-break-word\">12<\/span><\/td>\n<\/tr>\n<tr class=\"a-spacing-small po-wattage\">\n<td class=\"a-span3\"><span class=\"a-size-base a-text-bold\">Potencia<\/span><\/td>\n<td class=\"a-span9\"><span class=\"a-size-base po-break-word\">3.36 vatios<\/span><\/td>\n<\/tr>\n<tr class=\"a-spacing-small po-cooling_method\">\n<td class=\"a-span3\"><span class=\"a-size-base a-text-bold\">M\u00e9todo de refrigeraci\u00f3n<\/span><\/td>\n<td class=\"a-span9\"><span class=\"a-size-base po-break-word\">Aire<\/span><\/td>\n<\/tr>\n<tr class=\"a-spacing-small po-compatible_devices\">\n<td class=\"a-span3\"><span class=\"a-size-base a-text-bold\">Dispositivos compatibles<\/span><\/td>\n<td class=\"a-span9\"><span class=\"a-size-base po-break-word\">Escritorio<\/span><\/td>\n<\/tr>\n<tr class=\"a-spacing-small po-maximum_rotational_speed\">\n<td class=\"a-span3\"><span class=\"a-size-base a-text-bold\">Velocidad m\u00e1xima de rotaci\u00f3n<\/span><\/td>\n<td class=\"a-span9\"><span class=\"a-size-base po-break-word\">1500 RPM<\/span><\/td>\n<\/tr>\n<\/tbody>\n<\/table>\n<\/div>\n<\/div>\n<div id=\"poToggleButton\" class=\"a-expander-header a-expander-partial-collapse-header\"><\/div>\n<\/div>\n<\/div>\n<div id=\"featurebullets_feature_div\" class=\"celwidget\" data-feature-name=\"featurebullets\" data-csa-c-type=\"widget\" data-csa-c-content-id=\"featurebullets\" data-csa-c-slot-id=\"featurebullets_feature_div\" data-csa-c-asin=\"B0CJY3DYQ3\" data-csa-c-is-in-initial-active-row=\"false\" data-csa-c-id=\"ryf3yw-7gh3ep-3cvp5p-idvi5l\" data-cel-widget=\"featurebullets_feature_div\">\n<div id=\"feature-bullets\" class=\"a-section a-spacing-medium a-spacing-top-small\">\n<h1 class=\"a-size-base-plus a-text-bold\">Sobre este art\u00edculo<\/h1>\n<ul class=\"a-unordered-list a-vertical a-spacing-mini\">\n<li class=\"a-spacing-mini\"><span class=\"a-list-item\">Dark Rock Pro 5 cuenta con 7 tubos de calor de cobre de alto rendimiento y un revestimiento negro especial con part\u00edculas de cer\u00e1mica. Este enfriador de CPU de alta gama alcanza bajas temperaturas incluso durante per\u00edodos de rendimiento m\u00e1ximo de CPU en sistemas fuertemente overclockeados.<\/span><\/li>\n<li class=\"a-spacing-mini\"><span class=\"a-list-item\">Los ventiladores PWM de 2 Silent Wings cuentan con rodamientos avanzados fluido-din\u00e1micos, motores suaves de 6 polos y aspas de ventilador optimizadas para el flujo de aire. El ventilador delantero proporciona una presi\u00f3n de aire extremadamente alta, gracias a una entrada de aire en forma de embudo en el marco. El montaje del ventilador desacoplado con elementos aislantes de vibraciones en el disipador de calor reduce la turbulencia generadora de ruido.<\/span><\/li>\n<li class=\"a-spacing-mini\"><span class=\"a-list-item\">Un interruptor de velocidad le permite elegir entre los modos silencioso y rendimiento, que controlan la velocidad m\u00e1xima del ventilador. El modo silencioso proporciona una velocidad m\u00e1xima del ventilador de hasta 1500 r\/min y es perfecto para aplicaciones normales. El modo de rendimiento permite a los fan\u00e1ticos de Silent Wings girar hasta 2000 r\/min y permite que Dark Rock Pro 5 desarrolle todo su potencial de potencia.<\/span><\/li>\n<li class=\"a-spacing-mini\"><span class=\"a-list-item\">Gracias a un dise\u00f1o inteligente, instalaci\u00f3n simple y elegante. La cubierta superior de malla desmontable con ventilador central integrado se inserta desde arriba. Un kit de montaje negro con un puente de montaje preinstalado y tornillos de fijaci\u00f3n combina perfectamente con el dise\u00f1o negro del refrigerador.<\/span><\/li>\n<li class=\"a-spacing-mini\"><span class=\"a-list-item\">Los enfriadores Dark Rock han sido reconocidos por su dise\u00f1o distintivo durante muchos a\u00f1os. Dark Rock Pro 5 contin\u00faa este dise\u00f1o ic\u00f3nico y puede ser reconocido como Dark Rock inmediatamente. Dark Rock Pro 5 a\u00f1ade sus propios acentos a la rica historia de be quiet! refrigeradores de alta gama.<\/span><\/li>\n<li class=\"a-spacing-mini\"><span class=\"a-list-item\">Gracias a una base niquelada, Dark Rock Pro 5 es compatible con grasa t\u00e9rmica met\u00e1lica l\u00edquida como DC2 Pro. Las propiedades del compuesto de metal l\u00edquido combinadas con Dark Rock Pro 5 permiten que las CPU de gama alta funcionen a niveles a\u00fan m\u00e1s altos.<\/span><\/li>\n<li class=\"a-spacing-mini\"><span class=\"a-list-item\">Dise\u00f1o alem\u00e1n I Ingenier\u00eda alemana I Calidad alemana I Rendimiento alem\u00e1n<\/span><\/li>\n<\/ul>\n<\/div>\n<\/div>\n<\/div>\n<\/div>\n<\/div>\n<\/li>\n<\/ul>\n","protected":false},"featured_media":216771,"comment_status":"open","ping_status":"closed","template":"","meta":{"_et_pb_use_builder":"on","_et_pb_old_content":"","_et_gb_content_width":""},"product_cat":[54],"product_tag":[],"yoast_head":"<!-- This site is optimized with the Yoast SEO Premium plugin v15.4 - https:\/\/yoast.com\/wordpress\/plugins\/seo\/ -->\n<title>Dark Rock Pro 5 Enfriador silencioso de CPU | cybercaze<\/title>\n<meta name=\"robots\" content=\"index, follow, max-snippet:-1, max-image-preview:large, max-video-preview:-1\" \/>\n<link rel=\"canonical\" href=\"https:\/\/cybercaze.com\/index.php\/producto\/dark-rock-pro-5-enfriador\/\" \/>\n<meta property=\"og:locale\" content=\"es_ES\" \/>\n<meta property=\"og:type\" content=\"article\" \/>\n<meta property=\"og:title\" content=\"Dark Rock Pro 5 Enfriador silencioso de CPU | cybercaze\" \/>\n<meta property=\"og:description\" content=\"Dimensiones del producto 3,94&quot;l. x 1,97&quot;an. x 0,5&quot;al. pulgadas   Marca be quiet!   Tipo de conector de alimentaci\u00f3n 4 pines   Voltaje 12   Potencia 3.36 vatios   M\u00e9todo de refrigeraci\u00f3n Aire   Dispositivos compatibles Escritorio   Velocidad m\u00e1xima de rotaci\u00f3n 1500 RPM           Sobre este art\u00edculo   Dark Rock Pro 5 cuenta con 7 tubos de calor de cobre de alto rendimiento y un revestimiento negro especial con part\u00edculas de cer\u00e1mica. Este enfriador de CPU de alta gama alcanza bajas temperaturas incluso durante per\u00edodos de rendimiento m\u00e1ximo de CPU en sistemas fuertemente overclockeados.  Los ventiladores PWM de 2 Silent Wings cuentan con rodamientos avanzados fluido-din\u00e1micos, motores suaves de 6 polos y aspas de ventilador optimizadas para el flujo de aire. El ventilador delantero proporciona una presi\u00f3n de aire extremadamente alta, gracias a una entrada de aire en forma de embudo en el marco. El montaje del ventilador desacoplado con elementos aislantes de vibraciones en el disipador de calor reduce la turbulencia generadora de ruido.  Un interruptor de velocidad le permite elegir entre los modos silencioso y rendimiento, que controlan la velocidad m\u00e1xima del ventilador. El modo silencioso proporciona una velocidad m\u00e1xima del ventilador de hasta 1500 r\/min y es perfecto para aplicaciones normales. El modo de rendimiento permite a los fan\u00e1ticos de Silent Wings girar hasta 2000 r\/min y permite que Dark Rock Pro 5 desarrolle todo su potencial de potencia.  Gracias a un dise\u00f1o inteligente, instalaci\u00f3n simple y elegante. La cubierta superior de malla desmontable con ventilador central integrado se inserta desde arriba. Un kit de montaje negro con un puente de montaje preinstalado y tornillos de fijaci\u00f3n combina perfectamente con el dise\u00f1o negro del refrigerador.  Los enfriadores Dark Rock han sido reconocidos por su dise\u00f1o distintivo durante muchos a\u00f1os. Dark Rock Pro 5 contin\u00faa este dise\u00f1o ic\u00f3nico y puede ser reconocido como Dark Rock inmediatamente. Dark Rock Pro 5 a\u00f1ade sus propios acentos a la rica historia de be quiet! refrigeradores de alta gama.  Gracias a una base niquelada, Dark Rock Pro 5 es compatible con grasa t\u00e9rmica met\u00e1lica l\u00edquida como DC2 Pro. Las propiedades del compuesto de metal l\u00edquido combinadas con Dark Rock Pro 5 permiten que las CPU de gama alta funcionen a niveles a\u00fan m\u00e1s altos.  Dise\u00f1o alem\u00e1n I Ingenier\u00eda alemana I Calidad alemana I Rendimiento alem\u00e1n\" \/>\n<meta property=\"og:url\" content=\"https:\/\/cybercaze.com\/index.php\/producto\/dark-rock-pro-5-enfriador\/\" \/>\n<meta property=\"og:site_name\" content=\"cybercaze\" \/>\n<meta property=\"article:modified_time\" content=\"2024-02-03T15:31:50+00:00\" \/>\n<meta property=\"og:image\" content=\"https:\/\/cybercaze.com\/wp-content\/uploads\/2024\/01\/darkpro7.jpg\" \/>\n\t<meta property=\"og:image:width\" content=\"1500\" \/>\n\t<meta property=\"og:image:height\" content=\"959\" \/>\n<meta name=\"twitter:card\" content=\"summary_large_image\" \/>\n<meta name=\"twitter:label1\" content=\"Escrito por\">\n\t<meta name=\"twitter:data1\" content=\"Luis F lopez\">\n\t<meta name=\"twitter:label2\" content=\"Tiempo de lectura\">\n\t<meta name=\"twitter:data2\" content=\"2 minutos\">\n<script type=\"application\/ld+json\" class=\"yoast-schema-graph\">{\"@context\":\"https:\/\/schema.org\",\"@graph\":[{\"@type\":\"Organization\",\"@id\":\"https:\/\/cybercaze.com\/#organization\",\"name\":\"Cybercaze\",\"url\":\"https:\/\/cybercaze.com\/\",\"sameAs\":[],\"logo\":{\"@type\":\"ImageObject\",\"@id\":\"https:\/\/cybercaze.com\/#logo\",\"inLanguage\":\"es\",\"url\":\"https:\/\/cybercaze.com\/wp-content\/uploads\/2023\/12\/logo-grande.png\",\"width\":2000,\"height\":4080,\"caption\":\"Cybercaze\"},\"image\":{\"@id\":\"https:\/\/cybercaze.com\/#logo\"}},{\"@type\":\"WebSite\",\"@id\":\"https:\/\/cybercaze.com\/#website\",\"url\":\"https:\/\/cybercaze.com\/\",\"name\":\"cybercaze\",\"description\":\"Tienda en l\\u00ednea para productos de tecnolog\\u00eda, equipos y accesorios\",\"publisher\":{\"@id\":\"https:\/\/cybercaze.com\/#organization\"},\"potentialAction\":[{\"@type\":\"SearchAction\",\"target\":\"https:\/\/cybercaze.com\/?s={search_term_string}\",\"query-input\":\"required name=search_term_string\"}],\"inLanguage\":\"es\"},{\"@type\":\"ImageObject\",\"@id\":\"https:\/\/cybercaze.com\/index.php\/producto\/dark-rock-pro-5-enfriador\/#primaryimage\",\"inLanguage\":\"es\",\"url\":\"https:\/\/cybercaze.com\/wp-content\/uploads\/2024\/01\/darkpro7.jpg\",\"width\":1500,\"height\":959},{\"@type\":\"WebPage\",\"@id\":\"https:\/\/cybercaze.com\/index.php\/producto\/dark-rock-pro-5-enfriador\/#webpage\",\"url\":\"https:\/\/cybercaze.com\/index.php\/producto\/dark-rock-pro-5-enfriador\/\",\"name\":\"Dark Rock Pro 5 Enfriador silencioso de CPU | cybercaze\",\"isPartOf\":{\"@id\":\"https:\/\/cybercaze.com\/#website\"},\"primaryImageOfPage\":{\"@id\":\"https:\/\/cybercaze.com\/index.php\/producto\/dark-rock-pro-5-enfriador\/#primaryimage\"},\"datePublished\":\"2024-01-29T21:20:36+00:00\",\"dateModified\":\"2024-02-03T15:31:50+00:00\",\"inLanguage\":\"es\",\"potentialAction\":[{\"@type\":\"ReadAction\",\"target\":[\"https:\/\/cybercaze.com\/index.php\/producto\/dark-rock-pro-5-enfriador\/\"]}]}]}<\/script>\n<!-- \/ Yoast SEO Premium plugin. -->","_links":{"self":[{"href":"https:\/\/cybercaze.com\/index.php\/wp-json\/wp\/v2\/product\/216765"}],"collection":[{"href":"https:\/\/cybercaze.com\/index.php\/wp-json\/wp\/v2\/product"}],"about":[{"href":"https:\/\/cybercaze.com\/index.php\/wp-json\/wp\/v2\/types\/product"}],"replies":[{"embeddable":true,"href":"https:\/\/cybercaze.com\/index.php\/wp-json\/wp\/v2\/comments?post=216765"}],"wp:featuredmedia":[{"embeddable":true,"href":"https:\/\/cybercaze.com\/index.php\/wp-json\/wp\/v2\/media\/216771"}],"wp:attachment":[{"href":"https:\/\/cybercaze.com\/index.php\/wp-json\/wp\/v2\/media?parent=216765"}],"wp:term":[{"taxonomy":"product_cat","embeddable":true,"href":"https:\/\/cybercaze.com\/index.php\/wp-json\/wp\/v2\/product_cat?post=216765"},{"taxonomy":"product_tag","embeddable":true,"href":"https:\/\/cybercaze.com\/index.php\/wp-json\/wp\/v2\/product_tag?post=216765"}],"curies":[{"name":"wp","href":"https:\/\/api.w.org\/{rel}","templated":true}]}}