{"id":216760,"date":"2024-01-29T16:11:30","date_gmt":"2024-01-29T21:11:30","guid":{"rendered":"https:\/\/cybercaze.com\/?post_type=product&#038;p=216760"},"modified":"2024-01-29T17:50:18","modified_gmt":"2024-01-29T22:50:18","slug":"arctic-liquid-freezer-ii-240-a-rgb-enfriador-de-agua-aio","status":"publish","type":"product","link":"https:\/\/cybercaze.com\/index.php\/producto\/arctic-liquid-freezer-ii-240-a-rgb-enfriador-de-agua-aio\/","title":{"rendered":"ARCTIC Liquid Freezer &#8211; Enfriador de agua AIO"},"content":{"rendered":"<p>[et_pb_section fb_built=&#8221;1&#8243; _builder_version=&#8221;4.23.1&#8243; background_color=&#8221;RGBA(255,255,255,0)&#8221; use_background_color_gradient=&#8221;off&#8221; custom_padding=&#8221;0px||||false|false&#8221; global_colors_info=&#8221;{}&#8221;][et_pb_row _builder_version=&#8221;4.16&#8243; background_size=&#8221;initial&#8221; background_position=&#8221;top_left&#8221; background_repeat=&#8221;repeat&#8221; width=&#8221;100%&#8221; custom_padding=&#8221;0px||0px||false|false&#8221; global_colors_info=&#8221;{}&#8221;][et_pb_column type=&#8221;4_4&#8243; _builder_version=&#8221;4.16&#8243; custom_padding=&#8221;|||&#8221; global_colors_info=&#8221;{}&#8221; custom_padding__hover=&#8221;|||&#8221;][et_pb_wc_breadcrumb _builder_version=&#8221;4.22.2&#8243; body_font=&#8221;Rajdhani|600|||||||&#8221; body_text_color=&#8221;#45637F&#8221; body_font_size=&#8221;15px&#8221; global_colors_info=&#8221;{}&#8221;][\/et_pb_wc_breadcrumb][\/et_pb_column][\/et_pb_row][et_pb_row column_structure=&#8221;1_2,1_2&#8243; _builder_version=&#8221;4.16&#8243; background_size=&#8221;initial&#8221; background_position=&#8221;top_left&#8221; background_repeat=&#8221;repeat&#8221; width=&#8221;100%&#8221; custom_padding=&#8221;0px||47px||false|false&#8221; global_colors_info=&#8221;{}&#8221;][et_pb_column type=&#8221;1_2&#8243; _builder_version=&#8221;4.16&#8243; custom_padding=&#8221;|||&#8221; global_colors_info=&#8221;{}&#8221; custom_padding__hover=&#8221;|||&#8221;][et_pb_wc_images _builder_version=&#8221;4.24.0&#8243; sale_badge_font=&#8221;Rajdhani||||||||&#8221; link_option_url=&#8221;https:\/\/amzn.to\/3HDDTus&#8221; global_colors_info=&#8221;{}&#8221;][\/et_pb_wc_images][\/et_pb_column][et_pb_column type=&#8221;1_2&#8243; _builder_version=&#8221;4.16&#8243; custom_padding=&#8221;|||&#8221; global_colors_info=&#8221;{}&#8221; custom_padding__hover=&#8221;|||&#8221;][et_pb_wc_title _builder_version=&#8221;4.22.2&#8243; header_font=&#8221;Rajdhani|700|||||||&#8221; header_text_color=&#8221;#45637F&#8221; global_colors_info=&#8221;{}&#8221;][\/et_pb_wc_title][et_pb_wc_rating _builder_version=&#8221;4.22.2&#8243; rating_text_color=&#8221;#88C5FE&#8221; global_colors_info=&#8221;{}&#8221;][\/et_pb_wc_rating][et_pb_button button_url=&#8221;https:\/\/amzn.to\/3HDDTus&#8221; url_new_window=&#8221;on&#8221; button_text=&#8221;Comprar en amazon&#8221; _builder_version=&#8221;4.24.0&#8243; _module_preset=&#8221;default&#8221; custom_button=&#8221;on&#8221; button_text_color=&#8221;#FFFFFF&#8221; button_bg_color=&#8221;#45637F&#8221; button_font=&#8221;Rajdhani||||||||&#8221; button_icon=&#8221;&#xf270;||fa||400&#8243; global_colors_info=&#8221;{}&#8221;][\/et_pb_button][et_pb_wc_description _builder_version=&#8221;4.24.0&#8243; _module_preset=&#8221;default&#8221; global_colors_info=&#8221;{}&#8221;][\/et_pb_wc_description][et_pb_button button_url=&#8221;https:\/\/amzn.to\/3HDDTus&#8221; url_new_window=&#8221;on&#8221; button_text=&#8221;Comprar en amazon&#8221; _builder_version=&#8221;4.24.0&#8243; _module_preset=&#8221;default&#8221; custom_button=&#8221;on&#8221; button_text_color=&#8221;#FFFFFF&#8221; button_bg_color=&#8221;#45637F&#8221; button_font=&#8221;Rajdhani||||||||&#8221; button_icon=&#8221;&#xf270;||fa||400&#8243; global_colors_info=&#8221;{}&#8221;][\/et_pb_button][\/et_pb_column][\/et_pb_row][\/et_pb_section][et_pb_section fb_built=&#8221;1&#8243; _builder_version=&#8221;4.24.0&#8243; _module_preset=&#8221;default&#8221; background_color=&#8221;RGBA(255,255,255,0)&#8221; use_background_color_gradient=&#8221;off&#8221; global_colors_info=&#8221;{}&#8221;][et_pb_row _builder_version=&#8221;4.24.0&#8243; _module_preset=&#8221;default&#8221; global_colors_info=&#8221;{}&#8221;][et_pb_column type=&#8221;4_4&#8243; _builder_version=&#8221;4.24.0&#8243; _module_preset=&#8221;default&#8221; global_colors_info=&#8221;{}&#8221;][et_pb_wc_related_products _builder_version=&#8221;4.24.0&#8243; _module_preset=&#8221;default&#8221; global_colors_info=&#8221;{}&#8221;][\/et_pb_wc_related_products][\/et_pb_column][\/et_pb_row][\/et_pb_section]<\/p>\n","protected":false},"excerpt":{"rendered":"<ul class=\"a-unordered-list a-vertical a-spacing-mini\">\n<li class=\"a-spacing-mini\">\n<div id=\"poExpander\" class=\"a-expander-collapsed-height a-row a-expander-container a-spacing-none a-expander-partial-collapse-container\" data-a-expander-name=\"product_overview\" data-a-expander-collapsed-height=\"210\">\n<div class=\"a-expander-content a-expander-partial-collapse-content\" aria-expanded=\"false\">\n<div class=\"a-section a-spacing-small a-spacing-top-small\">\n<h1 class=\"a-size-base-plus a-text-bold\">Sobre este art\u00edculo<\/h1>\n<div id=\"productOverview_feature_div\" class=\"celwidget\" data-feature-name=\"productOverview\" data-csa-c-type=\"widget\" data-csa-c-content-id=\"productOverview\" data-csa-c-slot-id=\"productOverview_feature_div\" data-csa-c-asin=\"B08WRJ5MQW\" data-csa-c-is-in-initial-active-row=\"false\" data-csa-c-id=\"m7g1sl-vs4096-s17a8e-qe2ufk\" data-cel-widget=\"productOverview_feature_div\">\n<div id=\"poExpander\" class=\"a-expander-collapsed-height a-row a-expander-container a-spacing-none a-expander-partial-collapse-container\" data-a-expander-name=\"product_overview\" data-a-expander-collapsed-height=\"210\">\n<div class=\"a-expander-content a-expander-partial-collapse-content\" aria-expanded=\"false\">\n<div class=\"a-section a-spacing-small a-spacing-top-small\">\n<table class=\"a-normal a-spacing-micro\">\n<tbody>\n<tr class=\"a-spacing-small po-item_length_width_height\">\n<td class=\"a-span3\"><span class=\"a-size-base a-text-bold\">Dimensiones del producto<\/span><\/td>\n<td class=\"a-span9\"><span class=\"a-size-base po-break-word\">12,4&#8243;l. x 2,58&#8243;an. x 4,72&#8243;al. pulgadas<\/span><\/td>\n<\/tr>\n<tr class=\"a-spacing-small po-brand\">\n<td class=\"a-span3\"><span class=\"a-size-base a-text-bold\">Marca<\/span><\/td>\n<td class=\"a-span9\"><span class=\"a-size-base po-break-word\">ARCTIC<\/span><\/td>\n<\/tr>\n<tr class=\"a-spacing-small po-power_connector_type\">\n<td class=\"a-span3\"><span class=\"a-size-base a-text-bold\">Tipo de conector de alimentaci\u00f3n<\/span><\/td>\n<td class=\"a-span9\"><span class=\"a-size-base po-break-word\">4 pines<\/span><\/td>\n<\/tr>\n<tr class=\"a-spacing-small po-voltage\">\n<td class=\"a-span3\"><span class=\"a-size-base a-text-bold\">Voltaje<\/span><\/td>\n<td class=\"a-span9\"><span class=\"a-size-base po-break-word\">12 Voltios<\/span><\/td>\n<\/tr>\n<tr class=\"a-spacing-small po-wattage\">\n<td class=\"a-span3\"><span class=\"a-size-base a-text-bold\">Potencia<\/span><\/td>\n<td class=\"a-span9\"><span class=\"a-size-base po-break-word\">2.7 vatios<\/span><\/td>\n<\/tr>\n<tr class=\"a-spacing-small po-cooling_method\">\n<td class=\"a-span3\"><span class=\"a-size-base a-text-bold\">M\u00e9todo de refrigeraci\u00f3n<\/span><\/td>\n<td class=\"a-span9\"><span class=\"a-size-base po-break-word\">Agua<\/span><\/td>\n<\/tr>\n<tr class=\"a-spacing-small po-compatible_devices\">\n<td class=\"a-span3\"><span class=\"a-size-base a-text-bold\">Dispositivos compatibles<\/span><\/td>\n<td class=\"a-span9\"><span class=\"a-size-base po-break-word\">Enchufe Intel: 1700, 1200, 115X, 2011-3*, 2066* ILM cuadrado, z\u00f3calo AMD: AM5, AM4<\/span><\/td>\n<\/tr>\n<tr class=\"a-spacing-small po-material\">\n<td class=\"a-span3\"><span class=\"a-size-base a-text-bold\">Material<\/span><\/td>\n<td class=\"a-span9\"><span class=\"a-size-base po-break-word\">Aluminio Caucho Cobre<\/span><\/td>\n<\/tr>\n<tr class=\"a-spacing-small po-maximum_rotational_speed\">\n<td class=\"a-span3\"><span class=\"a-size-base a-text-bold\">Velocidad m\u00e1xima de rotaci\u00f3n<\/span><\/td>\n<td class=\"a-span9\"><span class=\"a-size-base po-break-word\">1800 RPM<\/span><\/td>\n<\/tr>\n<\/tbody>\n<\/table>\n<\/div>\n<\/div>\n<div id=\"poToggleButton\" class=\"a-expander-header a-expander-partial-collapse-header\">\n<div class=\"a-expander-content-fade\"><\/div>\n<p><a class=\"a-declarative\" role=\"button\" data-csa-c-func-deps=\"aui-da-a-expander-toggle\" data-csa-c-type=\"widget\" data-csa-interaction-events=\"click\" aria-expanded=\"false\" data-action=\"a-expander-toggle\" data-a-expander-toggle=\"{&quot;allowLinkDefault&quot;:true, &quot;expand_prompt&quot;:&quot;Ver m\u00e1s&quot;, &quot;collapse_prompt&quot;:&quot;Ver menos&quot;}\" data-csa-c-id=\"j10rsc-6cp91d-jghp9k-idexuj\"><i class=\"a-icon a-icon-extender-expand\"><\/i><span class=\"a-expander-prompt\">Ver m\u00e1s<\/span><\/a><\/p>\n<\/div>\n<\/div>\n<\/div>\n<div id=\"featurebullets_feature_div\" class=\"celwidget\" data-feature-name=\"featurebullets\" data-csa-c-type=\"widget\" data-csa-c-content-id=\"featurebullets\" data-csa-c-slot-id=\"featurebullets_feature_div\" data-csa-c-asin=\"B08WRJ5MQW\" data-csa-c-is-in-initial-active-row=\"false\" data-csa-c-id=\"629ppb-ilzvo5-b82ozm-xq4s7t\" data-cel-widget=\"featurebullets_feature_div\">\n<div id=\"feature-bullets\" class=\"a-section a-spacing-medium a-spacing-top-small\">\n<hr \/>\n<ul class=\"a-unordered-list a-vertical a-spacing-mini\">\n<li class=\"a-spacing-mini\"><span class=\"a-list-item\">CONTROL DE CALIDAD APROBADO: Hemos aumentado la garant\u00eda de calidad y el control de calidad. Los productos han sido sometidos a pruebas adicionales y marcados con una etiqueta de control de calidad<\/span><\/li>\n<li class=\"a-spacing-mini\"><span class=\"a-list-item\">COMPATIBILIDAD LGA1700: El Liquid Freezer II 240 A-RGB es compatible con los nuevos procesadores Alder Lake de Intel &#8211; Socket LGA1700<\/span><\/li>\n<li class=\"a-spacing-mini\"><span class=\"a-list-item\">RENDIMIENTO KING: Con una placa fr\u00eda m\u00e1s eficiente, bomba patentada y ventiladores optimizados para la presi\u00f3n est\u00e1tica, la serie Liquid Freezer II se distingue claramente de otros enfriadores de agua AiO<\/span><\/li>\n<li class=\"a-spacing-mini\"><span class=\"a-list-item\">ILUMINACI\u00d3N ELEGANTE: 24 LED A-RGB digitales colocados a lo largo de los bujes del ventilador m\u00e1s el rotor transparente, con su dise\u00f1o cerrado, proporcionan una iluminaci\u00f3n uniforme y rica<\/span><\/li>\n<li class=\"a-spacing-mini\"><span class=\"a-list-item\">GESTI\u00d3N DE CABLE INTEGRADA: Los cables PWM y A-RGB de los ventiladores del radiador est\u00e1n integrados en el revestimiento de las mangueras, reduciendo al m\u00ednimo los cables visibles<\/span><\/li>\n<\/ul>\n<\/div>\n<\/div>\n<\/div>\n<\/div>\n<\/div>\n<\/li>\n<\/ul>\n","protected":false},"featured_media":216761,"comment_status":"open","ping_status":"closed","template":"","meta":{"_et_pb_use_builder":"on","_et_pb_old_content":"","_et_gb_content_width":""},"product_cat":[54],"product_tag":[],"yoast_head":"<!-- This site is optimized with the Yoast SEO Premium plugin v15.4 - https:\/\/yoast.com\/wordpress\/plugins\/seo\/ -->\n<title>ARCTIC Liquid Freezer - Enfriador de agua AIO | cybercaze<\/title>\n<meta name=\"robots\" content=\"index, follow, max-snippet:-1, max-image-preview:large, max-video-preview:-1\" \/>\n<link rel=\"canonical\" href=\"https:\/\/cybercaze.com\/index.php\/producto\/arctic-liquid-freezer-ii-240-a-rgb-enfriador-de-agua-aio\/\" \/>\n<meta property=\"og:locale\" content=\"es_ES\" \/>\n<meta property=\"og:type\" content=\"article\" \/>\n<meta property=\"og:title\" content=\"ARCTIC Liquid Freezer - Enfriador de agua AIO | cybercaze\" \/>\n<meta property=\"og:description\" content=\"Sobre este art\u00edculo        Dimensiones del producto 12,4&quot;l. x 2,58&quot;an. x 4,72&quot;al. pulgadas   Marca ARCTIC   Tipo de conector de alimentaci\u00f3n 4 pines   Voltaje 12 Voltios   Potencia 2.7 vatios   M\u00e9todo de refrigeraci\u00f3n Agua   Dispositivos compatibles Enchufe Intel: 1700, 1200, 115X, 2011-3*, 2066* ILM cuadrado, z\u00f3calo AMD: AM5, AM4   Material Aluminio Caucho Cobre   Velocidad m\u00e1xima de rotaci\u00f3n 1800 RPM        Ver m\u00e1s            CONTROL DE CALIDAD APROBADO: Hemos aumentado la garant\u00eda de calidad y el control de calidad. Los productos han sido sometidos a pruebas adicionales y marcados con una etiqueta de control de calidad  COMPATIBILIDAD LGA1700: El Liquid Freezer II 240 A-RGB es compatible con los nuevos procesadores Alder Lake de Intel - Socket LGA1700  RENDIMIENTO KING: Con una placa fr\u00eda m\u00e1s eficiente, bomba patentada y ventiladores optimizados para la presi\u00f3n est\u00e1tica, la serie Liquid Freezer II se distingue claramente de otros enfriadores de agua AiO  ILUMINACI\u00d3N ELEGANTE: 24 LED A-RGB digitales colocados a lo largo de los bujes del ventilador m\u00e1s el rotor transparente, con su dise\u00f1o cerrado, proporcionan una iluminaci\u00f3n uniforme y rica  GESTI\u00d3N DE CABLE INTEGRADA: Los cables PWM y A-RGB de los ventiladores del radiador est\u00e1n integrados en el revestimiento de las mangueras, reduciendo al m\u00ednimo los cables visibles\" \/>\n<meta property=\"og:url\" content=\"https:\/\/cybercaze.com\/index.php\/producto\/arctic-liquid-freezer-ii-240-a-rgb-enfriador-de-agua-aio\/\" \/>\n<meta property=\"og:site_name\" content=\"cybercaze\" \/>\n<meta property=\"article:modified_time\" content=\"2024-01-29T22:50:18+00:00\" \/>\n<meta property=\"og:image\" content=\"https:\/\/cybercaze.com\/wp-content\/uploads\/2024\/01\/artic1.jpg\" \/>\n\t<meta property=\"og:image:width\" content=\"1160\" \/>\n\t<meta property=\"og:image:height\" content=\"671\" \/>\n<meta name=\"twitter:card\" content=\"summary_large_image\" \/>\n<meta name=\"twitter:label1\" content=\"Escrito por\">\n\t<meta name=\"twitter:data1\" content=\"Luis F lopez\">\n\t<meta name=\"twitter:label2\" content=\"Tiempo de lectura\">\n\t<meta name=\"twitter:data2\" content=\"2 minutos\">\n<script type=\"application\/ld+json\" class=\"yoast-schema-graph\">{\"@context\":\"https:\/\/schema.org\",\"@graph\":[{\"@type\":\"Organization\",\"@id\":\"https:\/\/cybercaze.com\/#organization\",\"name\":\"Cybercaze\",\"url\":\"https:\/\/cybercaze.com\/\",\"sameAs\":[],\"logo\":{\"@type\":\"ImageObject\",\"@id\":\"https:\/\/cybercaze.com\/#logo\",\"inLanguage\":\"es\",\"url\":\"https:\/\/cybercaze.com\/wp-content\/uploads\/2023\/12\/logo-grande.png\",\"width\":2000,\"height\":4080,\"caption\":\"Cybercaze\"},\"image\":{\"@id\":\"https:\/\/cybercaze.com\/#logo\"}},{\"@type\":\"WebSite\",\"@id\":\"https:\/\/cybercaze.com\/#website\",\"url\":\"https:\/\/cybercaze.com\/\",\"name\":\"cybercaze\",\"description\":\"Tienda en l\\u00ednea para productos de tecnolog\\u00eda, equipos y accesorios\",\"publisher\":{\"@id\":\"https:\/\/cybercaze.com\/#organization\"},\"potentialAction\":[{\"@type\":\"SearchAction\",\"target\":\"https:\/\/cybercaze.com\/?s={search_term_string}\",\"query-input\":\"required name=search_term_string\"}],\"inLanguage\":\"es\"},{\"@type\":\"ImageObject\",\"@id\":\"https:\/\/cybercaze.com\/index.php\/producto\/arctic-liquid-freezer-ii-240-a-rgb-enfriador-de-agua-aio\/#primaryimage\",\"inLanguage\":\"es\",\"url\":\"https:\/\/cybercaze.com\/wp-content\/uploads\/2024\/01\/artic1.jpg\",\"width\":1160,\"height\":671},{\"@type\":\"WebPage\",\"@id\":\"https:\/\/cybercaze.com\/index.php\/producto\/arctic-liquid-freezer-ii-240-a-rgb-enfriador-de-agua-aio\/#webpage\",\"url\":\"https:\/\/cybercaze.com\/index.php\/producto\/arctic-liquid-freezer-ii-240-a-rgb-enfriador-de-agua-aio\/\",\"name\":\"ARCTIC Liquid Freezer - Enfriador de agua AIO | cybercaze\",\"isPartOf\":{\"@id\":\"https:\/\/cybercaze.com\/#website\"},\"primaryImageOfPage\":{\"@id\":\"https:\/\/cybercaze.com\/index.php\/producto\/arctic-liquid-freezer-ii-240-a-rgb-enfriador-de-agua-aio\/#primaryimage\"},\"datePublished\":\"2024-01-29T21:11:30+00:00\",\"dateModified\":\"2024-01-29T22:50:18+00:00\",\"inLanguage\":\"es\",\"potentialAction\":[{\"@type\":\"ReadAction\",\"target\":[\"https:\/\/cybercaze.com\/index.php\/producto\/arctic-liquid-freezer-ii-240-a-rgb-enfriador-de-agua-aio\/\"]}]}]}<\/script>\n<!-- \/ Yoast SEO Premium plugin. -->","_links":{"self":[{"href":"https:\/\/cybercaze.com\/index.php\/wp-json\/wp\/v2\/product\/216760"}],"collection":[{"href":"https:\/\/cybercaze.com\/index.php\/wp-json\/wp\/v2\/product"}],"about":[{"href":"https:\/\/cybercaze.com\/index.php\/wp-json\/wp\/v2\/types\/product"}],"replies":[{"embeddable":true,"href":"https:\/\/cybercaze.com\/index.php\/wp-json\/wp\/v2\/comments?post=216760"}],"wp:featuredmedia":[{"embeddable":true,"href":"https:\/\/cybercaze.com\/index.php\/wp-json\/wp\/v2\/media\/216761"}],"wp:attachment":[{"href":"https:\/\/cybercaze.com\/index.php\/wp-json\/wp\/v2\/media?parent=216760"}],"wp:term":[{"taxonomy":"product_cat","embeddable":true,"href":"https:\/\/cybercaze.com\/index.php\/wp-json\/wp\/v2\/product_cat?post=216760"},{"taxonomy":"product_tag","embeddable":true,"href":"https:\/\/cybercaze.com\/index.php\/wp-json\/wp\/v2\/product_tag?post=216760"}],"curies":[{"name":"wp","href":"https:\/\/api.w.org\/{rel}","templated":true}]}}