{"id":216739,"date":"2024-01-29T14:35:59","date_gmt":"2024-01-29T19:35:59","guid":{"rendered":"https:\/\/cybercaze.com\/?post_type=product&#038;p=216739"},"modified":"2024-02-03T10:28:32","modified_gmt":"2024-02-03T15:28:32","slug":"teclado-de-metal-de-104-tacoity","status":"publish","type":"product","link":"https:\/\/cybercaze.com\/index.php\/producto\/teclado-de-metal-de-104-tacoity\/","title":{"rendered":"Teclado para juegos, panel de metal de 104 teclas, teclado silencioso LED"},"content":{"rendered":"<p>[et_pb_section fb_built=&#8221;1&#8243; _builder_version=&#8221;4.23.1&#8243; background_color=&#8221;RGBA(255,255,255,0)&#8221; use_background_color_gradient=&#8221;off&#8221; custom_padding=&#8221;0px||||false|false&#8221; global_colors_info=&#8221;{}&#8221;][et_pb_row _builder_version=&#8221;4.16&#8243; background_size=&#8221;initial&#8221; background_position=&#8221;top_left&#8221; background_repeat=&#8221;repeat&#8221; width=&#8221;100%&#8221; custom_padding=&#8221;0px||0px||false|false&#8221; global_colors_info=&#8221;{}&#8221;][et_pb_column type=&#8221;4_4&#8243; _builder_version=&#8221;4.16&#8243; custom_padding=&#8221;|||&#8221; global_colors_info=&#8221;{}&#8221; custom_padding__hover=&#8221;|||&#8221;][et_pb_wc_breadcrumb _builder_version=&#8221;4.16&#8243; global_colors_info=&#8221;{}&#8221;][\/et_pb_wc_breadcrumb][et_pb_wc_cart_notice _builder_version=&#8221;4.16&#8243; global_colors_info=&#8221;{}&#8221;][\/et_pb_wc_cart_notice][\/et_pb_column][\/et_pb_row][et_pb_row column_structure=&#8221;1_2,1_2&#8243; _builder_version=&#8221;4.16&#8243; background_size=&#8221;initial&#8221; background_position=&#8221;top_left&#8221; background_repeat=&#8221;repeat&#8221; width=&#8221;100%&#8221; custom_padding=&#8221;0px||||false|false&#8221; global_colors_info=&#8221;{}&#8221;][et_pb_column type=&#8221;1_2&#8243; _builder_version=&#8221;4.16&#8243; custom_padding=&#8221;|||&#8221; global_colors_info=&#8221;{}&#8221; custom_padding__hover=&#8221;|||&#8221;][et_pb_wc_images _builder_version=&#8221;4.24.0&#8243; link_option_url=&#8221;https:\/\/amzn.to\/3SCBqXF&#8221; global_colors_info=&#8221;{}&#8221;][\/et_pb_wc_images][\/et_pb_column][et_pb_column type=&#8221;1_2&#8243; _builder_version=&#8221;4.16&#8243; custom_padding=&#8221;|||&#8221; global_colors_info=&#8221;{}&#8221; custom_padding__hover=&#8221;|||&#8221;][et_pb_wc_title _builder_version=&#8221;4.16&#8243; global_colors_info=&#8221;{}&#8221;][\/et_pb_wc_title][et_pb_wc_rating _builder_version=&#8221;4.16&#8243; global_colors_info=&#8221;{}&#8221;][\/et_pb_wc_rating][et_pb_button button_url=&#8221;https:\/\/amzn.to\/3SgsGF1&#8243; url_new_window=&#8221;on&#8221; button_text=&#8221;Comprar en amazon&#8221; _builder_version=&#8221;4.24.0&#8243; _module_preset=&#8221;default&#8221; custom_button=&#8221;on&#8221; button_text_color=&#8221;#FFFFFF&#8221; button_bg_color=&#8221;#45637F&#8221; button_border_color=&#8221;RGBA(255,255,255,0)&#8221; button_font=&#8221;Rajdhani||||||||&#8221; button_icon=&#8221;&#xf270;||fa||400&#8243; global_colors_info=&#8221;{}&#8221;][\/et_pb_button][et_pb_wc_price _builder_version=&#8221;4.16&#8243; global_colors_info=&#8221;{}&#8221;][\/et_pb_wc_price][et_pb_wc_description _builder_version=&#8221;4.16&#8243; global_colors_info=&#8221;{}&#8221;][\/et_pb_wc_description][et_pb_wc_add_to_cart _builder_version=&#8221;4.16&#8243; global_colors_info=&#8221;{}&#8221;][\/et_pb_wc_add_to_cart][et_pb_wc_meta _builder_version=&#8221;4.16&#8243; global_colors_info=&#8221;{}&#8221;][\/et_pb_wc_meta][et_pb_button button_url=&#8221;https:\/\/amzn.to\/3SgsGF1&#8243; url_new_window=&#8221;on&#8221; button_text=&#8221;Comprar en amazon&#8221; _builder_version=&#8221;4.24.0&#8243; _module_preset=&#8221;default&#8221; custom_button=&#8221;on&#8221; button_text_color=&#8221;#FFFFFF&#8221; button_bg_color=&#8221;#45637F&#8221; button_border_color=&#8221;RGBA(255,255,255,0)&#8221; button_font=&#8221;Rajdhani||||||||&#8221; button_icon=&#8221;&#xf270;||fa||400&#8243; global_colors_info=&#8221;{}&#8221;][\/et_pb_button][\/et_pb_column][\/et_pb_row][et_pb_row _builder_version=&#8221;4.16&#8243; background_size=&#8221;initial&#8221; background_position=&#8221;top_left&#8221; background_repeat=&#8221;repeat&#8221; width=&#8221;100%&#8221; global_colors_info=&#8221;{}&#8221;][et_pb_column type=&#8221;4_4&#8243; _builder_version=&#8221;4.16&#8243; custom_padding=&#8221;|||&#8221; global_colors_info=&#8221;{}&#8221; custom_padding__hover=&#8221;|||&#8221;][et_pb_wc_tabs _builder_version=&#8221;4.16&#8243; global_colors_info=&#8221;{}&#8221;] [\/et_pb_wc_tabs][et_pb_wc_upsells _builder_version=&#8221;4.16&#8243; global_colors_info=&#8221;{}&#8221;][\/et_pb_wc_upsells][et_pb_wc_related_products _builder_version=&#8221;4.16&#8243; global_colors_info=&#8221;{}&#8221;][\/et_pb_wc_related_products][\/et_pb_column][\/et_pb_row][\/et_pb_section]<\/p>\n","protected":false},"excerpt":{"rendered":"<ul class=\"a-unordered-list a-vertical a-spacing-mini\">\n<li class=\"a-spacing-mini\">\n<div id=\"provenanceCertifications_feature_div\" class=\"celwidget\" data-feature-name=\"provenanceCertifications\" data-csa-c-type=\"widget\" data-csa-c-content-id=\"provenanceCertifications\" data-csa-c-slot-id=\"provenanceCertifications_feature_div\" data-csa-c-asin=\"B0C7GJDZD7\" data-csa-c-is-in-initial-active-row=\"false\" data-csa-c-id=\"ucn6so-yx5qkt-c0ddvr-kzhire\" data-cel-widget=\"provenanceCertifications_feature_div\">\n<div id=\"provenance-certifications\" class=\"a-section a-spacing-medium a-spacing-top-micro\">\n<h1 class=\"a-size-base-plus a-text-bold\">Sobre este art\u00edculo<\/h1>\n<ul class=\"a-unordered-list a-vertical a-spacing-mini\">\n<li class=\"a-spacing-mini\">\n<div id=\"productOverview_feature_div\" class=\"celwidget\" data-feature-name=\"productOverview\" data-csa-c-type=\"widget\" data-csa-c-content-id=\"productOverview\" data-csa-c-slot-id=\"productOverview_feature_div\" data-csa-c-asin=\"B09TZWLFLY\" data-csa-c-is-in-initial-active-row=\"false\" data-csa-c-id=\"95m8v2-xl0ffx-eny7g2-ykcqqs\" data-cel-widget=\"productOverview_feature_div\">\n<div id=\"poExpander\" class=\"a-expander-collapsed-height a-row a-expander-container a-spacing-none a-expander-partial-collapse-container\" data-a-expander-name=\"product_overview\" data-a-expander-collapsed-height=\"210\">\n<div class=\"a-expander-content a-expander-partial-collapse-content\" aria-expanded=\"false\">\n<div class=\"a-section a-spacing-small a-spacing-top-small\">\n<table class=\"a-normal a-spacing-micro\">\n<tbody>\n<tr class=\"a-spacing-small po-brand\">\n<td class=\"a-span3\"><span class=\"a-size-base a-text-bold\">Marca<\/span><\/td>\n<td class=\"a-span9\"><span class=\"a-size-base po-break-word\">Dacoity<\/span><\/td>\n<\/tr>\n<tr class=\"a-spacing-small po-compatible_devices\">\n<td class=\"a-span3\"><span class=\"a-size-base a-text-bold\">Dispositivos compatibles<\/span><\/td>\n<td class=\"a-span9\"><span class=\"a-size-base po-break-word\">Gaming Console<\/span><\/td>\n<\/tr>\n<tr class=\"a-spacing-small po-connectivity_technology\">\n<td class=\"a-span3\"><span class=\"a-size-base a-text-bold\">Tecnolog\u00eda de conectividad<\/span><\/td>\n<td class=\"a-span9\"><span class=\"a-size-base po-break-word\">USB<\/span><\/td>\n<\/tr>\n<tr class=\"a-spacing-small po-keyboard_description\">\n<td class=\"a-span3\"><span class=\"a-size-base a-text-bold\">Descripci\u00f3n del teclado<\/span><\/td>\n<td class=\"a-span9\"><span class=\"a-size-base po-break-word\">Gaming, Membrane, Multimedia<\/span><\/td>\n<\/tr>\n<tr class=\"a-spacing-small po-recommended_uses_for_product\">\n<td class=\"a-span3\"><span class=\"a-size-base a-text-bold\">Usos Recomendados Para Producto<\/span><\/td>\n<td class=\"a-span9\"><span class=\"a-size-base\"><span class=\"a-truncate po-truncate-attribute\" data-a-word-break=\"normal\" data-a-truncate-name=\"po-attribute-truncate-4\" data-a-max-rows=\"3\" data-a-overflow-marker=\"&amp;hellip;\" data-a-recalculate=\"false\" data-a-updated=\"true\"><span class=\"a-truncate-full a-offscreen\">Multimedia, Video Editing, Everyday Use, Personal, Education, Photo Editing, Student, Gaming, Business<\/span><span class=\"a-truncate-cut\" aria-hidden=\"true\">Multimedia, Video Editing, Everyday Use, Personal, Education, Photo Editing, Student, Gaming, Business<\/span><\/span><\/span><\/td>\n<\/tr>\n<tr class=\"a-spacing-small po-special_feature\">\n<td class=\"a-span3\"><span class=\"a-size-base a-text-bold\">Caracter\u00edsticas especiales<\/span><\/td>\n<td class=\"a-span9\"><span class=\"a-size-base po-break-word\">Ergon\u00f3mico, reposamu\u00f1ecas, impermeable, retroiluminaci\u00f3n LED arco\u00edris<\/span><\/td>\n<\/tr>\n<tr class=\"a-spacing-small po-color\">\n<td class=\"a-span3\"><span class=\"a-size-base a-text-bold\">Color<\/span><\/td>\n<td class=\"a-span9\"><span class=\"a-size-base po-break-word\">Negro<\/span><\/td>\n<\/tr>\n<tr class=\"a-spacing-small po-number_of_keys\">\n<td class=\"a-span3\"><span class=\"a-size-base a-text-bold\">N\u00famero de teclas<\/span><\/td>\n<td class=\"a-span9\"><span class=\"a-size-base po-break-word\">104<\/span><\/td>\n<\/tr>\n<tr class=\"a-spacing-small po-keyboard_backlighting_color_support\">\n<td class=\"a-span3\"><span class=\"a-size-base a-text-bold\">Color de retroiluminaci\u00f3n del teclado<\/span><\/td>\n<td class=\"a-span9\"><span class=\"a-size-base po-break-word\">RGB<\/span><\/td>\n<\/tr>\n<tr class=\"a-spacing-small po-style\">\n<td class=\"a-span3\"><span class=\"a-size-base a-text-bold\">Estilo<\/span><\/td>\n<td class=\"a-span9\"><span class=\"a-size-base po-break-word\">Cl\u00e1sico<\/span><\/td>\n<\/tr>\n<\/tbody>\n<\/table>\n<\/div>\n<\/div>\n<div id=\"poToggleButton\" class=\"a-expander-header a-expander-partial-collapse-header\">\n<div class=\"a-expander-content-fade\"><\/div>\n<p><a class=\"a-declarative\" role=\"button\" data-csa-c-func-deps=\"aui-da-a-expander-toggle\" data-csa-c-type=\"widget\" data-csa-interaction-events=\"click\" aria-expanded=\"false\" data-action=\"a-expander-toggle\" data-a-expander-toggle=\"{&quot;allowLinkDefault&quot;:true, &quot;expand_prompt&quot;:&quot;Ver m\u00e1s&quot;, &quot;collapse_prompt&quot;:&quot;Ver menos&quot;}\" data-csa-c-id=\"16am7c-lakv49-jvwu8w-gr2f0x\"><i class=\"a-icon a-icon-extender-expand\"><\/i><span class=\"a-expander-prompt\">Ver m\u00e1s<\/span><\/a><\/p>\n<\/div>\n<\/div>\n<\/div>\n<div id=\"featurebullets_feature_div\" class=\"celwidget\" data-feature-name=\"featurebullets\" data-csa-c-type=\"widget\" data-csa-c-content-id=\"featurebullets\" data-csa-c-slot-id=\"featurebullets_feature_div\" data-csa-c-asin=\"B09TZWLFLY\" data-csa-c-is-in-initial-active-row=\"false\" data-csa-c-id=\"pj4js8-o8bxn4-mdf5ix-mzpi6t\" data-cel-widget=\"featurebullets_feature_div\">\n<div id=\"feature-bullets\" class=\"a-section a-spacing-medium a-spacing-top-small\">\n<hr \/>\n<h1 class=\"a-size-base-plus a-text-bold\">Sobre este art\u00edculo<\/h1>\n<ul class=\"a-unordered-list a-vertical a-spacing-mini\">\n<li class=\"a-spacing-mini\"><span class=\"a-list-item\">\ud83c\udf1f\u3010Dise\u00f1o ergon\u00f3mico con reposamu\u00f1ecas\u3011Este teclado silencioso cuenta con un dise\u00f1o cient\u00edfico de teclas escalonadas para maximizar la comodidad de la mano durante largas horas de juego o trabajo. Tambi\u00e9n te proporciona un \u00e1ngulo de escritura ergon\u00f3mico (7\u00b0) y soporte de mu\u00f1eca durante el uso. Todas las teclas tienen un tacto suave y sin clics fuertes. No afectar\u00e1 a los dem\u00e1s cuando se quede despierto tarde a escribir o jugar, es muy adecuado para la oficina o juegos.<\/span><\/li>\n<li class=\"a-spacing-mini\"><span class=\"a-list-item\">\ud83c\udf1f\u3010Teclado retroiluminado LED\u3011Hay 2 modos de iluminaci\u00f3n y 3 niveles de brillo para elegir. \u263c: Retroiluminaci\u00f3n est\u00e1tica\/apagado; FN+\u263c: retroiluminaci\u00f3n din\u00e1mica. Fn+PgUp: Ajusta el brillo m\u00e1s; Fn+PgDn: ajusta la reducci\u00f3n de brillo. FN+ +\/-: ajusta la velocidad de la retroiluminaci\u00f3n din\u00e1mica. (Nota: la luz no es RGB, el color de la luz no se puede cambiar).<\/span><\/li>\n<li class=\"a-spacing-mini\"><span class=\"a-list-item\">\ud83c\udf1f\u3010Teclado de panel de metal duradero\u3011Este teclado arco\u00edris est\u00e1 dise\u00f1ado con un panel de aleaci\u00f3n de aluminio, que no solo mejora la textura general del teclado USB, sino que tambi\u00e9n mejora en gran medida la durabilidad y la resistencia al agua. El marco de metal en el teclado tambi\u00e9n est\u00e1 recubierto con aceite de goma, que es agradable al tacto y se siente m\u00e1s c\u00f3modo. Al mismo tiempo, hay 4 agujeros de drenaje en la parte inferior del teclado LED, no te preocupes por derrames de l\u00edquidos que da\u00f1ar\u00e1n el teclado de la computadora.<\/span><\/li>\n<li class=\"a-spacing-mini\"><span class=\"a-list-item\">\ud83c\udf1f\u3010Multimedia y antifantasma\u301112 teclas multimedia para tu funcionamiento de juego o eficiencia de trabajo. 19 teclas antifantasma, cada clic nunca se pierde, asegurando una escritura suave. Puedes intercambiar las teclas WSAD con teclas de flecha pulsando FN+W y bloquear\/desbloquear la tecla WIN pulsando N+WIN. (Nota: las teclas multimedia no est\u00e1n disponibles en Mac)<\/span><\/li>\n<li class=\"a-spacing-mini\"><span class=\"a-list-item\">\ud83c\udf1f\u3010Fuerte compatibilidad y garant\u00eda de calidad\u3011Construido con una estructura cl\u00e1sica de cr\u00e1ter, este teclado silencioso de membrana puede soportar 50 millones de pulsaciones de teclas. No importa cu\u00e1nto tiempo lo utilices, las letras grabadas con l\u00e1ser en las teclas son duraderas y nunca se desvanecen. Teclas extra\u00edbles para una limpieza r\u00e1pida sin preocuparte por el polvo o la suciedad. Es compatible con Plug &amp; Play y es ampliamente compatible con Windows 95\/98\/XP\/2000\/ME\/VISTA\/7\/8\/9\/10, Mac.<\/span><\/li>\n<li class=\"a-spacing-mini\"><span class=\"a-list-item\">\ud83c\udf1f\u3010Eres nuestro cliente VIP\u3011Teclado para juegos de tama\u00f1o completo Dacoity que satisface las necesidades de jugadores, mecan\u00f3grafos, programadores y escritores, y combina tu experiencia de oficina y juego. Si tienes alg\u00fan problema de calidad, ponte en contacto con el servicio al cliente. Ofrecemos 180 d\u00edas de reembolso o reemplazo y una garant\u00eda de tiempo libre para el problema de calidad.<\/span><\/li>\n<\/ul>\n<\/div>\n<\/div>\n<\/li>\n<\/ul>\n<\/div>\n<\/div>\n<\/li>\n<\/ul>\n","protected":false},"featured_media":216738,"comment_status":"open","ping_status":"closed","template":"","meta":{"_et_pb_use_builder":"on","_et_pb_old_content":"","_et_gb_content_width":""},"product_cat":[17,50],"product_tag":[],"yoast_head":"<!-- This site is optimized with the Yoast SEO Premium plugin v15.4 - https:\/\/yoast.com\/wordpress\/plugins\/seo\/ -->\n<title>Teclado para juegos, panel de metal de 104 teclas, teclado silencioso LED | cybercaze<\/title>\n<meta name=\"description\" content=\"Experimenta un rendimiento excepcional con la Silicon Power Value Gaming DDR4 RAM. Dise\u00f1ada para satisfacer las demandas de los entusiastas del gaming y profesionales creativos, esta memoria RAM de 32 GB (2 x 16 GB) ofrece potencia y velocidad sin igual para tu escritorio.\" \/>\n<meta name=\"robots\" content=\"index, follow, max-snippet:-1, max-image-preview:large, max-video-preview:-1\" \/>\n<link rel=\"canonical\" href=\"https:\/\/cybercaze.com\/index.php\/producto\/teclado-de-metal-de-104-tacoity\/\" \/>\n<meta property=\"og:locale\" content=\"es_ES\" \/>\n<meta property=\"og:type\" content=\"article\" \/>\n<meta property=\"og:title\" content=\"Teclado para juegos, panel de metal de 104 teclas, teclado silencioso LED | cybercaze\" \/>\n<meta property=\"og:description\" content=\"Experimenta un rendimiento excepcional con la Silicon Power Value Gaming DDR4 RAM. Dise\u00f1ada para satisfacer las demandas de los entusiastas del gaming y profesionales creativos, esta memoria RAM de 32 GB (2 x 16 GB) ofrece potencia y velocidad sin igual para tu escritorio.\" \/>\n<meta property=\"og:url\" content=\"https:\/\/cybercaze.com\/index.php\/producto\/teclado-de-metal-de-104-tacoity\/\" \/>\n<meta property=\"og:site_name\" content=\"cybercaze\" \/>\n<meta property=\"article:modified_time\" content=\"2024-02-03T15:28:32+00:00\" \/>\n<meta property=\"og:image\" content=\"https:\/\/cybercaze.com\/wp-content\/uploads\/2024\/01\/teclado_.jpg.png\" \/>\n\t<meta property=\"og:image:width\" content=\"679\" \/>\n\t<meta property=\"og:image:height\" content=\"501\" \/>\n<meta name=\"twitter:card\" content=\"summary_large_image\" \/>\n<meta name=\"twitter:label1\" content=\"Escrito por\">\n\t<meta name=\"twitter:data1\" content=\"Luis F lopez\">\n\t<meta name=\"twitter:label2\" content=\"Tiempo de lectura\">\n\t<meta name=\"twitter:data2\" content=\"2 minutos\">\n<script type=\"application\/ld+json\" class=\"yoast-schema-graph\">{\"@context\":\"https:\/\/schema.org\",\"@graph\":[{\"@type\":\"Organization\",\"@id\":\"https:\/\/cybercaze.com\/#organization\",\"name\":\"Cybercaze\",\"url\":\"https:\/\/cybercaze.com\/\",\"sameAs\":[],\"logo\":{\"@type\":\"ImageObject\",\"@id\":\"https:\/\/cybercaze.com\/#logo\",\"inLanguage\":\"es\",\"url\":\"https:\/\/cybercaze.com\/wp-content\/uploads\/2023\/12\/logo-grande.png\",\"width\":2000,\"height\":4080,\"caption\":\"Cybercaze\"},\"image\":{\"@id\":\"https:\/\/cybercaze.com\/#logo\"}},{\"@type\":\"WebSite\",\"@id\":\"https:\/\/cybercaze.com\/#website\",\"url\":\"https:\/\/cybercaze.com\/\",\"name\":\"cybercaze\",\"description\":\"Tienda en l\\u00ednea para productos de tecnolog\\u00eda, equipos y accesorios\",\"publisher\":{\"@id\":\"https:\/\/cybercaze.com\/#organization\"},\"potentialAction\":[{\"@type\":\"SearchAction\",\"target\":\"https:\/\/cybercaze.com\/?s={search_term_string}\",\"query-input\":\"required name=search_term_string\"}],\"inLanguage\":\"es\"},{\"@type\":\"ImageObject\",\"@id\":\"https:\/\/cybercaze.com\/index.php\/producto\/teclado-de-metal-de-104-tacoity\/#primaryimage\",\"inLanguage\":\"es\",\"url\":\"https:\/\/cybercaze.com\/wp-content\/uploads\/2024\/01\/teclado_.jpg.png\",\"width\":679,\"height\":501},{\"@type\":\"WebPage\",\"@id\":\"https:\/\/cybercaze.com\/index.php\/producto\/teclado-de-metal-de-104-tacoity\/#webpage\",\"url\":\"https:\/\/cybercaze.com\/index.php\/producto\/teclado-de-metal-de-104-tacoity\/\",\"name\":\"Teclado para juegos, panel de metal de 104 teclas, teclado silencioso LED | cybercaze\",\"isPartOf\":{\"@id\":\"https:\/\/cybercaze.com\/#website\"},\"primaryImageOfPage\":{\"@id\":\"https:\/\/cybercaze.com\/index.php\/producto\/teclado-de-metal-de-104-tacoity\/#primaryimage\"},\"datePublished\":\"2024-01-29T19:35:59+00:00\",\"dateModified\":\"2024-02-03T15:28:32+00:00\",\"description\":\"Experimenta un rendimiento excepcional con la Silicon Power Value Gaming DDR4 RAM. Dise\\u00f1ada para satisfacer las demandas de los entusiastas del gaming y profesionales creativos, esta memoria RAM de 32 GB (2 x 16 GB) ofrece potencia y velocidad sin igual para tu escritorio.\",\"inLanguage\":\"es\",\"potentialAction\":[{\"@type\":\"ReadAction\",\"target\":[\"https:\/\/cybercaze.com\/index.php\/producto\/teclado-de-metal-de-104-tacoity\/\"]}]}]}<\/script>\n<!-- \/ Yoast SEO Premium plugin. -->","_links":{"self":[{"href":"https:\/\/cybercaze.com\/index.php\/wp-json\/wp\/v2\/product\/216739"}],"collection":[{"href":"https:\/\/cybercaze.com\/index.php\/wp-json\/wp\/v2\/product"}],"about":[{"href":"https:\/\/cybercaze.com\/index.php\/wp-json\/wp\/v2\/types\/product"}],"replies":[{"embeddable":true,"href":"https:\/\/cybercaze.com\/index.php\/wp-json\/wp\/v2\/comments?post=216739"}],"wp:featuredmedia":[{"embeddable":true,"href":"https:\/\/cybercaze.com\/index.php\/wp-json\/wp\/v2\/media\/216738"}],"wp:attachment":[{"href":"https:\/\/cybercaze.com\/index.php\/wp-json\/wp\/v2\/media?parent=216739"}],"wp:term":[{"taxonomy":"product_cat","embeddable":true,"href":"https:\/\/cybercaze.com\/index.php\/wp-json\/wp\/v2\/product_cat?post=216739"},{"taxonomy":"product_tag","embeddable":true,"href":"https:\/\/cybercaze.com\/index.php\/wp-json\/wp\/v2\/product_tag?post=216739"}],"curies":[{"name":"wp","href":"https:\/\/api.w.org\/{rel}","templated":true}]}}