{"id":216671,"date":"2024-01-19T12:24:49","date_gmt":"2024-01-19T17:24:49","guid":{"rendered":"https:\/\/cybercaze.com\/?post_type=product&#038;p=216671"},"modified":"2024-02-03T10:24:17","modified_gmt":"2024-02-03T15:24:17","slug":"amazfit-bip-5-reloj","status":"publish","type":"product","link":"https:\/\/cybercaze.com\/index.php\/producto\/amazfit-bip-5-reloj\/","title":{"rendered":"Amazfit Bip 5 &#8211; Reloj inteligente con pantalla ultra grande"},"content":{"rendered":"<p>[et_pb_section fb_built=&#8221;1&#8243; _builder_version=&#8221;4.23.1&#8243; background_color=&#8221;RGBA(255,255,255,0)&#8221; use_background_color_gradient=&#8221;off&#8221; custom_padding=&#8221;0px||||false|false&#8221; global_colors_info=&#8221;{}&#8221;][et_pb_row _builder_version=&#8221;4.16&#8243; background_size=&#8221;initial&#8221; background_position=&#8221;top_left&#8221; background_repeat=&#8221;repeat&#8221; width=&#8221;100%&#8221; custom_padding=&#8221;0px||0px||false|false&#8221; global_colors_info=&#8221;{}&#8221;][et_pb_column type=&#8221;4_4&#8243; _builder_version=&#8221;4.16&#8243; custom_padding=&#8221;|||&#8221; global_colors_info=&#8221;{}&#8221; custom_padding__hover=&#8221;|||&#8221;][et_pb_wc_breadcrumb _builder_version=&#8221;4.16&#8243; global_colors_info=&#8221;{}&#8221;][\/et_pb_wc_breadcrumb][et_pb_wc_cart_notice _builder_version=&#8221;4.16&#8243; global_colors_info=&#8221;{}&#8221;][\/et_pb_wc_cart_notice][\/et_pb_column][\/et_pb_row][et_pb_row column_structure=&#8221;1_2,1_2&#8243; _builder_version=&#8221;4.16&#8243; background_size=&#8221;initial&#8221; background_position=&#8221;top_left&#8221; background_repeat=&#8221;repeat&#8221; width=&#8221;100%&#8221; custom_padding=&#8221;0px||||false|false&#8221; global_colors_info=&#8221;{}&#8221;][et_pb_column type=&#8221;1_2&#8243; _builder_version=&#8221;4.16&#8243; custom_padding=&#8221;|||&#8221; global_colors_info=&#8221;{}&#8221; custom_padding__hover=&#8221;|||&#8221;][et_pb_wc_images _builder_version=&#8221;4.23.3&#8243; link_option_url=&#8221;https:\/\/amzn.to\/3S0XJpw&#8221; global_colors_info=&#8221;{}&#8221;][\/et_pb_wc_images][\/et_pb_column][et_pb_column type=&#8221;1_2&#8243; _builder_version=&#8221;4.16&#8243; custom_padding=&#8221;|||&#8221; global_colors_info=&#8221;{}&#8221; custom_padding__hover=&#8221;|||&#8221;][et_pb_wc_title _builder_version=&#8221;4.16&#8243; global_colors_info=&#8221;{}&#8221;][\/et_pb_wc_title][et_pb_wc_rating _builder_version=&#8221;4.16&#8243; global_colors_info=&#8221;{}&#8221;][\/et_pb_wc_rating][et_pb_wc_price _builder_version=&#8221;4.16&#8243; global_colors_info=&#8221;{}&#8221;][\/et_pb_wc_price][et_pb_wc_description _builder_version=&#8221;4.16&#8243; global_colors_info=&#8221;{}&#8221;][\/et_pb_wc_description][et_pb_wc_add_to_cart _builder_version=&#8221;4.16&#8243; global_colors_info=&#8221;{}&#8221;][\/et_pb_wc_add_to_cart][et_pb_wc_meta _builder_version=&#8221;4.16&#8243; global_colors_info=&#8221;{}&#8221;][\/et_pb_wc_meta][et_pb_button button_url=&#8221;https:\/\/amzn.to\/422E6Rn&#8221; url_new_window=&#8221;on&#8221; button_text=&#8221;Comprar en amazon&#8221; _builder_version=&#8221;4.23.4&#8243; _module_preset=&#8221;default&#8221; custom_button=&#8221;on&#8221; button_text_color=&#8221;#FFFFFF&#8221; button_bg_color=&#8221;#45637F&#8221; button_border_color=&#8221;RGBA(255,255,255,0)&#8221; button_font=&#8221;Rajdhani||||||||&#8221; button_icon=&#8221;&#xf270;||fa||400&#8243; global_colors_info=&#8221;{}&#8221;][\/et_pb_button][\/et_pb_column][\/et_pb_row][et_pb_row _builder_version=&#8221;4.16&#8243; background_size=&#8221;initial&#8221; background_position=&#8221;top_left&#8221; background_repeat=&#8221;repeat&#8221; width=&#8221;100%&#8221; global_colors_info=&#8221;{}&#8221;][et_pb_column type=&#8221;4_4&#8243; _builder_version=&#8221;4.16&#8243; custom_padding=&#8221;|||&#8221; global_colors_info=&#8221;{}&#8221; custom_padding__hover=&#8221;|||&#8221;][et_pb_wc_tabs _builder_version=&#8221;4.16&#8243; global_colors_info=&#8221;{}&#8221;] [\/et_pb_wc_tabs][et_pb_wc_upsells _builder_version=&#8221;4.16&#8243; global_colors_info=&#8221;{}&#8221;][\/et_pb_wc_upsells][et_pb_wc_related_products _builder_version=&#8221;4.16&#8243; global_colors_info=&#8221;{}&#8221;][\/et_pb_wc_related_products][\/et_pb_column][\/et_pb_row][\/et_pb_section]<\/p>\n","protected":false},"excerpt":{"rendered":"<h1 class=\"a-size-base-plus a-text-bold\">Sobre este art\u00edculo<\/h1>\n<ul class=\"a-unordered-list a-vertical a-spacing-mini\">\n<li class=\"a-spacing-mini\">\n<div id=\"featurebullets_feature_div\" class=\"celwidget\" data-feature-name=\"featurebullets\" data-csa-c-type=\"widget\" data-csa-c-content-id=\"featurebullets\" data-csa-c-slot-id=\"featurebullets_feature_div\" data-csa-c-asin=\"B0C7GJDZD7\" data-csa-c-is-in-initial-active-row=\"false\" data-csa-c-id=\"j8glsf-h8okjz-p2x2r-ga21vv\" data-cel-widget=\"featurebullets_feature_div\">\n<div id=\"feature-bullets\" class=\"a-section a-spacing-medium a-spacing-top-small\">\n<ul class=\"a-unordered-list a-vertical a-spacing-mini\">\n<li class=\"a-spacing-mini\"><span class=\"a-list-item\">Pantalla ultra grande: con 1.91 pulgadas, la pantalla del Amazfit Bip 5 mejora en tama\u00f1o, vitalidad y resoluci\u00f3n. Curvada para lucir natural en tu mu\u00f1eca, la pantalla est\u00e1 hecha de vidrio templado que est\u00e1 cubierto con un revestimiento antihuellas. Disfruta de una pantalla m\u00e1s grande y un estilo m\u00e1s inteligente.<\/span><\/li>\n<li class=\"a-spacing-mini\"><span class=\"a-list-item\">Llamadas Bluetooth: a trav\u00e9s de la conexi\u00f3n Bluetooth a tu tel\u00e9fono, y utilizando el altavoz y el micr\u00f3fono integrados del reloj, puedes responder una llamada entrante en tu Amazfit Bip 5 o incluso hacer una llamada Bluetooth t\u00fa mismo usando la funci\u00f3n de dial pad.<\/span><\/li>\n<li class=\"a-spacing-mini\"><span class=\"a-list-item\">M\u00e1s de 70 aplicaciones y juegos descargables: gracias al rico ecosistema de aplicaciones proporcionado por Zepp OS 2.0, puede elegir entre una amplia gama de m\u00e1s de 70 aplicaciones y juegos que puede descargar en el reloj inteligente, e instalar o desinstalar f\u00e1cilmente desde la aplicaci\u00f3n Zepp.<\/span><\/li>\n<li class=\"a-spacing-mini\"><span class=\"a-list-item\">M\u00e1s inteligente sobre los deportes: con m\u00e1s de 120 modos deportivos y soporte para 4 sistemas de posicionamiento satelital, el Amazfit Bip 5 est\u00e1 listo para ser tu compa\u00f1ero de entrenamiento. Este rastreador de fitness hace que sea f\u00e1cil hacer ejercicio; puede detectar autom\u00e1ticamente 7 deportes, rastrear tu movimiento GPS y conectarse a aplicaciones de fitness como Strava, adidas Running, Komoot y mucho m\u00e1s<\/span><\/li>\n<li class=\"a-spacing-mini\"><span class=\"a-list-item\">Monitoreo de la salud las 24 horas: junto con el seguimiento preciso de la frecuencia card\u00edaca, el Amazfit Bip 5 puede controlar tus niveles de ox\u00edgeno en sangre y estr\u00e9s durante todo el d\u00eda y proporcionar alertas para lecturas anormales. Este reloj inteligente tambi\u00e9n puede rastrear la calidad y las etapas de tu sue\u00f1o, junto con los ciclos menstruales.<\/span><\/li>\n<li class=\"a-spacing-mini\"><span class=\"a-list-item\">Amazon Alexa integrado: configura alarmas y temporizadores, comprueba el clima, obt\u00e9n traducciones, controla tus dispositivos dom\u00e9sticos inteligentes, crea listas de compras y m\u00e1s, \u00a1todo desde tu mu\u00f1eca! Con el asistente de voz Amazon Alexa integrado, el Amazfit Bip 5 es tu propio asistente personal.<\/span><\/li>\n<li class=\"a-spacing-mini\"><span class=\"a-list-item\">Larga duraci\u00f3n de la bater\u00eda: capaz de durar 10 d\u00edas con el uso t\u00edpico, o incluso 26 d\u00edas en modo de ahorro de bater\u00eda, el reloj inteligente Amazfit Bip 5 permanece contigo en cada paso del camino.<\/span><\/li>\n<\/ul>\n<\/div>\n<\/div>\n<div id=\"acf-carousel_feature_div\" class=\"celwidget\" data-feature-name=\"acf-carousel\" data-csa-c-type=\"widget\" data-csa-c-content-id=\"acf-carousel\" data-csa-c-slot-id=\"acf-carousel_feature_div\" data-csa-c-asin=\"B0C7GJDZD7\" data-csa-c-is-in-initial-active-row=\"false\" data-csa-c-id=\"mocssy-lzwdoo-6f61hx-x7w1m8\" data-cel-widget=\"acf-carousel_feature_div\"><\/div>\n<div id=\"provenanceCertifications_feature_div\" class=\"celwidget\" data-feature-name=\"provenanceCertifications\" data-csa-c-type=\"widget\" data-csa-c-content-id=\"provenanceCertifications\" data-csa-c-slot-id=\"provenanceCertifications_feature_div\" data-csa-c-asin=\"B0C7GJDZD7\" data-csa-c-is-in-initial-active-row=\"false\" data-csa-c-id=\"ucn6so-yx5qkt-c0ddvr-kzhire\" data-cel-widget=\"provenanceCertifications_feature_div\">\n<div id=\"provenance-certifications\" class=\"a-section a-spacing-medium a-spacing-top-micro\"><\/div>\n<\/div>\n<\/li>\n<\/ul>\n","protected":false},"featured_media":216731,"comment_status":"open","ping_status":"closed","template":"","meta":{"_et_pb_use_builder":"on","_et_pb_old_content":"","_et_gb_content_width":""},"product_cat":[17],"product_tag":[],"yoast_head":"<!-- This site is optimized with the Yoast SEO Premium plugin v15.4 - https:\/\/yoast.com\/wordpress\/plugins\/seo\/ -->\n<title>Amazfit Bip 5 - Reloj inteligente con pantalla ultra grande | cybercaze<\/title>\n<meta name=\"description\" content=\"Experimenta un rendimiento excepcional con la Silicon Power Value Gaming DDR4 RAM. Dise\u00f1ada para satisfacer las demandas de los entusiastas del gaming y profesionales creativos, esta memoria RAM de 32 GB (2 x 16 GB) ofrece potencia y velocidad sin igual para tu escritorio.\" \/>\n<meta name=\"robots\" content=\"index, follow, max-snippet:-1, max-image-preview:large, max-video-preview:-1\" \/>\n<link rel=\"canonical\" href=\"https:\/\/cybercaze.com\/index.php\/producto\/amazfit-bip-5-reloj\/\" \/>\n<meta property=\"og:locale\" content=\"es_ES\" \/>\n<meta property=\"og:type\" content=\"article\" \/>\n<meta property=\"og:title\" content=\"Amazfit Bip 5 - Reloj inteligente con pantalla ultra grande | cybercaze\" \/>\n<meta property=\"og:description\" content=\"Experimenta un rendimiento excepcional con la Silicon Power Value Gaming DDR4 RAM. Dise\u00f1ada para satisfacer las demandas de los entusiastas del gaming y profesionales creativos, esta memoria RAM de 32 GB (2 x 16 GB) ofrece potencia y velocidad sin igual para tu escritorio.\" \/>\n<meta property=\"og:url\" content=\"https:\/\/cybercaze.com\/index.php\/producto\/amazfit-bip-5-reloj\/\" \/>\n<meta property=\"og:site_name\" content=\"cybercaze\" \/>\n<meta property=\"article:modified_time\" content=\"2024-02-03T15:24:17+00:00\" \/>\n<meta property=\"og:image\" content=\"https:\/\/cybercaze.com\/wp-content\/uploads\/2024\/01\/relojcategoria.png\" \/>\n\t<meta property=\"og:image:width\" content=\"679\" \/>\n\t<meta property=\"og:image:height\" content=\"501\" \/>\n<meta name=\"twitter:card\" content=\"summary_large_image\" \/>\n<meta name=\"twitter:label1\" content=\"Escrito por\">\n\t<meta name=\"twitter:data1\" content=\"Luis F lopez\">\n\t<meta name=\"twitter:label2\" content=\"Tiempo de lectura\">\n\t<meta name=\"twitter:data2\" content=\"2 minutos\">\n<script type=\"application\/ld+json\" class=\"yoast-schema-graph\">{\"@context\":\"https:\/\/schema.org\",\"@graph\":[{\"@type\":\"Organization\",\"@id\":\"https:\/\/cybercaze.com\/#organization\",\"name\":\"Cybercaze\",\"url\":\"https:\/\/cybercaze.com\/\",\"sameAs\":[],\"logo\":{\"@type\":\"ImageObject\",\"@id\":\"https:\/\/cybercaze.com\/#logo\",\"inLanguage\":\"es\",\"url\":\"https:\/\/cybercaze.com\/wp-content\/uploads\/2023\/12\/logo-grande.png\",\"width\":2000,\"height\":4080,\"caption\":\"Cybercaze\"},\"image\":{\"@id\":\"https:\/\/cybercaze.com\/#logo\"}},{\"@type\":\"WebSite\",\"@id\":\"https:\/\/cybercaze.com\/#website\",\"url\":\"https:\/\/cybercaze.com\/\",\"name\":\"cybercaze\",\"description\":\"Tienda en l\\u00ednea para productos de tecnolog\\u00eda, equipos y accesorios\",\"publisher\":{\"@id\":\"https:\/\/cybercaze.com\/#organization\"},\"potentialAction\":[{\"@type\":\"SearchAction\",\"target\":\"https:\/\/cybercaze.com\/?s={search_term_string}\",\"query-input\":\"required name=search_term_string\"}],\"inLanguage\":\"es\"},{\"@type\":\"ImageObject\",\"@id\":\"https:\/\/cybercaze.com\/index.php\/producto\/amazfit-bip-5-reloj\/#primaryimage\",\"inLanguage\":\"es\",\"url\":\"https:\/\/cybercaze.com\/wp-content\/uploads\/2024\/01\/relojcategoria.png\",\"width\":679,\"height\":501},{\"@type\":\"WebPage\",\"@id\":\"https:\/\/cybercaze.com\/index.php\/producto\/amazfit-bip-5-reloj\/#webpage\",\"url\":\"https:\/\/cybercaze.com\/index.php\/producto\/amazfit-bip-5-reloj\/\",\"name\":\"Amazfit Bip 5 - Reloj inteligente con pantalla ultra grande | cybercaze\",\"isPartOf\":{\"@id\":\"https:\/\/cybercaze.com\/#website\"},\"primaryImageOfPage\":{\"@id\":\"https:\/\/cybercaze.com\/index.php\/producto\/amazfit-bip-5-reloj\/#primaryimage\"},\"datePublished\":\"2024-01-19T17:24:49+00:00\",\"dateModified\":\"2024-02-03T15:24:17+00:00\",\"description\":\"Experimenta un rendimiento excepcional con la Silicon Power Value Gaming DDR4 RAM. Dise\\u00f1ada para satisfacer las demandas de los entusiastas del gaming y profesionales creativos, esta memoria RAM de 32 GB (2 x 16 GB) ofrece potencia y velocidad sin igual para tu escritorio.\",\"inLanguage\":\"es\",\"potentialAction\":[{\"@type\":\"ReadAction\",\"target\":[\"https:\/\/cybercaze.com\/index.php\/producto\/amazfit-bip-5-reloj\/\"]}]}]}<\/script>\n<!-- \/ Yoast SEO Premium plugin. -->","_links":{"self":[{"href":"https:\/\/cybercaze.com\/index.php\/wp-json\/wp\/v2\/product\/216671"}],"collection":[{"href":"https:\/\/cybercaze.com\/index.php\/wp-json\/wp\/v2\/product"}],"about":[{"href":"https:\/\/cybercaze.com\/index.php\/wp-json\/wp\/v2\/types\/product"}],"replies":[{"embeddable":true,"href":"https:\/\/cybercaze.com\/index.php\/wp-json\/wp\/v2\/comments?post=216671"}],"wp:featuredmedia":[{"embeddable":true,"href":"https:\/\/cybercaze.com\/index.php\/wp-json\/wp\/v2\/media\/216731"}],"wp:attachment":[{"href":"https:\/\/cybercaze.com\/index.php\/wp-json\/wp\/v2\/media?parent=216671"}],"wp:term":[{"taxonomy":"product_cat","embeddable":true,"href":"https:\/\/cybercaze.com\/index.php\/wp-json\/wp\/v2\/product_cat?post=216671"},{"taxonomy":"product_tag","embeddable":true,"href":"https:\/\/cybercaze.com\/index.php\/wp-json\/wp\/v2\/product_tag?post=216671"}],"curies":[{"name":"wp","href":"https:\/\/api.w.org\/{rel}","templated":true}]}}