{"id":216663,"date":"2024-01-19T12:14:21","date_gmt":"2024-01-19T17:14:21","guid":{"rendered":"https:\/\/cybercaze.com\/?post_type=product&#038;p=216663"},"modified":"2024-01-29T18:05:44","modified_gmt":"2024-01-29T23:05:44","slug":"meta-quest-2-advanced-all-in-one-virtual-reality-headset","status":"publish","type":"product","link":"https:\/\/cybercaze.com\/index.php\/producto\/meta-quest-2-advanced-all-in-one-virtual-reality-headset\/","title":{"rendered":"Meta Quest 2 Advanced All-In-One Virtual Reality Headset"},"content":{"rendered":"<p>[et_pb_section fb_built=&#8221;1&#8243; _builder_version=&#8221;4.23.1&#8243; background_color=&#8221;RGBA(255,255,255,0)&#8221; use_background_color_gradient=&#8221;off&#8221; custom_padding=&#8221;0px||||false|false&#8221; global_colors_info=&#8221;{}&#8221;][et_pb_row _builder_version=&#8221;4.16&#8243; background_size=&#8221;initial&#8221; background_position=&#8221;top_left&#8221; background_repeat=&#8221;repeat&#8221; width=&#8221;100%&#8221; custom_padding=&#8221;0px||0px||false|false&#8221; global_colors_info=&#8221;{}&#8221;][et_pb_column type=&#8221;4_4&#8243; _builder_version=&#8221;4.16&#8243; custom_padding=&#8221;|||&#8221; global_colors_info=&#8221;{}&#8221; custom_padding__hover=&#8221;|||&#8221;][et_pb_wc_breadcrumb _builder_version=&#8221;4.16&#8243; global_colors_info=&#8221;{}&#8221;][\/et_pb_wc_breadcrumb][et_pb_wc_cart_notice _builder_version=&#8221;4.16&#8243; global_colors_info=&#8221;{}&#8221;][\/et_pb_wc_cart_notice][\/et_pb_column][\/et_pb_row][et_pb_row column_structure=&#8221;1_2,1_2&#8243; _builder_version=&#8221;4.16&#8243; background_size=&#8221;initial&#8221; background_position=&#8221;top_left&#8221; background_repeat=&#8221;repeat&#8221; width=&#8221;100%&#8221; custom_padding=&#8221;0px||||false|false&#8221; global_colors_info=&#8221;{}&#8221;][et_pb_column type=&#8221;1_2&#8243; _builder_version=&#8221;4.16&#8243; custom_padding=&#8221;|||&#8221; global_colors_info=&#8221;{}&#8221; custom_padding__hover=&#8221;|||&#8221;][et_pb_wc_images _builder_version=&#8221;4.23.3&#8243; link_option_url=&#8221;https:\/\/amzn.to\/3S0XJpw&#8221; global_colors_info=&#8221;{}&#8221;][\/et_pb_wc_images][\/et_pb_column][et_pb_column type=&#8221;1_2&#8243; _builder_version=&#8221;4.16&#8243; custom_padding=&#8221;|||&#8221; global_colors_info=&#8221;{}&#8221; custom_padding__hover=&#8221;|||&#8221;][et_pb_wc_title _builder_version=&#8221;4.16&#8243; global_colors_info=&#8221;{}&#8221;][\/et_pb_wc_title][et_pb_wc_rating _builder_version=&#8221;4.16&#8243; global_colors_info=&#8221;{}&#8221;][\/et_pb_wc_rating][et_pb_wc_price _builder_version=&#8221;4.16&#8243; global_colors_info=&#8221;{}&#8221;][\/et_pb_wc_price][et_pb_button button_url=&#8221;https:\/\/amzn.to\/48HcVho&#8221; url_new_window=&#8221;on&#8221; button_text=&#8221;Comprar en amazon&#8221; _builder_version=&#8221;4.23.4&#8243; _module_preset=&#8221;default&#8221; custom_button=&#8221;on&#8221; button_text_color=&#8221;#FFFFFF&#8221; button_bg_color=&#8221;#45637F&#8221; button_border_color=&#8221;RGBA(255,255,255,0)&#8221; button_font=&#8221;Rajdhani||||||||&#8221; button_icon=&#8221;&#xf270;||fa||400&#8243; global_colors_info=&#8221;{}&#8221;][\/et_pb_button][et_pb_wc_description _builder_version=&#8221;4.24.0&#8243; global_colors_info=&#8221;{}&#8221;][\/et_pb_wc_description][et_pb_wc_add_to_cart _builder_version=&#8221;4.16&#8243; global_colors_info=&#8221;{}&#8221;][\/et_pb_wc_add_to_cart][et_pb_wc_meta _builder_version=&#8221;4.16&#8243; global_colors_info=&#8221;{}&#8221;][\/et_pb_wc_meta][et_pb_button button_url=&#8221;https:\/\/amzn.to\/48HcVho&#8221; url_new_window=&#8221;on&#8221; button_text=&#8221;Comprar en amazon&#8221; _builder_version=&#8221;4.23.4&#8243; _module_preset=&#8221;default&#8221; custom_button=&#8221;on&#8221; button_text_color=&#8221;#FFFFFF&#8221; button_bg_color=&#8221;#45637F&#8221; button_border_color=&#8221;RGBA(255,255,255,0)&#8221; button_font=&#8221;Rajdhani||||||||&#8221; button_icon=&#8221;&#xf270;||fa||400&#8243; global_colors_info=&#8221;{}&#8221;][\/et_pb_button][\/et_pb_column][\/et_pb_row][\/et_pb_section][et_pb_section fb_built=&#8221;1&#8243; _builder_version=&#8221;4.24.0&#8243; _module_preset=&#8221;default&#8221; background_color=&#8221;RGBA(255,255,255,0)&#8221; use_background_color_gradient=&#8221;off&#8221; global_colors_info=&#8221;{}&#8221;][et_pb_row _builder_version=&#8221;4.24.0&#8243; _module_preset=&#8221;default&#8221; global_colors_info=&#8221;{}&#8221;][et_pb_column type=&#8221;4_4&#8243; _builder_version=&#8221;4.24.0&#8243; _module_preset=&#8221;default&#8221; global_colors_info=&#8221;{}&#8221;][et_pb_wc_related_products _builder_version=&#8221;4.24.0&#8243; _module_preset=&#8221;default&#8221; global_colors_info=&#8221;{}&#8221;][\/et_pb_wc_related_products][\/et_pb_column][\/et_pb_row][\/et_pb_section]<\/p>\n","protected":false},"excerpt":{"rendered":"<h1 class=\"a-size-base-plus a-text-bold\">Sobre este art\u00edculo<\/h1>\n<ul class=\"a-unordered-list a-vertical a-spacing-mini\">\n<li class=\"a-spacing-mini\"><span class=\"a-list-item\">Experimenta una inmersi\u00f3n total con audio posicional 3D, seguimiento manual y controladores f\u00e1ciles de usar que trabajan juntos para hacer que los mundos virtuales se sientan reales.<\/span><\/li>\n<li class=\"a-spacing-mini\"><span class=\"a-list-item\">Explora un universo en expansi\u00f3n de m\u00e1s de 500 t\u00edtulos en juegos, fitness, social\/multijugador y entretenimiento, incluyendo lanzamientos exclusivos y experiencias de realidad virtual totalmente \u00fanicas.<\/span><\/li>\n<li class=\"a-spacing-mini\"><span class=\"a-list-item\">Disfruta de una jugabilidad r\u00e1pida y fluida y gr\u00e1ficos inmersivos a medida que la acci\u00f3n de alta velocidad se desarrolla a tu alrededor con un procesador r\u00e1pido y gr\u00e1ficos envolventes.<\/span><\/li>\n<li class=\"a-spacing-mini\"><span class=\"a-list-item\">Viaja universos en fantas\u00edas de gran \u00e9xito, asustarte sin sabios en aventuras de terror o escuadra con amigos para salvar el universo.<\/span><\/li>\n<li class=\"a-spacing-mini\"><span class=\"a-list-item\">Re\u00fanete en incre\u00edbles espacios sociales y arenas multijugador mientras disfrutas de eventos en vivo con amigos y familiares, encuentra tu nuevo equipo de entrenamiento o \u00fanete a aventuras con otros jugadores.<\/span><\/li>\n<li class=\"a-spacing-mini\"><span class=\"a-list-item\">Sea verdaderamente libre de explorar en realidad virtual Con un auricular inal\u00e1mbrico, controles intuitivos, una bater\u00eda incorporada, f\u00e1cil configuraci\u00f3n y no necesita PC o consola.<\/span><\/li>\n<li class=\"a-spacing-mini\"><span class=\"a-list-item\">Juega sin preocupaciones configurando tu espacio de juego designado y recibe alertas si te mueves fuera de \u00e9l.<\/span><\/li>\n<\/ul>\n<div class=\"a-row a-expander-container a-expander-inline-container\"><a class=\"a-expander-header a-declarative a-expander-extend-header\" role=\"button\" data-csa-c-func-deps=\"aui-da-a-expander-toggle\" data-csa-c-type=\"widget\" data-csa-interaction-events=\"click\" aria-expanded=\"false\" data-action=\"a-expander-toggle\" data-a-expander-toggle=\"{&quot;allowLinkDefault&quot;:true, &quot;expand_prompt&quot;:&quot;Mostrar m\u00e1s&quot;, &quot;collapse_prompt&quot;:&quot;Mostrar menos&quot;}\" data-csa-c-id=\"m6q1h6-cqalg9-mehpph-waok6e\"><i class=\"a-icon a-icon-extender-expand\"><\/i><span class=\"a-expander-prompt\">Mostrar m\u00e1s<\/span><\/a><\/div>\n","protected":false},"featured_media":216805,"comment_status":"open","ping_status":"closed","template":"","meta":{"_et_pb_use_builder":"on","_et_pb_old_content":"","_et_gb_content_width":""},"product_cat":[17],"product_tag":[],"yoast_head":"<!-- This site is optimized with the Yoast SEO Premium plugin v15.4 - https:\/\/yoast.com\/wordpress\/plugins\/seo\/ -->\n<title>Meta Quest 2 Advanced All-In-One Virtual Reality Headset | cybercaze<\/title>\n<meta name=\"description\" content=\"Experimenta un rendimiento excepcional con la Silicon Power Value Gaming DDR4 RAM. Dise\u00f1ada para satisfacer las demandas de los entusiastas del gaming y profesionales creativos, esta memoria RAM de 32 GB (2 x 16 GB) ofrece potencia y velocidad sin igual para tu escritorio.\" \/>\n<meta name=\"robots\" content=\"index, follow, max-snippet:-1, max-image-preview:large, max-video-preview:-1\" \/>\n<link rel=\"canonical\" href=\"https:\/\/cybercaze.com\/index.php\/producto\/meta-quest-2-advanced-all-in-one-virtual-reality-headset\/\" \/>\n<meta property=\"og:locale\" content=\"es_ES\" \/>\n<meta property=\"og:type\" content=\"article\" \/>\n<meta property=\"og:title\" content=\"Meta Quest 2 Advanced All-In-One Virtual Reality Headset | cybercaze\" \/>\n<meta property=\"og:description\" content=\"Experimenta un rendimiento excepcional con la Silicon Power Value Gaming DDR4 RAM. Dise\u00f1ada para satisfacer las demandas de los entusiastas del gaming y profesionales creativos, esta memoria RAM de 32 GB (2 x 16 GB) ofrece potencia y velocidad sin igual para tu escritorio.\" \/>\n<meta property=\"og:url\" content=\"https:\/\/cybercaze.com\/index.php\/producto\/meta-quest-2-advanced-all-in-one-virtual-reality-headset\/\" \/>\n<meta property=\"og:site_name\" content=\"cybercaze\" \/>\n<meta property=\"article:modified_time\" content=\"2024-01-29T23:05:44+00:00\" \/>\n<meta property=\"og:image\" content=\"https:\/\/cybercaze.com\/wp-content\/uploads\/2024\/01\/gafasvirtualsintexto.png\" \/>\n\t<meta property=\"og:image:width\" content=\"679\" \/>\n\t<meta property=\"og:image:height\" content=\"501\" \/>\n<meta name=\"twitter:card\" content=\"summary_large_image\" \/>\n<meta name=\"twitter:label1\" content=\"Escrito por\">\n\t<meta name=\"twitter:data1\" content=\"Luis F lopez\">\n\t<meta name=\"twitter:label2\" content=\"Tiempo de lectura\">\n\t<meta name=\"twitter:data2\" content=\"2 minutos\">\n<script type=\"application\/ld+json\" class=\"yoast-schema-graph\">{\"@context\":\"https:\/\/schema.org\",\"@graph\":[{\"@type\":\"Organization\",\"@id\":\"https:\/\/cybercaze.com\/#organization\",\"name\":\"Cybercaze\",\"url\":\"https:\/\/cybercaze.com\/\",\"sameAs\":[],\"logo\":{\"@type\":\"ImageObject\",\"@id\":\"https:\/\/cybercaze.com\/#logo\",\"inLanguage\":\"es\",\"url\":\"https:\/\/cybercaze.com\/wp-content\/uploads\/2023\/12\/logo-grande.png\",\"width\":2000,\"height\":4080,\"caption\":\"Cybercaze\"},\"image\":{\"@id\":\"https:\/\/cybercaze.com\/#logo\"}},{\"@type\":\"WebSite\",\"@id\":\"https:\/\/cybercaze.com\/#website\",\"url\":\"https:\/\/cybercaze.com\/\",\"name\":\"cybercaze\",\"description\":\"Tienda en l\\u00ednea para productos de tecnolog\\u00eda, equipos y accesorios\",\"publisher\":{\"@id\":\"https:\/\/cybercaze.com\/#organization\"},\"potentialAction\":[{\"@type\":\"SearchAction\",\"target\":\"https:\/\/cybercaze.com\/?s={search_term_string}\",\"query-input\":\"required name=search_term_string\"}],\"inLanguage\":\"es\"},{\"@type\":\"ImageObject\",\"@id\":\"https:\/\/cybercaze.com\/index.php\/producto\/meta-quest-2-advanced-all-in-one-virtual-reality-headset\/#primaryimage\",\"inLanguage\":\"es\",\"url\":\"https:\/\/cybercaze.com\/wp-content\/uploads\/2024\/01\/gafasvirtualsintexto.png\",\"width\":679,\"height\":501},{\"@type\":\"WebPage\",\"@id\":\"https:\/\/cybercaze.com\/index.php\/producto\/meta-quest-2-advanced-all-in-one-virtual-reality-headset\/#webpage\",\"url\":\"https:\/\/cybercaze.com\/index.php\/producto\/meta-quest-2-advanced-all-in-one-virtual-reality-headset\/\",\"name\":\"Meta Quest 2 Advanced All-In-One Virtual Reality Headset | cybercaze\",\"isPartOf\":{\"@id\":\"https:\/\/cybercaze.com\/#website\"},\"primaryImageOfPage\":{\"@id\":\"https:\/\/cybercaze.com\/index.php\/producto\/meta-quest-2-advanced-all-in-one-virtual-reality-headset\/#primaryimage\"},\"datePublished\":\"2024-01-19T17:14:21+00:00\",\"dateModified\":\"2024-01-29T23:05:44+00:00\",\"description\":\"Experimenta un rendimiento excepcional con la Silicon Power Value Gaming DDR4 RAM. Dise\\u00f1ada para satisfacer las demandas de los entusiastas del gaming y profesionales creativos, esta memoria RAM de 32 GB (2 x 16 GB) ofrece potencia y velocidad sin igual para tu escritorio.\",\"inLanguage\":\"es\",\"potentialAction\":[{\"@type\":\"ReadAction\",\"target\":[\"https:\/\/cybercaze.com\/index.php\/producto\/meta-quest-2-advanced-all-in-one-virtual-reality-headset\/\"]}]}]}<\/script>\n<!-- \/ Yoast SEO Premium plugin. -->","_links":{"self":[{"href":"https:\/\/cybercaze.com\/index.php\/wp-json\/wp\/v2\/product\/216663"}],"collection":[{"href":"https:\/\/cybercaze.com\/index.php\/wp-json\/wp\/v2\/product"}],"about":[{"href":"https:\/\/cybercaze.com\/index.php\/wp-json\/wp\/v2\/types\/product"}],"replies":[{"embeddable":true,"href":"https:\/\/cybercaze.com\/index.php\/wp-json\/wp\/v2\/comments?post=216663"}],"wp:featuredmedia":[{"embeddable":true,"href":"https:\/\/cybercaze.com\/index.php\/wp-json\/wp\/v2\/media\/216805"}],"wp:attachment":[{"href":"https:\/\/cybercaze.com\/index.php\/wp-json\/wp\/v2\/media?parent=216663"}],"wp:term":[{"taxonomy":"product_cat","embeddable":true,"href":"https:\/\/cybercaze.com\/index.php\/wp-json\/wp\/v2\/product_cat?post=216663"},{"taxonomy":"product_tag","embeddable":true,"href":"https:\/\/cybercaze.com\/index.php\/wp-json\/wp\/v2\/product_tag?post=216663"}],"curies":[{"name":"wp","href":"https:\/\/api.w.org\/{rel}","templated":true}]}}