{"id":216657,"date":"2024-01-19T11:26:03","date_gmt":"2024-01-19T16:26:03","guid":{"rendered":"https:\/\/cybercaze.com\/?post_type=product&#038;p=216657"},"modified":"2024-01-31T17:43:22","modified_gmt":"2024-01-31T22:43:22","slug":"extensor-amplificador-wifi","status":"publish","type":"product","link":"https:\/\/cybercaze.com\/index.php\/producto\/extensor-amplificador-wifi\/","title":{"rendered":"Macard Amplificador de extensi\u00f3n WiFi \u2013  74% m\u00e1s r\u00e1pido"},"content":{"rendered":"<p>[et_pb_section fb_built=&#8221;1&#8243; _builder_version=&#8221;4.23.1&#8243; background_color=&#8221;RGBA(255,255,255,0)&#8221; use_background_color_gradient=&#8221;off&#8221; custom_padding=&#8221;0px||||false|false&#8221; global_colors_info=&#8221;{}&#8221;][et_pb_row _builder_version=&#8221;4.16&#8243; background_size=&#8221;initial&#8221; background_position=&#8221;top_left&#8221; background_repeat=&#8221;repeat&#8221; width=&#8221;100%&#8221; custom_padding=&#8221;0px||0px||false|false&#8221; global_colors_info=&#8221;{}&#8221;][et_pb_column type=&#8221;4_4&#8243; _builder_version=&#8221;4.16&#8243; custom_padding=&#8221;|||&#8221; global_colors_info=&#8221;{}&#8221; custom_padding__hover=&#8221;|||&#8221;][et_pb_wc_breadcrumb _builder_version=&#8221;4.16&#8243; global_colors_info=&#8221;{}&#8221;][\/et_pb_wc_breadcrumb][et_pb_wc_cart_notice _builder_version=&#8221;4.16&#8243; global_colors_info=&#8221;{}&#8221;][\/et_pb_wc_cart_notice][\/et_pb_column][\/et_pb_row][et_pb_row column_structure=&#8221;1_2,1_2&#8243; _builder_version=&#8221;4.16&#8243; background_size=&#8221;initial&#8221; background_position=&#8221;top_left&#8221; background_repeat=&#8221;repeat&#8221; width=&#8221;100%&#8221; custom_padding=&#8221;0px||||false|false&#8221; global_colors_info=&#8221;{}&#8221;][et_pb_column type=&#8221;1_2&#8243; _builder_version=&#8221;4.16&#8243; custom_padding=&#8221;|||&#8221; global_colors_info=&#8221;{}&#8221; custom_padding__hover=&#8221;|||&#8221;][et_pb_wc_images _builder_version=&#8221;4.23.3&#8243; link_option_url=&#8221;https:\/\/amzn.to\/3S0XJpw&#8221; global_colors_info=&#8221;{}&#8221;][\/et_pb_wc_images][\/et_pb_column][et_pb_column type=&#8221;1_2&#8243; _builder_version=&#8221;4.16&#8243; custom_padding=&#8221;|||&#8221; global_colors_info=&#8221;{}&#8221; custom_padding__hover=&#8221;|||&#8221;][et_pb_wc_title _builder_version=&#8221;4.16&#8243; global_colors_info=&#8221;{}&#8221;][\/et_pb_wc_title][et_pb_wc_rating _builder_version=&#8221;4.16&#8243; global_colors_info=&#8221;{}&#8221;][\/et_pb_wc_rating][et_pb_wc_price _builder_version=&#8221;4.16&#8243; global_colors_info=&#8221;{}&#8221;][\/et_pb_wc_price][et_pb_wc_description _builder_version=&#8221;4.16&#8243; global_colors_info=&#8221;{}&#8221;][\/et_pb_wc_description][et_pb_wc_add_to_cart _builder_version=&#8221;4.16&#8243; global_colors_info=&#8221;{}&#8221;][\/et_pb_wc_add_to_cart][et_pb_wc_meta _builder_version=&#8221;4.16&#8243; global_colors_info=&#8221;{}&#8221;][\/et_pb_wc_meta][et_pb_button button_url=&#8221;https:\/\/amzn.to\/3vRlzeA&#8221; url_new_window=&#8221;on&#8221; button_text=&#8221;Comprar en amazon&#8221; _builder_version=&#8221;4.23.4&#8243; _module_preset=&#8221;default&#8221; custom_button=&#8221;on&#8221; button_text_color=&#8221;#FFFFFF&#8221; button_bg_color=&#8221;#45637F&#8221; button_border_color=&#8221;RGBA(255,255,255,0)&#8221; button_font=&#8221;Rajdhani||||||||&#8221; button_icon=&#8221;&#xf270;||fa||400&#8243; global_colors_info=&#8221;{}&#8221;][\/et_pb_button][\/et_pb_column][\/et_pb_row][et_pb_row _builder_version=&#8221;4.16&#8243; background_size=&#8221;initial&#8221; background_position=&#8221;top_left&#8221; background_repeat=&#8221;repeat&#8221; width=&#8221;100%&#8221; global_colors_info=&#8221;{}&#8221;][et_pb_column type=&#8221;4_4&#8243; _builder_version=&#8221;4.16&#8243; custom_padding=&#8221;|||&#8221; global_colors_info=&#8221;{}&#8221; custom_padding__hover=&#8221;|||&#8221;][et_pb_wc_tabs _builder_version=&#8221;4.16&#8243; global_colors_info=&#8221;{}&#8221;] [\/et_pb_wc_tabs][et_pb_wc_upsells _builder_version=&#8221;4.16&#8243; global_colors_info=&#8221;{}&#8221;][\/et_pb_wc_upsells][et_pb_wc_related_products _builder_version=&#8221;4.16&#8243; global_colors_info=&#8221;{}&#8221;][\/et_pb_wc_related_products][\/et_pb_column][\/et_pb_row][\/et_pb_section]<\/p>\n","protected":false},"excerpt":{"rendered":"<h1 class=\"a-size-base-plus a-text-bold\">Sobre este art\u00edculo<\/h1>\n<ul class=\"a-unordered-list a-vertical a-spacing-mini\">\n<li class=\"a-spacing-mini\"><span class=\"a-list-item\">hasta 9K+pies cuadrados! Explota barreras, elimina los zombis de la zona muerta: en interiores y exteriores: nunca te quedes atascado detr\u00e1s de paredes gruesas, electrodom\u00e9sticos y pisos de cemento, Macard ofrece un ancho de banda ultraestable para juegos en l\u00ednea, videoconferencias e incluso transmisi\u00f3n de videos 4K HD.<\/span><\/li>\n<li class=\"a-spacing-mini\"><span class=\"a-list-item\">M\u00e1s de 45 dispositivos, Zero Bog &#8211; Casa llena de cerdos de datos? El amplificador de rango de Internet de Macard con puerto Ethernet elimina los problemas r\u00e1pidamente. Bombea capacidades de datos sin interferencias y r\u00e1pidas a todas las tabletas, Fire Stick, Roku, altavoces inteligentes, dispositivos Alexa para el hogar, c\u00e1maras IP y lo que sea que las redes internas inventen a continuaci\u00f3n. Sin empantanar tu propia corriente.<\/span><\/li>\n<li class=\"a-spacing-mini\"><span class=\"a-list-item\">Est\u00e1ndares de EE. UU. &#8211; Seguridad financiera a nivel bancario &#8211; Con rendimiento, este potente amplificador de se\u00f1al Wi-Fi se combina con nuestro procesador de 2.4 GHz para facilitar los protocolos de seguridad WEP\/WPA\/WPA 2 que ponen celoso a tu banco local. El extensor de Wi-Fi ideal para una casa llena de ni\u00f1os que &#8216;descargan cosas que&#8230; ejem&#8230; no deber\u00edan&#8217;.<\/span><\/li>\n<li class=\"a-spacing-mini\"><span class=\"a-list-item\">\u00bfPuedes presionar un bot\u00f3n? \u00a1Est\u00e1s preparado! Single Tap WPS conecta tu dispositivo en unos segundos. No se quede esperando a que se activen las luces. Desempaqueta. Enchufe. Mantenga por enrutador. \u00a1Toque!<\/span><\/li>\n<li class=\"a-spacing-mini\"><span class=\"a-list-item\">5 modos: \u00faltima actualizaci\u00f3n avanzada de 2023: Ya sea que est\u00e9 ejecutando un negocio, corriendo a clase en l\u00ednea o simplemente transmitiendo 45 dispositivos, este enrutador inal\u00e1mbrico de 5 modos lo hace. Ll\u00e9valo a casa. Siga las instrucciones. Elija enrutador, repetidor, punto de acceso, cliente o modo wisp y BOOM: transmite m\u00e1s r\u00e1pido, m\u00e1s lejos y m\u00e1s fuerte que todos sus vecinos combinados. Garantizado para difundir una sonrisa satisfactoria en tu cara.<\/span><\/li>\n<\/ul>\n","protected":false},"featured_media":216732,"comment_status":"open","ping_status":"closed","template":"","meta":{"_et_pb_use_builder":"on","_et_pb_old_content":"","_et_gb_content_width":""},"product_cat":[17],"product_tag":[],"yoast_head":"<!-- This site is optimized with the Yoast SEO Premium plugin v15.4 - https:\/\/yoast.com\/wordpress\/plugins\/seo\/ -->\n<title>Macard Amplificador de extensi\u00f3n WiFi \u2013 74% m\u00e1s r\u00e1pido | cybercaze<\/title>\n<meta name=\"description\" content=\"Experimenta un rendimiento excepcional con la Silicon Power Value Gaming DDR4 RAM. Dise\u00f1ada para satisfacer las demandas de los entusiastas del gaming y profesionales creativos, esta memoria RAM de 32 GB (2 x 16 GB) ofrece potencia y velocidad sin igual para tu escritorio.\" \/>\n<meta name=\"robots\" content=\"index, follow, max-snippet:-1, max-image-preview:large, max-video-preview:-1\" \/>\n<link rel=\"canonical\" href=\"https:\/\/cybercaze.com\/index.php\/producto\/extensor-amplificador-wifi\/\" \/>\n<meta property=\"og:locale\" content=\"es_ES\" \/>\n<meta property=\"og:type\" content=\"article\" \/>\n<meta property=\"og:title\" content=\"Macard Amplificador de extensi\u00f3n WiFi \u2013 74% m\u00e1s r\u00e1pido | cybercaze\" \/>\n<meta property=\"og:description\" content=\"Experimenta un rendimiento excepcional con la Silicon Power Value Gaming DDR4 RAM. Dise\u00f1ada para satisfacer las demandas de los entusiastas del gaming y profesionales creativos, esta memoria RAM de 32 GB (2 x 16 GB) ofrece potencia y velocidad sin igual para tu escritorio.\" \/>\n<meta property=\"og:url\" content=\"https:\/\/cybercaze.com\/index.php\/producto\/extensor-amplificador-wifi\/\" \/>\n<meta property=\"og:site_name\" content=\"cybercaze\" \/>\n<meta property=\"article:modified_time\" content=\"2024-01-31T22:43:22+00:00\" \/>\n<meta property=\"og:image\" content=\"https:\/\/cybercaze.com\/wp-content\/uploads\/2024\/01\/repetidor.png\" \/>\n\t<meta property=\"og:image:width\" content=\"679\" \/>\n\t<meta property=\"og:image:height\" content=\"501\" \/>\n<meta name=\"twitter:card\" content=\"summary_large_image\" \/>\n<meta name=\"twitter:label1\" content=\"Escrito por\">\n\t<meta name=\"twitter:data1\" content=\"Luis F lopez\">\n\t<meta name=\"twitter:label2\" content=\"Tiempo de lectura\">\n\t<meta name=\"twitter:data2\" content=\"2 minutos\">\n<script type=\"application\/ld+json\" class=\"yoast-schema-graph\">{\"@context\":\"https:\/\/schema.org\",\"@graph\":[{\"@type\":\"Organization\",\"@id\":\"https:\/\/cybercaze.com\/#organization\",\"name\":\"Cybercaze\",\"url\":\"https:\/\/cybercaze.com\/\",\"sameAs\":[],\"logo\":{\"@type\":\"ImageObject\",\"@id\":\"https:\/\/cybercaze.com\/#logo\",\"inLanguage\":\"es\",\"url\":\"https:\/\/cybercaze.com\/wp-content\/uploads\/2023\/12\/logo-grande.png\",\"width\":2000,\"height\":4080,\"caption\":\"Cybercaze\"},\"image\":{\"@id\":\"https:\/\/cybercaze.com\/#logo\"}},{\"@type\":\"WebSite\",\"@id\":\"https:\/\/cybercaze.com\/#website\",\"url\":\"https:\/\/cybercaze.com\/\",\"name\":\"cybercaze\",\"description\":\"Tienda en l\\u00ednea para productos de tecnolog\\u00eda, equipos y accesorios\",\"publisher\":{\"@id\":\"https:\/\/cybercaze.com\/#organization\"},\"potentialAction\":[{\"@type\":\"SearchAction\",\"target\":\"https:\/\/cybercaze.com\/?s={search_term_string}\",\"query-input\":\"required name=search_term_string\"}],\"inLanguage\":\"es\"},{\"@type\":\"ImageObject\",\"@id\":\"https:\/\/cybercaze.com\/index.php\/producto\/extensor-amplificador-wifi\/#primaryimage\",\"inLanguage\":\"es\",\"url\":\"https:\/\/cybercaze.com\/wp-content\/uploads\/2024\/01\/repetidor.png\",\"width\":679,\"height\":501},{\"@type\":\"WebPage\",\"@id\":\"https:\/\/cybercaze.com\/index.php\/producto\/extensor-amplificador-wifi\/#webpage\",\"url\":\"https:\/\/cybercaze.com\/index.php\/producto\/extensor-amplificador-wifi\/\",\"name\":\"Macard Amplificador de extensi\\u00f3n WiFi \\u2013 74% m\\u00e1s r\\u00e1pido | cybercaze\",\"isPartOf\":{\"@id\":\"https:\/\/cybercaze.com\/#website\"},\"primaryImageOfPage\":{\"@id\":\"https:\/\/cybercaze.com\/index.php\/producto\/extensor-amplificador-wifi\/#primaryimage\"},\"datePublished\":\"2024-01-19T16:26:03+00:00\",\"dateModified\":\"2024-01-31T22:43:22+00:00\",\"description\":\"Experimenta un rendimiento excepcional con la Silicon Power Value Gaming DDR4 RAM. Dise\\u00f1ada para satisfacer las demandas de los entusiastas del gaming y profesionales creativos, esta memoria RAM de 32 GB (2 x 16 GB) ofrece potencia y velocidad sin igual para tu escritorio.\",\"inLanguage\":\"es\",\"potentialAction\":[{\"@type\":\"ReadAction\",\"target\":[\"https:\/\/cybercaze.com\/index.php\/producto\/extensor-amplificador-wifi\/\"]}]}]}<\/script>\n<!-- \/ Yoast SEO Premium plugin. -->","_links":{"self":[{"href":"https:\/\/cybercaze.com\/index.php\/wp-json\/wp\/v2\/product\/216657"}],"collection":[{"href":"https:\/\/cybercaze.com\/index.php\/wp-json\/wp\/v2\/product"}],"about":[{"href":"https:\/\/cybercaze.com\/index.php\/wp-json\/wp\/v2\/types\/product"}],"replies":[{"embeddable":true,"href":"https:\/\/cybercaze.com\/index.php\/wp-json\/wp\/v2\/comments?post=216657"}],"wp:featuredmedia":[{"embeddable":true,"href":"https:\/\/cybercaze.com\/index.php\/wp-json\/wp\/v2\/media\/216732"}],"wp:attachment":[{"href":"https:\/\/cybercaze.com\/index.php\/wp-json\/wp\/v2\/media?parent=216657"}],"wp:term":[{"taxonomy":"product_cat","embeddable":true,"href":"https:\/\/cybercaze.com\/index.php\/wp-json\/wp\/v2\/product_cat?post=216657"},{"taxonomy":"product_tag","embeddable":true,"href":"https:\/\/cybercaze.com\/index.php\/wp-json\/wp\/v2\/product_tag?post=216657"}],"curies":[{"name":"wp","href":"https:\/\/api.w.org\/{rel}","templated":true}]}}