{"id":216490,"date":"2023-12-26T17:49:33","date_gmt":"2023-12-26T22:49:33","guid":{"rendered":"https:\/\/cybercaze.com\/?post_type=product&#038;p=216490"},"modified":"2024-01-29T15:12:22","modified_gmt":"2024-01-29T20:12:22","slug":"bezgar-bd101-drone","status":"publish","type":"product","link":"https:\/\/cybercaze.com\/index.php\/producto\/bezgar-bd101-drone\/","title":{"rendered":"BEZGAR BD101 Drone con c\u00e1mara 1080P para adultos y ni\u00f1os"},"content":{"rendered":"<p>[et_pb_section fb_built=&#8221;1&#8243; _builder_version=&#8221;4.23.1&#8243; background_color=&#8221;RGBA(255,255,255,0)&#8221; use_background_color_gradient=&#8221;off&#8221; custom_padding=&#8221;0px||||false|false&#8221; global_colors_info=&#8221;{}&#8221;][et_pb_row _builder_version=&#8221;4.16&#8243; background_size=&#8221;initial&#8221; background_position=&#8221;top_left&#8221; background_repeat=&#8221;repeat&#8221; width=&#8221;100%&#8221; custom_padding=&#8221;0px||0px||false|false&#8221; global_colors_info=&#8221;{}&#8221;][et_pb_column type=&#8221;4_4&#8243; _builder_version=&#8221;4.16&#8243; custom_padding=&#8221;|||&#8221; global_colors_info=&#8221;{}&#8221; custom_padding__hover=&#8221;|||&#8221;][et_pb_wc_breadcrumb _builder_version=&#8221;4.16&#8243; global_colors_info=&#8221;{}&#8221;][\/et_pb_wc_breadcrumb][et_pb_wc_cart_notice _builder_version=&#8221;4.16&#8243; global_colors_info=&#8221;{}&#8221;][\/et_pb_wc_cart_notice][\/et_pb_column][\/et_pb_row][et_pb_row column_structure=&#8221;1_2,1_2&#8243; _builder_version=&#8221;4.16&#8243; background_size=&#8221;initial&#8221; background_position=&#8221;top_left&#8221; background_repeat=&#8221;repeat&#8221; width=&#8221;100%&#8221; custom_padding=&#8221;0px||||false|false&#8221; global_colors_info=&#8221;{}&#8221;][et_pb_column type=&#8221;1_2&#8243; _builder_version=&#8221;4.16&#8243; custom_padding=&#8221;|||&#8221; global_colors_info=&#8221;{}&#8221; custom_padding__hover=&#8221;|||&#8221;][et_pb_wc_images _builder_version=&#8221;4.16&#8243; global_colors_info=&#8221;{}&#8221;][\/et_pb_wc_images][\/et_pb_column][et_pb_column type=&#8221;1_2&#8243; _builder_version=&#8221;4.16&#8243; custom_padding=&#8221;|||&#8221; global_colors_info=&#8221;{}&#8221; custom_padding__hover=&#8221;|||&#8221;][et_pb_wc_title _builder_version=&#8221;4.16&#8243; global_colors_info=&#8221;{}&#8221;][\/et_pb_wc_title][et_pb_wc_rating _builder_version=&#8221;4.16&#8243; global_colors_info=&#8221;{}&#8221;][\/et_pb_wc_rating][et_pb_button button_url=&#8221;https:\/\/amzn.to\/3GWniBJ&#8221; url_new_window=&#8221;on&#8221; button_text=&#8221;Comprar en amazon&#8221; _builder_version=&#8221;4.23.1&#8243; _module_preset=&#8221;default&#8221; custom_button=&#8221;on&#8221; button_text_color=&#8221;#FFFFFF&#8221; button_bg_color=&#8221;#45637F&#8221; button_border_color=&#8221;RGBA(255,255,255,0)&#8221; button_font=&#8221;Rajdhani||||||||&#8221; button_icon=&#8221;&#xf270;||fa||400&#8243; global_colors_info=&#8221;{}&#8221;][\/et_pb_button][et_pb_wc_price _builder_version=&#8221;4.16&#8243; global_colors_info=&#8221;{}&#8221;][\/et_pb_wc_price][et_pb_wc_description _builder_version=&#8221;4.16&#8243; global_colors_info=&#8221;{}&#8221;][\/et_pb_wc_description][et_pb_wc_add_to_cart _builder_version=&#8221;4.16&#8243; global_colors_info=&#8221;{}&#8221;][\/et_pb_wc_add_to_cart][et_pb_wc_meta _builder_version=&#8221;4.16&#8243; global_colors_info=&#8221;{}&#8221;][\/et_pb_wc_meta][et_pb_button button_url=&#8221;https:\/\/amzn.to\/3GWniBJ&#8221; url_new_window=&#8221;on&#8221; button_text=&#8221;Comprar en amazon&#8221; _builder_version=&#8221;4.23.1&#8243; _module_preset=&#8221;default&#8221; custom_button=&#8221;on&#8221; button_text_color=&#8221;#FFFFFF&#8221; button_bg_color=&#8221;#45637F&#8221; button_border_color=&#8221;RGBA(255,255,255,0)&#8221; button_font=&#8221;Rajdhani||||||||&#8221; button_icon=&#8221;&#xf270;||fa||400&#8243; global_colors_info=&#8221;{}&#8221;][\/et_pb_button][\/et_pb_column][\/et_pb_row][et_pb_row _builder_version=&#8221;4.16&#8243; background_size=&#8221;initial&#8221; background_position=&#8221;top_left&#8221; background_repeat=&#8221;repeat&#8221; width=&#8221;100%&#8221; global_colors_info=&#8221;{}&#8221;][et_pb_column type=&#8221;4_4&#8243; _builder_version=&#8221;4.16&#8243; custom_padding=&#8221;|||&#8221; global_colors_info=&#8221;{}&#8221; custom_padding__hover=&#8221;|||&#8221;][et_pb_wc_tabs _builder_version=&#8221;4.16&#8243; global_colors_info=&#8221;{}&#8221;]\t\t\t\t\t[\/et_pb_wc_tabs][et_pb_wc_upsells _builder_version=&#8221;4.16&#8243; global_colors_info=&#8221;{}&#8221;][\/et_pb_wc_upsells][et_pb_wc_related_products _builder_version=&#8221;4.16&#8243; global_colors_info=&#8221;{}&#8221;][\/et_pb_wc_related_products][\/et_pb_column][\/et_pb_row][\/et_pb_section]<\/p>\n","protected":false},"excerpt":{"rendered":"<div id=\"productOverview_feature_div\" class=\"celwidget\" data-feature-name=\"productOverview\" data-csa-c-type=\"widget\" data-csa-c-content-id=\"productOverview\" data-csa-c-slot-id=\"productOverview_feature_div\" data-csa-c-asin=\"B0C2Z7CT8V\" data-csa-c-is-in-initial-active-row=\"false\" data-csa-c-id=\"pcnqyx-968jls-wyeju0-2mo4zo\" data-cel-widget=\"productOverview_feature_div\">\n<div id=\"poExpander\" class=\"a-expander-collapsed-height a-row a-expander-container a-spacing-none a-expander-partial-collapse-container\" data-a-expander-name=\"product_overview\" data-a-expander-collapsed-height=\"210\">\n<div class=\"a-expander-content a-expander-partial-collapse-content\" aria-expanded=\"false\">\n<div class=\"a-section a-spacing-small a-spacing-top-small\">\n<table class=\"a-normal a-spacing-micro\">\n<tbody>\n<tr class=\"a-spacing-small po-brand\">\n<td class=\"a-span3\"><span class=\"a-size-base a-text-bold\">Marca<\/span><\/td>\n<td class=\"a-span9\"><span class=\"a-size-base po-break-word\">BEZGAR<\/span><\/td>\n<\/tr>\n<tr class=\"a-spacing-small po-model_name\">\n<td class=\"a-span3\"><span class=\"a-size-base a-text-bold\">Nombre del modelo<\/span><\/td>\n<td class=\"a-span9\"><span class=\"a-size-base po-break-word\">2308<\/span><\/td>\n<\/tr>\n<tr class=\"a-spacing-small po-special_feature\">\n<td class=\"a-span3\"><span class=\"a-size-base a-text-bold\">Caracter\u00edsticas especiales<\/span><\/td>\n<td class=\"a-span9\"><span class=\"a-size-base\"><span class=\"a-truncate po-truncate-attribute\" data-a-word-break=\"normal\" data-a-truncate-name=\"po-attribute-truncate-2\" data-a-max-rows=\"3\" data-a-overflow-marker=\"&amp;hellip;\" data-a-recalculate=\"false\" data-a-updated=\"true\"><span class=\"a-truncate-full a-offscreen\">\u200eDron con c\u00e1mara 1080P, ligero, plegable, transmisi\u00f3n en tiempo real FPV, c\u00e1mara ajustable de 120\u00b0, selfie gestos, vuelo autom\u00e1tico, inicio de una tecla y aterrizaje, giros 3D, giro autom\u00e1tico, vuelo circular<\/span><span class=\"a-truncate-cut\" aria-hidden=\"true\">\u200eDron con c\u00e1mara 1080P, ligero, plegable, transmisi\u00f3n en tiempo real FPV, c\u00e1mara ajustable de 120\u00b0, selfie gestos, vuelo autom\u00e1tico, inicio de una tecla y aterrizaje, giros 3D, giro autom\u00e1tico, vuelo circular<\/span><\/span><\/span><\/td>\n<\/tr>\n<tr class=\"a-spacing-small po-color\">\n<td class=\"a-span3\"><span class=\"a-size-base a-text-bold\">Color<\/span><\/td>\n<td class=\"a-span9\"><span class=\"a-size-base po-break-word\">Negro &#8211;<\/span><\/td>\n<\/tr>\n<tr class=\"a-spacing-small po-video_capture_resolution\">\n<td class=\"a-span3\"><span class=\"a-size-base a-text-bold\">Resoluci\u00f3n de la captura de video<\/span><\/td>\n<td class=\"a-span9\"><span class=\"a-size-base po-break-word\">1080p<\/span><\/td>\n<\/tr>\n<tr class=\"a-spacing-small po-connectivity_technology\">\n<td class=\"a-span3\"><span class=\"a-size-base a-text-bold\">Tecnolog\u00eda de conectividad<\/span><\/td>\n<td class=\"a-span9\"><span class=\"a-size-base po-break-word\">Wi-Fi<\/span><\/td>\n<\/tr>\n<tr class=\"a-spacing-small po-skill_level\">\n<td class=\"a-span3\"><span class=\"a-size-base a-text-bold\">Nivel de habilidad<\/span><\/td>\n<td class=\"a-span9\"><span class=\"a-size-base po-break-word\">Todo<\/span><\/td>\n<\/tr>\n<tr class=\"a-spacing-small po-battery.capacity\">\n<td class=\"a-span3\"><span class=\"a-size-base a-text-bold\">Capacidad<\/span><\/td>\n<td class=\"a-span9\"><span class=\"a-size-base po-break-word\">3000 Miliamperios Hora<\/span><\/td>\n<\/tr>\n<tr class=\"a-spacing-small po-control_type\">\n<td class=\"a-span3\"><span class=\"a-size-base a-text-bold\">Tipo de control<\/span><\/td>\n<td class=\"a-span9\"><span class=\"a-size-base po-break-word\">Control Remoto<\/span><\/td>\n<\/tr>\n<tr class=\"a-spacing-small po-media_type\">\n<td class=\"a-span3\"><span class=\"a-size-base a-text-bold\">Tipo de medios<\/span><\/td>\n<td class=\"a-span9\"><span class=\"a-size-base po-break-word\">SD<\/span><\/td>\n<\/tr>\n<\/tbody>\n<\/table>\n<\/div>\n<\/div>\n<div id=\"poToggleButton\" class=\"a-expander-header a-expander-partial-collapse-header\">\n<div class=\"a-expander-content-fade\"><\/div>\n<p><a class=\"a-declarative\" role=\"button\" data-csa-c-func-deps=\"aui-da-a-expander-toggle\" data-csa-c-type=\"widget\" data-csa-interaction-events=\"click\" aria-expanded=\"false\" data-action=\"a-expander-toggle\" data-a-expander-toggle=\"{&quot;allowLinkDefault&quot;:true, &quot;expand_prompt&quot;:&quot;Ver m\u00e1s&quot;, &quot;collapse_prompt&quot;:&quot;Ver menos&quot;}\" data-csa-c-id=\"wflcp9-kh425g-emxz4l-am6qff\"><i class=\"a-icon a-icon-extender-expand\"><\/i><span class=\"a-expander-prompt\">Ver m\u00e1s<\/span><\/a><\/p>\n<\/div>\n<\/div>\n<\/div>\n<div id=\"collectiblesKeyInformation_feature_div\" class=\"celwidget\" data-feature-name=\"collectiblesKeyInformation\" data-csa-c-type=\"widget\" data-csa-c-content-id=\"collectiblesKeyInformation\" data-csa-c-slot-id=\"collectiblesKeyInformation_feature_div\" data-csa-c-asin=\"B0C2Z7CT8V\" data-csa-c-is-in-initial-active-row=\"false\" data-csa-c-id=\"xatd-x4f9q3-8gkfqg-as9e4h\" data-cel-widget=\"collectiblesKeyInformation_feature_div\"><\/div>\n<div id=\"featurebullets_feature_div\" class=\"celwidget\" data-feature-name=\"featurebullets\" data-csa-c-type=\"widget\" data-csa-c-content-id=\"featurebullets\" data-csa-c-slot-id=\"featurebullets_feature_div\" data-csa-c-asin=\"B0C2Z7CT8V\" data-csa-c-is-in-initial-active-row=\"false\" data-csa-c-id=\"73t7ia-cu6y1r-pg6n8o-i8l5re\" data-cel-widget=\"featurebullets_feature_div\">\n<div id=\"feature-bullets\" class=\"a-section a-spacing-medium a-spacing-top-small\">\n<hr \/>\n<h1 class=\"a-size-base-plus a-text-bold\">Sobre este art\u00edculo<\/h1>\n<ul class=\"a-unordered-list a-vertical a-spacing-mini\">\n<li class=\"a-spacing-mini\"><span class=\"a-list-item\">C\u00e1mara ajustable de 1080P: actualizado con una c\u00e1mara HD ajustable de 120\u00b0, el dron BD101 FPV captura una visi\u00f3n m\u00e1s amplia y una experiencia de fotograf\u00eda emocionante. A trav\u00e9s de la transmisi\u00f3n FPV en tiempo real, explore el encantador vuelo con nuestros mini drones mientras captura im\u00e1genes a\u00e9reas o videos de alta calidad para compartir con sus amigos.<\/span><\/li>\n<li class=\"a-spacing-mini\"><span class=\"a-list-item\">Dron multifuncional para ni\u00f1os que satisface tus necesidades: con giro autom\u00e1tico, vuelo circular y giros de 360 grados, el dron con c\u00e1mara para adultos satisface las diversas necesidades de los aficionados al vuelo y a\u00f1ade esplendor a su vuelo.<\/span><\/li>\n<li class=\"a-spacing-mini\"><span class=\"a-list-item\">Dron para principiantes con c\u00e1mara: para proporcionar una experiencia f\u00e1cil de volar para principiantes y dominar las habilidades de control m\u00e1s r\u00e1pido, el dron Bezgar para ni\u00f1os tiene caracter\u00edsticas inteligentes como una tecla para despegar\/despegar, parada de emergencia y modo sin cabeza. Nuestra funci\u00f3n de desplazamiento estable te facilita tomar excelentes fotos con un f\u00e1cil control.<\/span><\/li>\n<li class=\"a-spacing-mini\"><span class=\"a-list-item\">Dos bater\u00edas recargables: cada bater\u00eda del dron para adultos soporta 8 minutos de tiempo de vuelo. Dos bater\u00edas te permiten reemplazar y cargar el dron para ni\u00f1os de 8 a 12 a\u00f1os. Atenci\u00f3n: Realiza giros y acelera el mini dron con c\u00e1mara agotar\u00e1 la bater\u00eda m\u00e1s r\u00e1pido.<\/span><\/li>\n<li class=\"a-spacing-mini\"><span class=\"a-list-item\">\u3010Funciones inteligentes de la aplicaci\u00f3n\u3011Con\u00e9ctate a la aplicaci\u00f3n de dron para ni\u00f1os de 12 a 14 a\u00f1os y desbloquea la detecci\u00f3n de gravedad, dibujar rutas de vuelo, funciones de selfie por gestos, etc. Experimenta un control de vuelo inesperado y experiencia fotogr\u00e1fica.<\/span><\/li>\n<li class=\"a-spacing-mini\"><span class=\"a-list-item\">\u3010Recordatorio para el primer vuelo\u3011Te sugerimos que uses fundas protectoras en las h\u00e9lices del dron con c\u00e1mara para ni\u00f1os para el primer vuelo (Aviso: si vuelas el dron para ni\u00f1os de 4 a 6 a\u00f1os al aire libre, se ver\u00e1 afectado por los vientos). No dudes en hacernos saber si tienes alg\u00fan problema con nuestro producto. Siempre le proporcionamos un soporte t\u00e9cnico las 24 horas.<\/span><\/li>\n<\/ul>\n<\/div>\n<\/div>\n","protected":false},"featured_media":216734,"comment_status":"open","ping_status":"closed","template":"","meta":{"_et_pb_use_builder":"on","_et_pb_old_content":"","_et_gb_content_width":""},"product_cat":[69,17],"product_tag":[],"yoast_head":"<!-- This site is optimized with the Yoast SEO Premium plugin v15.4 - https:\/\/yoast.com\/wordpress\/plugins\/seo\/ -->\n<title>BEZGAR BD101 Drone con c\u00e1mara 1080P para adultos y ni\u00f1os | cybercaze<\/title>\n<meta name=\"robots\" content=\"index, follow, max-snippet:-1, max-image-preview:large, max-video-preview:-1\" \/>\n<link rel=\"canonical\" href=\"https:\/\/cybercaze.com\/index.php\/producto\/bezgar-bd101-drone\/\" \/>\n<meta property=\"og:locale\" content=\"es_ES\" \/>\n<meta property=\"og:type\" content=\"article\" \/>\n<meta property=\"og:title\" content=\"BEZGAR BD101 Drone con c\u00e1mara 1080P para adultos y ni\u00f1os | cybercaze\" \/>\n<meta property=\"og:description\" content=\"Marca BEZGAR   Nombre del modelo 2308   Caracter\u00edsticas especiales \u200eDron con c\u00e1mara 1080P, ligero, plegable, transmisi\u00f3n en tiempo real FPV, c\u00e1mara ajustable de 120\u00b0, selfie gestos, vuelo autom\u00e1tico, inicio de una tecla y aterrizaje, giros 3D, giro autom\u00e1tico, vuelo circular\u200eDron con c\u00e1mara 1080P, ligero, plegable, transmisi\u00f3n en tiempo real FPV, c\u00e1mara ajustable de 120\u00b0, selfie gestos, vuelo autom\u00e1tico, inicio de una tecla y aterrizaje, giros 3D, giro autom\u00e1tico, vuelo circular   Color Negro -   Resoluci\u00f3n de la captura de video 1080p   Tecnolog\u00eda de conectividad Wi-Fi   Nivel de habilidad Todo   Capacidad 3000 Miliamperios Hora   Tipo de control Control Remoto   Tipo de medios SD        Ver m\u00e1s           Sobre este art\u00edculo   C\u00e1mara ajustable de 1080P: actualizado con una c\u00e1mara HD ajustable de 120\u00b0, el dron BD101 FPV captura una visi\u00f3n m\u00e1s amplia y una experiencia de fotograf\u00eda emocionante. A trav\u00e9s de la transmisi\u00f3n FPV en tiempo real, explore el encantador vuelo con nuestros mini drones mientras captura im\u00e1genes a\u00e9reas o videos de alta calidad para compartir con sus amigos.  Dron multifuncional para ni\u00f1os que satisface tus necesidades: con giro autom\u00e1tico, vuelo circular y giros de 360 grados, el dron con c\u00e1mara para adultos satisface las diversas necesidades de los aficionados al vuelo y a\u00f1ade esplendor a su vuelo.  Dron para principiantes con c\u00e1mara: para proporcionar una experiencia f\u00e1cil de volar para principiantes y dominar las habilidades de control m\u00e1s r\u00e1pido, el dron Bezgar para ni\u00f1os tiene caracter\u00edsticas inteligentes como una tecla para despegar\/despegar, parada de emergencia y modo sin cabeza. Nuestra funci\u00f3n de desplazamiento estable te facilita tomar excelentes fotos con un f\u00e1cil control.  Dos bater\u00edas recargables: cada bater\u00eda del dron para adultos soporta 8 minutos de tiempo de vuelo. Dos bater\u00edas te permiten reemplazar y cargar el dron para ni\u00f1os de 8 a 12 a\u00f1os. Atenci\u00f3n: Realiza giros y acelera el mini dron con c\u00e1mara agotar\u00e1 la bater\u00eda m\u00e1s r\u00e1pido.  \u3010Funciones inteligentes de la aplicaci\u00f3n\u3011Con\u00e9ctate a la aplicaci\u00f3n de dron para ni\u00f1os de 12 a 14 a\u00f1os y desbloquea la detecci\u00f3n de gravedad, dibujar rutas de vuelo, funciones de selfie por gestos, etc. Experimenta un control de vuelo inesperado y experiencia fotogr\u00e1fica.  \u3010Recordatorio para el primer vuelo\u3011Te sugerimos que uses fundas protectoras en las h\u00e9lices del dron con c\u00e1mara para ni\u00f1os para el primer vuelo (Aviso: si vuelas el dron para ni\u00f1os de 4 a 6 a\u00f1os al aire libre, se ver\u00e1 afectado por los vientos). No dudes en hacernos saber si tienes alg\u00fan problema con nuestro producto. Siempre le proporcionamos un soporte t\u00e9cnico las 24 horas.\" \/>\n<meta property=\"og:url\" content=\"https:\/\/cybercaze.com\/index.php\/producto\/bezgar-bd101-drone\/\" \/>\n<meta property=\"og:site_name\" content=\"cybercaze\" \/>\n<meta property=\"article:modified_time\" content=\"2024-01-29T20:12:22+00:00\" \/>\n<meta property=\"og:image\" content=\"https:\/\/cybercaze.com\/wp-content\/uploads\/2023\/12\/droncate.png\" \/>\n\t<meta property=\"og:image:width\" content=\"679\" \/>\n\t<meta property=\"og:image:height\" content=\"501\" \/>\n<meta name=\"twitter:card\" content=\"summary_large_image\" \/>\n<meta name=\"twitter:label1\" content=\"Escrito por\">\n\t<meta name=\"twitter:data1\" content=\"Luis F lopez\">\n\t<meta name=\"twitter:label2\" content=\"Tiempo de lectura\">\n\t<meta name=\"twitter:data2\" content=\"2 minutos\">\n<script type=\"application\/ld+json\" class=\"yoast-schema-graph\">{\"@context\":\"https:\/\/schema.org\",\"@graph\":[{\"@type\":\"Organization\",\"@id\":\"https:\/\/cybercaze.com\/#organization\",\"name\":\"Cybercaze\",\"url\":\"https:\/\/cybercaze.com\/\",\"sameAs\":[],\"logo\":{\"@type\":\"ImageObject\",\"@id\":\"https:\/\/cybercaze.com\/#logo\",\"inLanguage\":\"es\",\"url\":\"https:\/\/cybercaze.com\/wp-content\/uploads\/2023\/12\/logo-grande.png\",\"width\":2000,\"height\":4080,\"caption\":\"Cybercaze\"},\"image\":{\"@id\":\"https:\/\/cybercaze.com\/#logo\"}},{\"@type\":\"WebSite\",\"@id\":\"https:\/\/cybercaze.com\/#website\",\"url\":\"https:\/\/cybercaze.com\/\",\"name\":\"cybercaze\",\"description\":\"Tienda en l\\u00ednea para productos de tecnolog\\u00eda, equipos y accesorios\",\"publisher\":{\"@id\":\"https:\/\/cybercaze.com\/#organization\"},\"potentialAction\":[{\"@type\":\"SearchAction\",\"target\":\"https:\/\/cybercaze.com\/?s={search_term_string}\",\"query-input\":\"required name=search_term_string\"}],\"inLanguage\":\"es\"},{\"@type\":\"ImageObject\",\"@id\":\"https:\/\/cybercaze.com\/index.php\/producto\/bezgar-bd101-drone\/#primaryimage\",\"inLanguage\":\"es\",\"url\":\"https:\/\/cybercaze.com\/wp-content\/uploads\/2023\/12\/droncate.png\",\"width\":679,\"height\":501,\"caption\":\"Dron con camara de video y control\"},{\"@type\":\"WebPage\",\"@id\":\"https:\/\/cybercaze.com\/index.php\/producto\/bezgar-bd101-drone\/#webpage\",\"url\":\"https:\/\/cybercaze.com\/index.php\/producto\/bezgar-bd101-drone\/\",\"name\":\"BEZGAR BD101 Drone con c\\u00e1mara 1080P para adultos y ni\\u00f1os | cybercaze\",\"isPartOf\":{\"@id\":\"https:\/\/cybercaze.com\/#website\"},\"primaryImageOfPage\":{\"@id\":\"https:\/\/cybercaze.com\/index.php\/producto\/bezgar-bd101-drone\/#primaryimage\"},\"datePublished\":\"2023-12-26T22:49:33+00:00\",\"dateModified\":\"2024-01-29T20:12:22+00:00\",\"inLanguage\":\"es\",\"potentialAction\":[{\"@type\":\"ReadAction\",\"target\":[\"https:\/\/cybercaze.com\/index.php\/producto\/bezgar-bd101-drone\/\"]}]}]}<\/script>\n<!-- \/ Yoast SEO Premium plugin. -->","_links":{"self":[{"href":"https:\/\/cybercaze.com\/index.php\/wp-json\/wp\/v2\/product\/216490"}],"collection":[{"href":"https:\/\/cybercaze.com\/index.php\/wp-json\/wp\/v2\/product"}],"about":[{"href":"https:\/\/cybercaze.com\/index.php\/wp-json\/wp\/v2\/types\/product"}],"replies":[{"embeddable":true,"href":"https:\/\/cybercaze.com\/index.php\/wp-json\/wp\/v2\/comments?post=216490"}],"wp:featuredmedia":[{"embeddable":true,"href":"https:\/\/cybercaze.com\/index.php\/wp-json\/wp\/v2\/media\/216734"}],"wp:attachment":[{"href":"https:\/\/cybercaze.com\/index.php\/wp-json\/wp\/v2\/media?parent=216490"}],"wp:term":[{"taxonomy":"product_cat","embeddable":true,"href":"https:\/\/cybercaze.com\/index.php\/wp-json\/wp\/v2\/product_cat?post=216490"},{"taxonomy":"product_tag","embeddable":true,"href":"https:\/\/cybercaze.com\/index.php\/wp-json\/wp\/v2\/product_tag?post=216490"}],"curies":[{"name":"wp","href":"https:\/\/api.w.org\/{rel}","templated":true}]}}