{"id":216393,"date":"2023-12-26T08:56:42","date_gmt":"2023-12-26T13:56:42","guid":{"rendered":"https:\/\/cybercaze.com\/?post_type=product&#038;p=216393"},"modified":"2024-01-29T15:05:47","modified_gmt":"2024-01-29T20:05:47","slug":"mini-proyector-visspl","status":"publish","type":"product","link":"https:\/\/cybercaze.com\/index.php\/producto\/mini-proyector-visspl\/","title":{"rendered":"Mini proyector, proyector de video VISSPL Full HD 1080P"},"content":{"rendered":"<p>[et_pb_section fb_built=&#8221;1&#8243; _builder_version=&#8221;4.23.1&#8243; background_color=&#8221;RGBA(255,255,255,0)&#8221; use_background_color_gradient=&#8221;off&#8221; custom_padding=&#8221;0px||||false|false&#8221; global_colors_info=&#8221;{}&#8221;][et_pb_row _builder_version=&#8221;4.16&#8243; background_size=&#8221;initial&#8221; background_position=&#8221;top_left&#8221; background_repeat=&#8221;repeat&#8221; width=&#8221;100%&#8221; custom_padding=&#8221;0px||0px||false|false&#8221; global_colors_info=&#8221;{}&#8221;][et_pb_column type=&#8221;4_4&#8243; _builder_version=&#8221;4.16&#8243; custom_padding=&#8221;|||&#8221; global_colors_info=&#8221;{}&#8221; custom_padding__hover=&#8221;|||&#8221;][et_pb_wc_breadcrumb _builder_version=&#8221;4.16&#8243; global_colors_info=&#8221;{}&#8221;][\/et_pb_wc_breadcrumb][et_pb_wc_cart_notice _builder_version=&#8221;4.16&#8243; global_colors_info=&#8221;{}&#8221;][\/et_pb_wc_cart_notice][\/et_pb_column][\/et_pb_row][et_pb_row column_structure=&#8221;1_2,1_2&#8243; _builder_version=&#8221;4.16&#8243; background_size=&#8221;initial&#8221; background_position=&#8221;top_left&#8221; background_repeat=&#8221;repeat&#8221; width=&#8221;100%&#8221; custom_padding=&#8221;0px||||false|false&#8221; global_colors_info=&#8221;{}&#8221;][et_pb_column type=&#8221;1_2&#8243; _builder_version=&#8221;4.16&#8243; custom_padding=&#8221;|||&#8221; global_colors_info=&#8221;{}&#8221; custom_padding__hover=&#8221;|||&#8221;][et_pb_wc_images _builder_version=&#8221;4.16&#8243; global_colors_info=&#8221;{}&#8221;][\/et_pb_wc_images][\/et_pb_column][et_pb_column type=&#8221;1_2&#8243; _builder_version=&#8221;4.16&#8243; custom_padding=&#8221;|||&#8221; global_colors_info=&#8221;{}&#8221; custom_padding__hover=&#8221;|||&#8221;][et_pb_wc_title _builder_version=&#8221;4.16&#8243; global_colors_info=&#8221;{}&#8221;][\/et_pb_wc_title][et_pb_wc_rating _builder_version=&#8221;4.16&#8243; global_colors_info=&#8221;{}&#8221;][\/et_pb_wc_rating][et_pb_wc_price _builder_version=&#8221;4.16&#8243; global_colors_info=&#8221;{}&#8221;][\/et_pb_wc_price][et_pb_button button_url=&#8221;https:\/\/amzn.to\/3NGKAiU&#8221; url_new_window=&#8221;on&#8221; button_text=&#8221;Ver en Amazon&#8221; _builder_version=&#8221;4.23.1&#8243; _module_preset=&#8221;default&#8221; custom_button=&#8221;on&#8221; button_text_color=&#8221;#FFFFFF&#8221; button_bg_color=&#8221;#45637F&#8221; button_border_color=&#8221;RGBA(255,255,255,0)&#8221; button_icon=&#8221;&#xf270;||fa||400&#8243; global_colors_info=&#8221;{}&#8221;][\/et_pb_button][et_pb_wc_description _builder_version=&#8221;4.16&#8243; global_colors_info=&#8221;{}&#8221;][\/et_pb_wc_description][et_pb_button button_url=&#8221;https:\/\/amzn.to\/3NGKAiU&#8221; url_new_window=&#8221;on&#8221; button_text=&#8221;Ver en Amazon&#8221; _builder_version=&#8221;4.23.1&#8243; _module_preset=&#8221;default&#8221; custom_button=&#8221;on&#8221; button_text_color=&#8221;#FFFFFF&#8221; button_bg_color=&#8221;#45637F&#8221; button_border_color=&#8221;RGBA(255,255,255,0)&#8221; button_icon=&#8221;&#xf270;||fa||400&#8243; global_colors_info=&#8221;{}&#8221;][\/et_pb_button][et_pb_wc_add_to_cart _builder_version=&#8221;4.16&#8243; global_colors_info=&#8221;{}&#8221;][\/et_pb_wc_add_to_cart][et_pb_wc_meta _builder_version=&#8221;4.16&#8243; global_colors_info=&#8221;{}&#8221;][\/et_pb_wc_meta][\/et_pb_column][\/et_pb_row][et_pb_row _builder_version=&#8221;4.16&#8243; background_size=&#8221;initial&#8221; background_position=&#8221;top_left&#8221; background_repeat=&#8221;repeat&#8221; width=&#8221;100%&#8221; global_colors_info=&#8221;{}&#8221;][et_pb_column type=&#8221;4_4&#8243; _builder_version=&#8221;4.16&#8243; custom_padding=&#8221;|||&#8221; global_colors_info=&#8221;{}&#8221; custom_padding__hover=&#8221;|||&#8221;][et_pb_wc_tabs _builder_version=&#8221;4.16&#8243; global_colors_info=&#8221;{}&#8221;] [\/et_pb_wc_tabs][et_pb_wc_upsells _builder_version=&#8221;4.16&#8243; global_colors_info=&#8221;{}&#8221;][\/et_pb_wc_upsells][et_pb_wc_related_products _builder_version=&#8221;4.16&#8243; global_colors_info=&#8221;{}&#8221;][\/et_pb_wc_related_products][\/et_pb_column][\/et_pb_row][\/et_pb_section]<\/p>\n","protected":false},"excerpt":{"rendered":"<ul class=\"a-unordered-list a-vertical a-spacing-mini\">\n<li class=\"a-spacing-mini\">\n<h1 class=\"a-size-base-plus a-text-bold\">Sobre este art\u00edculo<\/h1>\n<ul class=\"a-unordered-list a-vertical a-spacing-mini\">\n<li class=\"a-spacing-mini\">\n<div id=\"productOverview_feature_div\" class=\"celwidget\" data-feature-name=\"productOverview\" data-csa-c-type=\"widget\" data-csa-c-content-id=\"productOverview\" data-csa-c-slot-id=\"productOverview_feature_div\" data-csa-c-asin=\"B0CD2BS3QX\" data-csa-c-is-in-initial-active-row=\"false\" data-csa-c-id=\"riu2db-qo8bcq-jthb3q-mdg00h\" data-cel-widget=\"productOverview_feature_div\">\n<div class=\"a-section a-spacing-small a-spacing-top-small\">\n<table class=\"a-normal a-spacing-micro\">\n<tbody>\n<tr class=\"a-spacing-small po-brand\">\n<td class=\"a-span3\"><span class=\"a-size-base a-text-bold\">Marca<\/span><\/td>\n<td class=\"a-span9\"><span class=\"a-size-base po-break-word\">VISSPL<\/span><\/td>\n<\/tr>\n<tr class=\"a-spacing-small po-recommended_uses_for_product\">\n<td class=\"a-span3\"><span class=\"a-size-base a-text-bold\">Usos Recomendados Para Producto<\/span><\/td>\n<td class=\"a-span9\"><span class=\"a-size-base po-break-word\">Cine en casa<\/span><\/td>\n<\/tr>\n<tr class=\"a-spacing-small po-special_feature\">\n<td class=\"a-span3\"><span class=\"a-size-base a-text-bold\">Caracter\u00edsticas especiales<\/span><\/td>\n<td class=\"a-span9\"><span class=\"a-size-base po-break-word\">\u2714\ufe0fMini y port\u00e1til, \u2714\ufe0fFull HD 1080P, \u2714\ufe0fAltavoz Hi-Fi integrado, \u2714\ufe0fTr\u00edpode incluido, \u2714\ufe0fZoom 100%-50%<\/span><\/td>\n<\/tr>\n<tr class=\"a-spacing-small po-connectivity_technology\">\n<td class=\"a-span3\"><span class=\"a-size-base a-text-bold\">Tecnolog\u00eda de conectividad<\/span><\/td>\n<td class=\"a-span9\"><span class=\"a-size-base po-break-word\">HDMI<\/span><\/td>\n<\/tr>\n<tr class=\"a-spacing-small po-native_resolution\">\n<td class=\"a-span3\"><span class=\"a-size-base a-text-bold\">Resoluci\u00f3n de pantalla<\/span><\/td>\n<td class=\"a-span9\"><span class=\"a-size-base po-break-word\">1920 x 1080<\/span><\/td>\n<\/tr>\n<\/tbody>\n<\/table>\n<\/div>\n<\/div>\n<div id=\"featurebullets_feature_div\" class=\"celwidget\" data-feature-name=\"featurebullets\" data-csa-c-type=\"widget\" data-csa-c-content-id=\"featurebullets\" data-csa-c-slot-id=\"featurebullets_feature_div\" data-csa-c-asin=\"B0CD2BS3QX\" data-csa-c-is-in-initial-active-row=\"false\" data-csa-c-id=\"7k0r7-d71533-nbat57-gainwf\" data-cel-widget=\"featurebullets_feature_div\">\n<div id=\"feature-bullets\" class=\"a-section a-spacing-medium a-spacing-top-small\">\n<hr \/>\n<h1 class=\"a-size-base-plus a-text-bold\">Sobre este art\u00edculo<\/h1>\n<ul class=\"a-unordered-list a-vertical a-spacing-mini\">\n<li class=\"a-spacing-mini\"><span class=\"a-list-item\">\u2605\u3010Entretenimiento m\u00e1s peque\u00f1o y sobre la marcha\u3011Mide solo 6.1 x 5.08 x 2.4 pulgadas, equivalente al tama\u00f1o de dos latas de Coca-Cola, el mini proyector puede caber f\u00e1cilmente en tu bolsillo o bolsa. Con un peso de solo 1.1 libras, incluso los dedos peque\u00f1os de los ni\u00f1os pueden agarrar sin esfuerzo el proyector m\u00e1s peque\u00f1o. Su dise\u00f1o sofisticado y exquisito embalaje de mano lo convierten en una opci\u00f3n de regalo perfecta para todas las edades. Simplemente disfruta de la libertad de llevar este proyector ligero y pr\u00e1ctico contigo dondequiera que vayas.<\/span><\/li>\n<li class=\"a-spacing-mini\"><span class=\"a-list-item\">\u2605\u3010Full HD 1080P y protecci\u00f3n ocular\u3011El proyector VISSPL 2023 admite una resoluci\u00f3n de 1080P para im\u00e1genes impresionantes. Impulsado por tecnolog\u00eda LED avanzada y un m\u00e9todo de iluminaci\u00f3n uniforme, nuestro proyector garantiza una calidad de imagen excepcional, ofreciendo un efecto din\u00e1mico y vibrante de color, minimizando el impacto de la luz azul y directa. Perfecto para proteger la salud ocular de los ni\u00f1os. Para un rendimiento \u00f3ptimo, recomendamos utilizar el proyector de video en un ambiente oscuro para disfrutar plenamente de sus capacidades.<\/span><\/li>\n<li class=\"a-spacing-mini\"><span class=\"a-list-item\">\u2605\u3010Mini tr\u00edpode y sonido potente\u3011El proyector de pel\u00edculas VISSPL soporta un tama\u00f1o de pantalla de 35 a 160 pulgadas, perfecto para crear un ambiente cinematogr\u00e1fico. La correcci\u00f3n Keystone de \u00b115\u00b0 y el tr\u00edpode para proyector incluido ofrecen la libertad de colocar su proyector a la altura ideal, eliminando la necesidad de ajustarse a las limitaciones de la pantalla o la mesa. Con su altavoz HiFi integrado para disfrutar de un audio potente y din\u00e1mico que mejora tu experiencia de entretenimiento, ya sea en casa o durante fiestas infantiles.<\/span><\/li>\n<li class=\"a-spacing-mini\"><span class=\"a-list-item\">\u2605\u3010Conexi\u00f3n de m\u00faltiples dispositivos\u3011El proyector para exteriores VISSPL proporciona m\u00faltiples interfaces de fuente de entrada, atendiendo a una amplia gama de requisitos de equipo. Con puertos HDMI, USB, AV y audio, se conecta perfectamente a dispositivos como tel\u00e9fonos inteligentes, computadoras port\u00e1tiles, TV stick, PS5 y altavoces externos. \u2605 Debido a problemas de derechos de autor HDCP, Netflix \/ Disney \/ Hulu proh\u00edbe reproducir pel\u00edculas directamente desde el proyector, utiliza un TV Stick para reproducir. \u2605 Cuando se conecta con el tel\u00e9fono, se necesita un adaptador HDMI adicional. \u2605<\/span><\/li>\n<li class=\"a-spacing-mini\"><span class=\"a-list-item\">\u2605\u3010Soporte t\u00e9cnico de por vida\u3011El equipo de proyectores VISSPL ofrece soporte t\u00e9cnico de por vida para todos nuestros proyectores, asegurando que recibas asistencia y orientaci\u00f3n continua cuando sea necesario. Si tienes alg\u00fan problema durante el uso, no dudes en ponerte en contacto con nosotros. El equipo de VISSPL ofrece 2 a\u00f1os de garant\u00eda de reemplazo del producto y garant\u00eda de satisfacci\u00f3n del 100%.<\/span><\/li>\n<\/ul>\n<\/div>\n<\/div>\n<\/li>\n<\/ul>\n<\/li>\n<\/ul>\n","protected":false},"featured_media":216394,"comment_status":"open","ping_status":"closed","template":"","meta":{"_et_pb_use_builder":"on","_et_pb_old_content":"","_et_gb_content_width":""},"product_cat":[17,68],"product_tag":[],"yoast_head":"<!-- This site is optimized with the Yoast SEO Premium plugin v15.4 - https:\/\/yoast.com\/wordpress\/plugins\/seo\/ -->\n<title>Mini proyector, proyector de video VISSPL Full HD 1080P<\/title>\n<meta name=\"description\" content=\"Sum\u00e9rgete en la perfecci\u00f3n sonora: auriculares inal\u00e1mbricos con cancelaci\u00f3n de ruido. Disfruta de la m\u00fasica sin l\u00edmites, sin distracciones. \u00a1Vive la experiencia auditiva definitiva.\" \/>\n<meta name=\"robots\" content=\"index, follow, max-snippet:-1, max-image-preview:large, max-video-preview:-1\" \/>\n<link rel=\"canonical\" href=\"https:\/\/cybercaze.com\/index.php\/producto\/mini-proyector-visspl\/\" \/>\n<meta property=\"og:locale\" content=\"es_ES\" \/>\n<meta property=\"og:type\" content=\"article\" \/>\n<meta property=\"og:title\" content=\"Mini proyector, proyector de video VISSPL Full HD 1080P\" \/>\n<meta property=\"og:description\" content=\"Sum\u00e9rgete en la perfecci\u00f3n sonora: auriculares inal\u00e1mbricos con cancelaci\u00f3n de ruido. Disfruta de la m\u00fasica sin l\u00edmites, sin distracciones. \u00a1Vive la experiencia auditiva definitiva.\" \/>\n<meta property=\"og:url\" content=\"https:\/\/cybercaze.com\/index.php\/producto\/mini-proyector-visspl\/\" \/>\n<meta property=\"og:site_name\" content=\"cybercaze\" \/>\n<meta property=\"article:modified_time\" content=\"2024-01-29T20:05:47+00:00\" \/>\n<meta property=\"og:image\" content=\"https:\/\/cybercaze.com\/wp-content\/uploads\/2023\/12\/proyector.jpg\" \/>\n\t<meta property=\"og:image:width\" content=\"466\" \/>\n\t<meta property=\"og:image:height\" content=\"412\" \/>\n<meta name=\"twitter:card\" content=\"summary_large_image\" \/>\n<meta name=\"twitter:label1\" content=\"Escrito por\">\n\t<meta name=\"twitter:data1\" content=\"Luis F lopez\">\n\t<meta name=\"twitter:label2\" content=\"Tiempo de lectura\">\n\t<meta name=\"twitter:data2\" content=\"2 minutos\">\n<script type=\"application\/ld+json\" class=\"yoast-schema-graph\">{\"@context\":\"https:\/\/schema.org\",\"@graph\":[{\"@type\":\"Organization\",\"@id\":\"https:\/\/cybercaze.com\/#organization\",\"name\":\"Cybercaze\",\"url\":\"https:\/\/cybercaze.com\/\",\"sameAs\":[],\"logo\":{\"@type\":\"ImageObject\",\"@id\":\"https:\/\/cybercaze.com\/#logo\",\"inLanguage\":\"es\",\"url\":\"https:\/\/cybercaze.com\/wp-content\/uploads\/2023\/12\/logo-grande.png\",\"width\":2000,\"height\":4080,\"caption\":\"Cybercaze\"},\"image\":{\"@id\":\"https:\/\/cybercaze.com\/#logo\"}},{\"@type\":\"WebSite\",\"@id\":\"https:\/\/cybercaze.com\/#website\",\"url\":\"https:\/\/cybercaze.com\/\",\"name\":\"cybercaze\",\"description\":\"Tienda en l\\u00ednea para productos de tecnolog\\u00eda, equipos y accesorios\",\"publisher\":{\"@id\":\"https:\/\/cybercaze.com\/#organization\"},\"potentialAction\":[{\"@type\":\"SearchAction\",\"target\":\"https:\/\/cybercaze.com\/?s={search_term_string}\",\"query-input\":\"required name=search_term_string\"}],\"inLanguage\":\"es\"},{\"@type\":\"ImageObject\",\"@id\":\"https:\/\/cybercaze.com\/index.php\/producto\/mini-proyector-visspl\/#primaryimage\",\"inLanguage\":\"es\",\"url\":\"https:\/\/cybercaze.com\/wp-content\/uploads\/2023\/12\/proyector.jpg\",\"width\":466,\"height\":412},{\"@type\":\"WebPage\",\"@id\":\"https:\/\/cybercaze.com\/index.php\/producto\/mini-proyector-visspl\/#webpage\",\"url\":\"https:\/\/cybercaze.com\/index.php\/producto\/mini-proyector-visspl\/\",\"name\":\"Mini proyector, proyector de video VISSPL Full HD 1080P\",\"isPartOf\":{\"@id\":\"https:\/\/cybercaze.com\/#website\"},\"primaryImageOfPage\":{\"@id\":\"https:\/\/cybercaze.com\/index.php\/producto\/mini-proyector-visspl\/#primaryimage\"},\"datePublished\":\"2023-12-26T13:56:42+00:00\",\"dateModified\":\"2024-01-29T20:05:47+00:00\",\"description\":\"Sum\\u00e9rgete en la perfecci\\u00f3n sonora: auriculares inal\\u00e1mbricos con cancelaci\\u00f3n de ruido. Disfruta de la m\\u00fasica sin l\\u00edmites, sin distracciones. \\u00a1Vive la experiencia auditiva definitiva.\",\"inLanguage\":\"es\",\"potentialAction\":[{\"@type\":\"ReadAction\",\"target\":[\"https:\/\/cybercaze.com\/index.php\/producto\/mini-proyector-visspl\/\"]}]}]}<\/script>\n<!-- \/ Yoast SEO Premium plugin. -->","_links":{"self":[{"href":"https:\/\/cybercaze.com\/index.php\/wp-json\/wp\/v2\/product\/216393"}],"collection":[{"href":"https:\/\/cybercaze.com\/index.php\/wp-json\/wp\/v2\/product"}],"about":[{"href":"https:\/\/cybercaze.com\/index.php\/wp-json\/wp\/v2\/types\/product"}],"replies":[{"embeddable":true,"href":"https:\/\/cybercaze.com\/index.php\/wp-json\/wp\/v2\/comments?post=216393"}],"wp:featuredmedia":[{"embeddable":true,"href":"https:\/\/cybercaze.com\/index.php\/wp-json\/wp\/v2\/media\/216394"}],"wp:attachment":[{"href":"https:\/\/cybercaze.com\/index.php\/wp-json\/wp\/v2\/media?parent=216393"}],"wp:term":[{"taxonomy":"product_cat","embeddable":true,"href":"https:\/\/cybercaze.com\/index.php\/wp-json\/wp\/v2\/product_cat?post=216393"},{"taxonomy":"product_tag","embeddable":true,"href":"https:\/\/cybercaze.com\/index.php\/wp-json\/wp\/v2\/product_tag?post=216393"}],"curies":[{"name":"wp","href":"https:\/\/api.w.org\/{rel}","templated":true}]}}