{"id":216368,"date":"2023-12-25T13:12:42","date_gmt":"2023-12-25T18:12:42","guid":{"rendered":"https:\/\/cybercaze.com\/?post_type=product&#038;p=216368"},"modified":"2024-01-29T18:07:02","modified_gmt":"2024-01-29T23:07:02","slug":"oneodio-auriculares-con-cable-para-monitor-de-estudio-y-mezcla-de-dj-estereo","status":"publish","type":"product","link":"https:\/\/cybercaze.com\/index.php\/producto\/oneodio-auriculares-con-cable-para-monitor-de-estudio-y-mezcla-de-dj-estereo\/","title":{"rendered":"OneOdio Auriculares con cable mezcla de DJ est\u00e9reo"},"content":{"rendered":"<p>[et_pb_section fb_built=&#8221;1&#8243; _builder_version=&#8221;4.23.4&#8243; background_color=&#8221;RGBA(255,255,255,0)&#8221; use_background_color_gradient=&#8221;off&#8221; custom_padding=&#8221;0px||||false|false&#8221; global_colors_info=&#8221;{}&#8221;][et_pb_row _builder_version=&#8221;4.16&#8243; background_size=&#8221;initial&#8221; background_position=&#8221;top_left&#8221; background_repeat=&#8221;repeat&#8221; width=&#8221;100%&#8221; custom_padding=&#8221;0px||0px||false|false&#8221; global_colors_info=&#8221;{}&#8221;][et_pb_column type=&#8221;4_4&#8243; _builder_version=&#8221;4.16&#8243; custom_padding=&#8221;|||&#8221; global_colors_info=&#8221;{}&#8221; custom_padding__hover=&#8221;|||&#8221;][et_pb_wc_breadcrumb _builder_version=&#8221;4.22.2&#8243; body_font=&#8221;Rajdhani|600|||||||&#8221; body_text_color=&#8221;#45637F&#8221; body_font_size=&#8221;15px&#8221; global_colors_info=&#8221;{}&#8221;][\/et_pb_wc_breadcrumb][\/et_pb_column][\/et_pb_row][et_pb_row column_structure=&#8221;1_2,1_2&#8243; _builder_version=&#8221;4.16&#8243; background_size=&#8221;initial&#8221; background_position=&#8221;top_left&#8221; background_repeat=&#8221;repeat&#8221; width=&#8221;100%&#8221; custom_padding=&#8221;0px||47px||false|false&#8221; global_colors_info=&#8221;{}&#8221;][et_pb_column type=&#8221;1_2&#8243; _builder_version=&#8221;4.16&#8243; custom_padding=&#8221;|||&#8221; global_colors_info=&#8221;{}&#8221; custom_padding__hover=&#8221;|||&#8221;][et_pb_wc_images _builder_version=&#8221;4.24.0&#8243; sale_badge_font=&#8221;Rajdhani||||||||&#8221; link_option_url=&#8221;https:\/\/amzn.to\/3TEdMuG&#8221; link_option_url_new_window=&#8221;on&#8221; global_colors_info=&#8221;{}&#8221;][\/et_pb_wc_images][\/et_pb_column][et_pb_column type=&#8221;1_2&#8243; _builder_version=&#8221;4.16&#8243; custom_padding=&#8221;|||&#8221; global_colors_info=&#8221;{}&#8221; custom_padding__hover=&#8221;|||&#8221;][et_pb_wc_title _builder_version=&#8221;4.22.2&#8243; header_font=&#8221;Rajdhani|700|||||||&#8221; header_text_color=&#8221;#45637F&#8221; global_colors_info=&#8221;{}&#8221;][\/et_pb_wc_title][et_pb_wc_rating _builder_version=&#8221;4.22.2&#8243; rating_text_color=&#8221;#88C5FE&#8221; global_colors_info=&#8221;{}&#8221;][\/et_pb_wc_rating][et_pb_wc_price _builder_version=&#8221;4.23.1&#8243; body_font=&#8221;Rajdhani|700|||||||&#8221; body_text_color=&#8221;#45637F&#8221; global_colors_info=&#8221;{}&#8221;][\/et_pb_wc_price][et_pb_button button_url=&#8221;https:\/\/amzn.to\/3TEdMuG&#8221; url_new_window=&#8221;on&#8221; button_text=&#8221;Comprar en amazon&#8221; _builder_version=&#8221;4.24.0&#8243; _module_preset=&#8221;default&#8221; custom_button=&#8221;on&#8221; button_text_color=&#8221;#FFFFFF&#8221; button_bg_color=&#8221;#45637F&#8221; button_font=&#8221;Rajdhani||||||||&#8221; button_icon=&#8221;&#xf270;||fa||400&#8243; global_colors_info=&#8221;{}&#8221;][\/et_pb_button][et_pb_wc_description _builder_version=&#8221;4.24.0&#8243; _module_preset=&#8221;default&#8221; hover_enabled=&#8221;0&#8243; sticky_enabled=&#8221;0&#8243;][\/et_pb_wc_description][et_pb_button button_url=&#8221;https:\/\/amzn.to\/3TEdMuG&#8221; url_new_window=&#8221;on&#8221; button_text=&#8221;Comprar en amazon&#8221; _builder_version=&#8221;4.24.0&#8243; _module_preset=&#8221;default&#8221; custom_button=&#8221;on&#8221; button_text_color=&#8221;#FFFFFF&#8221; button_bg_color=&#8221;#45637F&#8221; button_font=&#8221;Rajdhani||||||||&#8221; button_icon=&#8221;&#xf270;||fa||400&#8243; global_colors_info=&#8221;{}&#8221;][\/et_pb_button][\/et_pb_column][\/et_pb_row][\/et_pb_section][et_pb_section fb_built=&#8221;1&#8243; _builder_version=&#8221;4.24.0&#8243; _module_preset=&#8221;default&#8221; background_color=&#8221;RGBA(255,255,255,0)&#8221; use_background_color_gradient=&#8221;off&#8221; global_colors_info=&#8221;{}&#8221;][et_pb_row _builder_version=&#8221;4.24.0&#8243; _module_preset=&#8221;default&#8221; global_colors_info=&#8221;{}&#8221;][et_pb_column type=&#8221;4_4&#8243; _builder_version=&#8221;4.24.0&#8243; _module_preset=&#8221;default&#8221; global_colors_info=&#8221;{}&#8221;][et_pb_wc_related_products _builder_version=&#8221;4.24.0&#8243; _module_preset=&#8221;default&#8221; global_colors_info=&#8221;{}&#8221;][\/et_pb_wc_related_products][\/et_pb_column][\/et_pb_row][\/et_pb_section]<\/p>\n","protected":false},"excerpt":{"rendered":"<ul class=\"a-unordered-list a-vertical a-spacing-mini\">\n<li class=\"a-spacing-mini\">\n<h1 class=\"a-size-base-plus a-text-bold\">Sobre este art\u00edculo<\/h1>\n<ul class=\"a-unordered-list a-vertical a-spacing-mini\">\n<li class=\"a-spacing-mini\">\n<div id=\"productOverview_feature_div\" class=\"celwidget\" data-feature-name=\"productOverview\" data-csa-c-type=\"widget\" data-csa-c-content-id=\"productOverview\" data-csa-c-slot-id=\"productOverview_feature_div\" data-csa-c-asin=\"B01N6ZJH96\" data-csa-c-is-in-initial-active-row=\"false\" data-csa-c-id=\"lzzho0-igp03p-yra7tq-s5xgvq\" data-cel-widget=\"productOverview_feature_div\">\n<div class=\"a-section a-spacing-small a-spacing-top-small\">\n<table class=\"a-normal a-spacing-micro\">\n<tbody>\n<tr class=\"a-spacing-small po-brand\">\n<td class=\"a-span3\"><span class=\"a-size-base a-text-bold\">Marca<\/span><\/td>\n<td class=\"a-span9\"><span class=\"a-size-base po-break-word\">OneOdio<\/span><\/td>\n<\/tr>\n<tr class=\"a-spacing-small po-model_name\">\n<td class=\"a-span3\"><span class=\"a-size-base a-text-bold\">Nombre del modelo<\/span><\/td>\n<td class=\"a-span9\"><span class=\"a-size-base po-break-word\">Pro-10<\/span><\/td>\n<\/tr>\n<tr class=\"a-spacing-small po-color\">\n<td class=\"a-span3\"><span class=\"a-size-base a-text-bold\">Color<\/span><\/td>\n<td class=\"a-span9\"><span class=\"a-size-base po-break-word\">Negro &#8211;<\/span><\/td>\n<\/tr>\n<tr class=\"a-spacing-small po-headphones_form_factor\">\n<td class=\"a-span3\"><span class=\"a-size-base a-text-bold\">Factor de forma<\/span><\/td>\n<td class=\"a-span9\"><span class=\"a-size-base po-break-word\">Por Arriba de la Oreja<\/span><\/td>\n<\/tr>\n<tr class=\"a-spacing-small po-connectivity_technology\">\n<td class=\"a-span3\"><span class=\"a-size-base a-text-bold\">Tecnolog\u00eda de conectividad<\/span><\/td>\n<td class=\"a-span9\"><span class=\"a-size-base po-break-word\">Al\u00e1mbrico<\/span><\/td>\n<\/tr>\n<\/tbody>\n<\/table>\n<\/div>\n<\/div>\n<div id=\"featurebullets_feature_div\" class=\"celwidget\" data-feature-name=\"featurebullets\" data-csa-c-type=\"widget\" data-csa-c-content-id=\"featurebullets\" data-csa-c-slot-id=\"featurebullets_feature_div\" data-csa-c-asin=\"B01N6ZJH96\" data-csa-c-is-in-initial-active-row=\"false\" data-csa-c-id=\"1eohqc-j0cqm1-dl5yxq-mhci8a\" data-cel-widget=\"featurebullets_feature_div\">\n<div id=\"feature-bullets\" class=\"a-section a-spacing-medium a-spacing-top-small\">\n<hr \/>\n<h1 class=\"a-size-base-plus a-text-bold\">Sobre este art\u00edculo<\/h1>\n<ul class=\"a-unordered-list a-vertical a-spacing-mini\">\n<li class=\"a-spacing-mini\"><span class=\"a-list-item\">Sonido bajo: disfruta de un sonido claro y comodidad con los auriculares para monitor OneOdio Studio. Controladores de unidad de altavoces grandes de 1.969 in combinados con imanes de neodimio; graves potentes, voz clara y tonos altos n\u00edtidos forman sonido est\u00e9reo.<\/span><\/li>\n<li class=\"a-spacing-mini\"><span class=\"a-list-item\">Dise\u00f1ados para mantenerse c\u00f3modos: las almohadillas acolchadas suaves est\u00e1n dise\u00f1adas para la comodidad de los auriculares del monitor y el aislamiento del ruido. La diadema es ajustable y el\u00e1stica para que encuentres el \u00e1ngulo deseado en el que te gusta encajar.<\/span><\/li>\n<li class=\"a-spacing-mini\"><span class=\"a-list-item\">No m\u00e1s adaptador: el cable en espiral estilo DJ (9.8 pies estirado) llega f\u00e1cilmente desde el televisor o est\u00e9reo a tu silla. Se incluyen un enchufe de tama\u00f1o est\u00e1ndar de 0.250 in y un enchufe de 0.138 in. Ambos son completamente desmontables, puedes conectar el mezclador que quieras usar.<\/span><\/li>\n<li class=\"a-spacing-mini\"><span class=\"a-list-item\">Monitoreo de un solo lado: auriculares giratorios de 90\u00b0 para monitoreo de un solo o\u00eddo en cualquier momento; diadema autoajustable y flexible ofrece una experiencia auditiva sin fatiga que puede durar horas, ideal para dominar y mezclar.<\/span><\/li>\n<li class=\"a-spacing-mini\"><span class=\"a-list-item\">Funciona con: Todos los dispositivos tienen conector de audio de 0.138 in o 0.250 in. Sonido bajo, durabilidad y comodidad. Estos son los auriculares que has estado buscando.<\/span><\/li>\n<\/ul>\n<\/div>\n<\/div>\n<\/li>\n<\/ul>\n<\/li>\n<\/ul>\n","protected":false},"featured_media":216736,"comment_status":"open","ping_status":"closed","template":"","meta":{"_et_pb_use_builder":"on","_et_pb_old_content":"","_et_gb_content_width":""},"product_cat":[55,17],"product_tag":[],"yoast_head":"<!-- This site is optimized with the Yoast SEO Premium plugin v15.4 - https:\/\/yoast.com\/wordpress\/plugins\/seo\/ -->\n<title>OneOdio Auriculares con cable mezcla de DJ est\u00e9reo<\/title>\n<meta name=\"description\" content=\"Sum\u00e9rgete en la perfecci\u00f3n sonora: auriculares inal\u00e1mbricos con cancelaci\u00f3n de ruido. Disfruta de la m\u00fasica sin l\u00edmites, sin distracciones. \u00a1Vive la experiencia auditiva definitiva.\" \/>\n<meta name=\"robots\" content=\"index, follow, max-snippet:-1, max-image-preview:large, max-video-preview:-1\" \/>\n<link rel=\"canonical\" href=\"https:\/\/cybercaze.com\/index.php\/producto\/oneodio-auriculares-con-cable-para-monitor-de-estudio-y-mezcla-de-dj-estereo\/\" \/>\n<meta property=\"og:locale\" content=\"es_ES\" \/>\n<meta property=\"og:type\" content=\"article\" \/>\n<meta property=\"og:title\" content=\"OneOdio Auriculares con cable mezcla de DJ est\u00e9reo\" \/>\n<meta property=\"og:description\" content=\"Sum\u00e9rgete en la perfecci\u00f3n sonora: auriculares inal\u00e1mbricos con cancelaci\u00f3n de ruido. Disfruta de la m\u00fasica sin l\u00edmites, sin distracciones. \u00a1Vive la experiencia auditiva definitiva.\" \/>\n<meta property=\"og:url\" content=\"https:\/\/cybercaze.com\/index.php\/producto\/oneodio-auriculares-con-cable-para-monitor-de-estudio-y-mezcla-de-dj-estereo\/\" \/>\n<meta property=\"og:site_name\" content=\"cybercaze\" \/>\n<meta property=\"article:modified_time\" content=\"2024-01-29T23:07:02+00:00\" \/>\n<meta property=\"og:image\" content=\"https:\/\/cybercaze.com\/wp-content\/uploads\/2023\/12\/audifonoprod.png\" \/>\n\t<meta property=\"og:image:width\" content=\"679\" \/>\n\t<meta property=\"og:image:height\" content=\"501\" \/>\n<meta name=\"twitter:card\" content=\"summary_large_image\" \/>\n<meta name=\"twitter:label1\" content=\"Escrito por\">\n\t<meta name=\"twitter:data1\" content=\"Luis F lopez\">\n\t<meta name=\"twitter:label2\" content=\"Tiempo de lectura\">\n\t<meta name=\"twitter:data2\" content=\"2 minutos\">\n<script type=\"application\/ld+json\" class=\"yoast-schema-graph\">{\"@context\":\"https:\/\/schema.org\",\"@graph\":[{\"@type\":\"Organization\",\"@id\":\"https:\/\/cybercaze.com\/#organization\",\"name\":\"Cybercaze\",\"url\":\"https:\/\/cybercaze.com\/\",\"sameAs\":[],\"logo\":{\"@type\":\"ImageObject\",\"@id\":\"https:\/\/cybercaze.com\/#logo\",\"inLanguage\":\"es\",\"url\":\"https:\/\/cybercaze.com\/wp-content\/uploads\/2023\/12\/logo-grande.png\",\"width\":2000,\"height\":4080,\"caption\":\"Cybercaze\"},\"image\":{\"@id\":\"https:\/\/cybercaze.com\/#logo\"}},{\"@type\":\"WebSite\",\"@id\":\"https:\/\/cybercaze.com\/#website\",\"url\":\"https:\/\/cybercaze.com\/\",\"name\":\"cybercaze\",\"description\":\"Tienda en l\\u00ednea para productos de tecnolog\\u00eda, equipos y accesorios\",\"publisher\":{\"@id\":\"https:\/\/cybercaze.com\/#organization\"},\"potentialAction\":[{\"@type\":\"SearchAction\",\"target\":\"https:\/\/cybercaze.com\/?s={search_term_string}\",\"query-input\":\"required name=search_term_string\"}],\"inLanguage\":\"es\"},{\"@type\":\"ImageObject\",\"@id\":\"https:\/\/cybercaze.com\/index.php\/producto\/oneodio-auriculares-con-cable-para-monitor-de-estudio-y-mezcla-de-dj-estereo\/#primaryimage\",\"inLanguage\":\"es\",\"url\":\"https:\/\/cybercaze.com\/wp-content\/uploads\/2023\/12\/audifonoprod.png\",\"width\":679,\"height\":501},{\"@type\":\"WebPage\",\"@id\":\"https:\/\/cybercaze.com\/index.php\/producto\/oneodio-auriculares-con-cable-para-monitor-de-estudio-y-mezcla-de-dj-estereo\/#webpage\",\"url\":\"https:\/\/cybercaze.com\/index.php\/producto\/oneodio-auriculares-con-cable-para-monitor-de-estudio-y-mezcla-de-dj-estereo\/\",\"name\":\"OneOdio Auriculares con cable mezcla de DJ est\\u00e9reo\",\"isPartOf\":{\"@id\":\"https:\/\/cybercaze.com\/#website\"},\"primaryImageOfPage\":{\"@id\":\"https:\/\/cybercaze.com\/index.php\/producto\/oneodio-auriculares-con-cable-para-monitor-de-estudio-y-mezcla-de-dj-estereo\/#primaryimage\"},\"datePublished\":\"2023-12-25T18:12:42+00:00\",\"dateModified\":\"2024-01-29T23:07:02+00:00\",\"description\":\"Sum\\u00e9rgete en la perfecci\\u00f3n sonora: auriculares inal\\u00e1mbricos con cancelaci\\u00f3n de ruido. Disfruta de la m\\u00fasica sin l\\u00edmites, sin distracciones. \\u00a1Vive la experiencia auditiva definitiva.\",\"inLanguage\":\"es\",\"potentialAction\":[{\"@type\":\"ReadAction\",\"target\":[\"https:\/\/cybercaze.com\/index.php\/producto\/oneodio-auriculares-con-cable-para-monitor-de-estudio-y-mezcla-de-dj-estereo\/\"]}]}]}<\/script>\n<!-- \/ Yoast SEO Premium plugin. -->","_links":{"self":[{"href":"https:\/\/cybercaze.com\/index.php\/wp-json\/wp\/v2\/product\/216368"}],"collection":[{"href":"https:\/\/cybercaze.com\/index.php\/wp-json\/wp\/v2\/product"}],"about":[{"href":"https:\/\/cybercaze.com\/index.php\/wp-json\/wp\/v2\/types\/product"}],"replies":[{"embeddable":true,"href":"https:\/\/cybercaze.com\/index.php\/wp-json\/wp\/v2\/comments?post=216368"}],"wp:featuredmedia":[{"embeddable":true,"href":"https:\/\/cybercaze.com\/index.php\/wp-json\/wp\/v2\/media\/216736"}],"wp:attachment":[{"href":"https:\/\/cybercaze.com\/index.php\/wp-json\/wp\/v2\/media?parent=216368"}],"wp:term":[{"taxonomy":"product_cat","embeddable":true,"href":"https:\/\/cybercaze.com\/index.php\/wp-json\/wp\/v2\/product_cat?post=216368"},{"taxonomy":"product_tag","embeddable":true,"href":"https:\/\/cybercaze.com\/index.php\/wp-json\/wp\/v2\/product_tag?post=216368"}],"curies":[{"name":"wp","href":"https:\/\/api.w.org\/{rel}","templated":true}]}}