{"id":213394,"date":"2023-12-05T20:13:13","date_gmt":"2023-12-06T01:13:13","guid":{"rendered":"https:\/\/cybercaze.com\/?post_type=product&#038;p=213394"},"modified":"2024-01-30T16:17:51","modified_gmt":"2024-01-30T21:17:51","slug":"dracaena-aio-enfriador-de-cpu","status":"publish","type":"product","link":"https:\/\/cybercaze.com\/index.php\/producto\/dracaena-aio-enfriador-de-cpu\/","title":{"rendered":"Dracaena AIO &#8211; Enfriador de CPU"},"content":{"rendered":"<p>[et_pb_section fb_built=&#8221;1&#8243; _builder_version=&#8221;4.23.1&#8243; background_color=&#8221;RGBA(255,255,255,0)&#8221; use_background_color_gradient=&#8221;off&#8221; custom_padding=&#8221;0px||||false|false&#8221; global_colors_info=&#8221;{}&#8221;][et_pb_row _builder_version=&#8221;4.16&#8243; background_size=&#8221;initial&#8221; background_position=&#8221;top_left&#8221; background_repeat=&#8221;repeat&#8221; width=&#8221;100%&#8221; custom_padding=&#8221;0px||0px||false|false&#8221; global_colors_info=&#8221;{}&#8221;][et_pb_column type=&#8221;4_4&#8243; _builder_version=&#8221;4.16&#8243; custom_padding=&#8221;|||&#8221; global_colors_info=&#8221;{}&#8221; custom_padding__hover=&#8221;|||&#8221;][et_pb_wc_breadcrumb _builder_version=&#8221;4.22.2&#8243; body_font=&#8221;Rajdhani|600|||||||&#8221; body_text_color=&#8221;#45637F&#8221; body_font_size=&#8221;15px&#8221; global_colors_info=&#8221;{}&#8221;][\/et_pb_wc_breadcrumb][\/et_pb_column][\/et_pb_row][et_pb_row column_structure=&#8221;1_2,1_2&#8243; _builder_version=&#8221;4.16&#8243; background_size=&#8221;initial&#8221; background_position=&#8221;top_left&#8221; background_repeat=&#8221;repeat&#8221; width=&#8221;100%&#8221; custom_padding=&#8221;0px||47px||false|false&#8221; global_colors_info=&#8221;{}&#8221;][et_pb_column type=&#8221;1_2&#8243; _builder_version=&#8221;4.16&#8243; custom_padding=&#8221;|||&#8221; global_colors_info=&#8221;{}&#8221; custom_padding__hover=&#8221;|||&#8221;][et_pb_wc_images _builder_version=&#8221;4.24.0&#8243; sale_badge_font=&#8221;Rajdhani||||||||&#8221; link_option_url=&#8221;https:\/\/amzn.to\/3GuTXhD&#8221; global_colors_info=&#8221;{}&#8221;][\/et_pb_wc_images][\/et_pb_column][et_pb_column type=&#8221;1_2&#8243; _builder_version=&#8221;4.16&#8243; custom_padding=&#8221;|||&#8221; global_colors_info=&#8221;{}&#8221; custom_padding__hover=&#8221;|||&#8221;][et_pb_wc_title _builder_version=&#8221;4.22.2&#8243; header_font=&#8221;Rajdhani|700|||||||&#8221; header_text_color=&#8221;#45637F&#8221; global_colors_info=&#8221;{}&#8221;][\/et_pb_wc_title][et_pb_wc_rating _builder_version=&#8221;4.22.2&#8243; rating_text_color=&#8221;#88C5FE&#8221; global_colors_info=&#8221;{}&#8221;][\/et_pb_wc_rating][et_pb_button button_url=&#8221;https:\/\/amzn.to\/3GuTXhD&#8221; url_new_window=&#8221;on&#8221; button_text=&#8221;Comprar en amazon&#8221; _builder_version=&#8221;4.24.0&#8243; _module_preset=&#8221;default&#8221; custom_button=&#8221;on&#8221; button_text_color=&#8221;#FFFFFF&#8221; button_bg_color=&#8221;#45637F&#8221; button_font=&#8221;Rajdhani||||||||&#8221; button_icon=&#8221;&#xf270;||fa||400&#8243; global_colors_info=&#8221;{}&#8221;][\/et_pb_button][et_pb_wc_description _builder_version=&#8221;4.24.0&#8243; _module_preset=&#8221;default&#8221; global_colors_info=&#8221;{}&#8221;][\/et_pb_wc_description][et_pb_button button_url=&#8221;https:\/\/amzn.to\/3GuTXhD&#8221; url_new_window=&#8221;on&#8221; button_text=&#8221;Comprar en amazon&#8221; _builder_version=&#8221;4.24.0&#8243; _module_preset=&#8221;default&#8221; custom_button=&#8221;on&#8221; button_text_color=&#8221;#FFFFFF&#8221; button_bg_color=&#8221;#45637F&#8221; button_font=&#8221;Rajdhani||||||||&#8221; button_icon=&#8221;&#xf270;||fa||400&#8243; global_colors_info=&#8221;{}&#8221;][\/et_pb_button][\/et_pb_column][\/et_pb_row][\/et_pb_section][et_pb_section fb_built=&#8221;1&#8243; _builder_version=&#8221;4.24.0&#8243; _module_preset=&#8221;default&#8221; background_color=&#8221;RGBA(255,255,255,0)&#8221; use_background_color_gradient=&#8221;off&#8221; global_colors_info=&#8221;{}&#8221;][et_pb_row _builder_version=&#8221;4.24.0&#8243; _module_preset=&#8221;default&#8221; global_colors_info=&#8221;{}&#8221;][et_pb_column type=&#8221;4_4&#8243; _builder_version=&#8221;4.24.0&#8243; _module_preset=&#8221;default&#8221; global_colors_info=&#8221;{}&#8221;][et_pb_wc_related_products _builder_version=&#8221;4.24.0&#8243; _module_preset=&#8221;default&#8221; global_colors_info=&#8221;{}&#8221;][\/et_pb_wc_related_products][\/et_pb_column][\/et_pb_row][\/et_pb_section]<\/p>\n","protected":false},"excerpt":{"rendered":"<ul class=\"a-unordered-list a-vertical a-spacing-mini\">\n<li class=\"a-spacing-mini\">\n<h1 class=\"a-size-base-plus a-text-bold\">Sobre este art\u00edculo<\/h1>\n<ul class=\"a-unordered-list a-vertical a-spacing-mini\">\n<li class=\"a-spacing-mini\">\n<div id=\"productOverview_feature_div\" class=\"celwidget\" data-feature-name=\"productOverview\" data-csa-c-type=\"widget\" data-csa-c-content-id=\"productOverview\" data-csa-c-slot-id=\"productOverview_feature_div\" data-csa-c-asin=\"B09JG5X1PY\" data-csa-c-is-in-initial-active-row=\"false\" data-csa-c-id=\"y5aspn-x5z4vp-7eacku-3tixtt\" data-cel-widget=\"productOverview_feature_div\">\n<div id=\"poExpander\" class=\"a-expander-collapsed-height a-row a-expander-container a-spacing-none a-expander-partial-collapse-container\" data-a-expander-name=\"product_overview\" data-a-expander-collapsed-height=\"210\">\n<div class=\"a-expander-content a-expander-partial-collapse-content\" aria-expanded=\"false\">\n<div class=\"a-section a-spacing-small a-spacing-top-small\">\n<table class=\"a-normal a-spacing-micro\">\n<tbody>\n<tr class=\"a-spacing-small po-item_length_width_height\">\n<td class=\"a-span3\"><span class=\"a-size-base a-text-bold\">Dimensiones del producto<\/span><\/td>\n<td class=\"a-span9\"><span class=\"a-size-base po-break-word\">8,27&#8243;l. x 18,9&#8243;an. x 5,91&#8243;al. pulgadas<\/span><\/td>\n<\/tr>\n<tr class=\"a-spacing-small po-brand\">\n<td class=\"a-span3\"><span class=\"a-size-base a-text-bold\">Marca<\/span><\/td>\n<td class=\"a-span9\"><span class=\"a-size-base po-break-word\">greenDracaena<\/span><\/td>\n<\/tr>\n<tr class=\"a-spacing-small po-power_connector_type\">\n<td class=\"a-span3\"><span class=\"a-size-base a-text-bold\">Tipo de conector de alimentaci\u00f3n<\/span><\/td>\n<td class=\"a-span9\"><span class=\"a-size-base po-break-word\">3 pines<\/span><\/td>\n<\/tr>\n<tr class=\"a-spacing-small po-voltage\">\n<td class=\"a-span3\"><span class=\"a-size-base a-text-bold\">Voltaje<\/span><\/td>\n<td class=\"a-span9\"><span class=\"a-size-base po-break-word\">12 Voltios<\/span><\/td>\n<\/tr>\n<tr class=\"a-spacing-small po-wattage\">\n<td class=\"a-span3\"><span class=\"a-size-base a-text-bold\">Potencia<\/span><\/td>\n<td class=\"a-span9\"><span class=\"a-size-base po-break-word\">2.1 vatios<\/span><\/td>\n<\/tr>\n<tr class=\"a-spacing-small po-cooling_method\">\n<td class=\"a-span3\"><span class=\"a-size-base a-text-bold\">M\u00e9todo de refrigeraci\u00f3n<\/span><\/td>\n<td class=\"a-span9\"><span class=\"a-size-base po-break-word\">Aire, Agua<\/span><\/td>\n<\/tr>\n<tr class=\"a-spacing-small po-compatible_devices\">\n<td class=\"a-span3\"><span class=\"a-size-base a-text-bold\">Dispositivos compatibles<\/span><\/td>\n<td class=\"a-span9\"><span class=\"a-size-base po-break-word\">Computadora de Escritorio<\/span><\/td>\n<\/tr>\n<tr class=\"a-spacing-small po-noise_level\">\n<td class=\"a-span3\"><span class=\"a-size-base a-text-bold\">Nivel de ruido<\/span><\/td>\n<td class=\"a-span9\"><span class=\"a-size-base po-break-word\">32 dB<\/span><\/td>\n<\/tr>\n<tr class=\"a-spacing-small po-material\">\n<td class=\"a-span3\"><span class=\"a-size-base a-text-bold\">Material<\/span><\/td>\n<td class=\"a-span9\"><span class=\"a-size-base po-break-word\">Cobre<\/span><\/td>\n<\/tr>\n<tr class=\"a-spacing-small po-maximum_rotational_speed\">\n<td class=\"a-span3\"><span class=\"a-size-base a-text-bold\">Velocidad m\u00e1xima de rotaci\u00f3n<\/span><\/td>\n<td class=\"a-span9\"><span class=\"a-size-base po-break-word\">2300 RPM<\/span><\/td>\n<\/tr>\n<\/tbody>\n<\/table>\n<\/div>\n<\/div>\n<div id=\"poToggleButton\" class=\"a-expander-header a-expander-partial-collapse-header\">\n<div class=\"a-expander-content-fade\"><\/div>\n<\/div>\n<\/div>\n<\/div>\n<div id=\"featurebullets_feature_div\" class=\"celwidget\" data-feature-name=\"featurebullets\" data-csa-c-type=\"widget\" data-csa-c-content-id=\"featurebullets\" data-csa-c-slot-id=\"featurebullets_feature_div\" data-csa-c-asin=\"B09JG5X1PY\" data-csa-c-is-in-initial-active-row=\"false\" data-csa-c-id=\"jgd1j6-gqdw41-usn7hw-denhoc\" data-cel-widget=\"featurebullets_feature_div\">\n<div id=\"feature-bullets\" class=\"a-section a-spacing-medium a-spacing-top-small\">\n<hr \/>\n<ul class=\"a-unordered-list a-vertical a-spacing-mini\">\n<li class=\"a-spacing-mini\"><span class=\"a-list-item\">El revolucionario dise\u00f1o de la bomba se separa de la cabeza para una eficiencia superior de disipaci\u00f3n de calor. Con un impresionante 2400 RPM \u00b1 10%, nuestra bomba supera la norma, asegurando una potencia de enfriamiento excepcional.<\/span><\/li>\n<li class=\"a-spacing-mini\"><span class=\"a-list-item\">Disfruta de una experiencia visual cautivadora con 21 modos de color de memorizaci\u00f3n desde LED ARGB coloridos hasta LED RGB individuales, elevando la est\u00e9tica de tu sistema a nuevas alturas<\/span><\/li>\n<li class=\"a-spacing-mini\"><span class=\"a-list-item\">Toma el control con el concentrador de controlador y el control remoto incluidos, gestiona sin esfuerzo los colores claros y las velocidades del ventilador para una experiencia de CPU AIO perfecta y personalizada<\/span><\/li>\n<li class=\"a-spacing-mini\"><span class=\"a-list-item\">Tres ventiladores PWM: la velocidad de 3 ventiladores PWM se puede ajustar autom\u00e1ticamente de acuerdo con la temperatura del sistema de refrigeraci\u00f3n l\u00edquida de la CPU o se puede ajustar f\u00e1cilmente con el control remoto, proporcionar el mejor flujo de aire y casi completo silencioso cuando se opera. (\u226426.3 dB (A) MAX)<\/span><\/li>\n<li class=\"a-spacing-mini\"><span class=\"a-list-item\">Intel TDP 180: LGA115X\/ LGA1200\/ LGA1366\/LGA1700\/ LGA2011\/ LGA2011-V3 Core i3\/i5\/i9 Pentium Celeron. AMD TDP 180W: AM5, AM4, AM3, AM2+, AM2, FM2+, FM2, FM1, Ryzen R3\/R5\/R7 APU A4\/A6\/A8\/A10\/A12 FX 4\/6\/8- core Phenom II X2\/X3\/X4\/X6 AthlonII X2\/X3\/X4\/X4 AthlonII X2\/X3\/X4\/X4 Athlon X4<\/span><\/li>\n<\/ul>\n<\/div>\n<\/div>\n<\/li>\n<\/ul>\n<\/li>\n<\/ul>\n","protected":false},"featured_media":216831,"comment_status":"open","ping_status":"closed","template":"","meta":{"_et_pb_use_builder":"on","_et_pb_old_content":"","_et_gb_content_width":""},"product_cat":[54],"product_tag":[],"yoast_head":"<!-- This site is optimized with the Yoast SEO Premium plugin v15.4 - https:\/\/yoast.com\/wordpress\/plugins\/seo\/ -->\n<title>Dracaena AIO - Enfriador de CPU | cybercaze<\/title>\n<meta name=\"robots\" content=\"index, follow, max-snippet:-1, max-image-preview:large, max-video-preview:-1\" \/>\n<link rel=\"canonical\" href=\"https:\/\/cybercaze.com\/index.php\/producto\/dracaena-aio-enfriador-de-cpu\/\" \/>\n<meta property=\"og:locale\" content=\"es_ES\" \/>\n<meta property=\"og:type\" content=\"article\" \/>\n<meta property=\"og:title\" content=\"Dracaena AIO - Enfriador de CPU | cybercaze\" \/>\n<meta property=\"og:description\" content=\"Sobre este art\u00edculo           Dimensiones del producto 8,27&quot;l. x 18,9&quot;an. x 5,91&quot;al. pulgadas   Marca greenDracaena   Tipo de conector de alimentaci\u00f3n 3 pines   Voltaje 12 Voltios   Potencia 2.1 vatios   M\u00e9todo de refrigeraci\u00f3n Aire, Agua   Dispositivos compatibles Computadora de Escritorio   Nivel de ruido 32 dB   Material Cobre   Velocidad m\u00e1xima de rotaci\u00f3n 2300 RPM                  El revolucionario dise\u00f1o de la bomba se separa de la cabeza para una eficiencia superior de disipaci\u00f3n de calor. Con un impresionante 2400 RPM \u00b1 10%, nuestra bomba supera la norma, asegurando una potencia de enfriamiento excepcional.  Disfruta de una experiencia visual cautivadora con 21 modos de color de memorizaci\u00f3n desde LED ARGB coloridos hasta LED RGB individuales, elevando la est\u00e9tica de tu sistema a nuevas alturas  Toma el control con el concentrador de controlador y el control remoto incluidos, gestiona sin esfuerzo los colores claros y las velocidades del ventilador para una experiencia de CPU AIO perfecta y personalizada  Tres ventiladores PWM: la velocidad de 3 ventiladores PWM se puede ajustar autom\u00e1ticamente de acuerdo con la temperatura del sistema de refrigeraci\u00f3n l\u00edquida de la CPU o se puede ajustar f\u00e1cilmente con el control remoto, proporcionar el mejor flujo de aire y casi completo silencioso cuando se opera. (\u226426.3 dB (A) MAX)  Intel TDP 180: LGA115X\/ LGA1200\/ LGA1366\/LGA1700\/ LGA2011\/ LGA2011-V3 Core i3\/i5\/i9 Pentium Celeron. AMD TDP 180W: AM5, AM4, AM3, AM2+, AM2, FM2+, FM2, FM1, Ryzen R3\/R5\/R7 APU A4\/A6\/A8\/A10\/A12 FX 4\/6\/8- core Phenom II X2\/X3\/X4\/X6 AthlonII X2\/X3\/X4\/X4 AthlonII X2\/X3\/X4\/X4 Athlon X4\" \/>\n<meta property=\"og:url\" content=\"https:\/\/cybercaze.com\/index.php\/producto\/dracaena-aio-enfriador-de-cpu\/\" \/>\n<meta property=\"og:site_name\" content=\"cybercaze\" \/>\n<meta property=\"article:modified_time\" content=\"2024-01-30T21:17:51+00:00\" \/>\n<meta property=\"og:image\" content=\"https:\/\/cybercaze.com\/wp-content\/uploads\/2023\/12\/refrigeracion-basica.png\" \/>\n\t<meta property=\"og:image:width\" content=\"679\" \/>\n\t<meta property=\"og:image:height\" content=\"501\" \/>\n<meta name=\"twitter:card\" content=\"summary_large_image\" \/>\n<meta name=\"twitter:label1\" content=\"Escrito por\">\n\t<meta name=\"twitter:data1\" content=\"Luis F lopez\">\n\t<meta name=\"twitter:label2\" content=\"Tiempo de lectura\">\n\t<meta name=\"twitter:data2\" content=\"2 minutos\">\n<script type=\"application\/ld+json\" class=\"yoast-schema-graph\">{\"@context\":\"https:\/\/schema.org\",\"@graph\":[{\"@type\":\"Organization\",\"@id\":\"https:\/\/cybercaze.com\/#organization\",\"name\":\"Cybercaze\",\"url\":\"https:\/\/cybercaze.com\/\",\"sameAs\":[],\"logo\":{\"@type\":\"ImageObject\",\"@id\":\"https:\/\/cybercaze.com\/#logo\",\"inLanguage\":\"es\",\"url\":\"https:\/\/cybercaze.com\/wp-content\/uploads\/2023\/12\/logo-grande.png\",\"width\":2000,\"height\":4080,\"caption\":\"Cybercaze\"},\"image\":{\"@id\":\"https:\/\/cybercaze.com\/#logo\"}},{\"@type\":\"WebSite\",\"@id\":\"https:\/\/cybercaze.com\/#website\",\"url\":\"https:\/\/cybercaze.com\/\",\"name\":\"cybercaze\",\"description\":\"Tienda en l\\u00ednea para productos de tecnolog\\u00eda, equipos y accesorios\",\"publisher\":{\"@id\":\"https:\/\/cybercaze.com\/#organization\"},\"potentialAction\":[{\"@type\":\"SearchAction\",\"target\":\"https:\/\/cybercaze.com\/?s={search_term_string}\",\"query-input\":\"required name=search_term_string\"}],\"inLanguage\":\"es\"},{\"@type\":\"ImageObject\",\"@id\":\"https:\/\/cybercaze.com\/index.php\/producto\/dracaena-aio-enfriador-de-cpu\/#primaryimage\",\"inLanguage\":\"es\",\"url\":\"https:\/\/cybercaze.com\/wp-content\/uploads\/2023\/12\/refrigeracion-basica.png\",\"width\":679,\"height\":501},{\"@type\":\"WebPage\",\"@id\":\"https:\/\/cybercaze.com\/index.php\/producto\/dracaena-aio-enfriador-de-cpu\/#webpage\",\"url\":\"https:\/\/cybercaze.com\/index.php\/producto\/dracaena-aio-enfriador-de-cpu\/\",\"name\":\"Dracaena AIO - Enfriador de CPU | cybercaze\",\"isPartOf\":{\"@id\":\"https:\/\/cybercaze.com\/#website\"},\"primaryImageOfPage\":{\"@id\":\"https:\/\/cybercaze.com\/index.php\/producto\/dracaena-aio-enfriador-de-cpu\/#primaryimage\"},\"datePublished\":\"2023-12-06T01:13:13+00:00\",\"dateModified\":\"2024-01-30T21:17:51+00:00\",\"inLanguage\":\"es\",\"potentialAction\":[{\"@type\":\"ReadAction\",\"target\":[\"https:\/\/cybercaze.com\/index.php\/producto\/dracaena-aio-enfriador-de-cpu\/\"]}]}]}<\/script>\n<!-- \/ Yoast SEO Premium plugin. -->","_links":{"self":[{"href":"https:\/\/cybercaze.com\/index.php\/wp-json\/wp\/v2\/product\/213394"}],"collection":[{"href":"https:\/\/cybercaze.com\/index.php\/wp-json\/wp\/v2\/product"}],"about":[{"href":"https:\/\/cybercaze.com\/index.php\/wp-json\/wp\/v2\/types\/product"}],"replies":[{"embeddable":true,"href":"https:\/\/cybercaze.com\/index.php\/wp-json\/wp\/v2\/comments?post=213394"}],"wp:featuredmedia":[{"embeddable":true,"href":"https:\/\/cybercaze.com\/index.php\/wp-json\/wp\/v2\/media\/216831"}],"wp:attachment":[{"href":"https:\/\/cybercaze.com\/index.php\/wp-json\/wp\/v2\/media?parent=213394"}],"wp:term":[{"taxonomy":"product_cat","embeddable":true,"href":"https:\/\/cybercaze.com\/index.php\/wp-json\/wp\/v2\/product_cat?post=213394"},{"taxonomy":"product_tag","embeddable":true,"href":"https:\/\/cybercaze.com\/index.php\/wp-json\/wp\/v2\/product_tag?post=213394"}],"curies":[{"name":"wp","href":"https:\/\/api.w.org\/{rel}","templated":true}]}}