{"id":213298,"date":"2023-11-19T02:30:17","date_gmt":"2023-11-19T01:30:17","guid":{"rendered":"https:\/\/cybercaze.com\/?post_type=product&#038;p=213298"},"modified":"2024-01-29T17:08:00","modified_gmt":"2024-01-29T22:08:00","slug":"auriculares-inalambricos-cancelacion-de-ruido","status":"publish","type":"product","link":"https:\/\/cybercaze.com\/index.php\/producto\/auriculares-inalambricos-cancelacion-de-ruido\/","title":{"rendered":"Auriculares\u00a0inalambricos BERIBES"},"content":{"rendered":"<p>[et_pb_section fb_built=&#8221;1&#8243; _builder_version=&#8221;4.23.4&#8243; background_color=&#8221;RGBA(255,255,255,0)&#8221; use_background_color_gradient=&#8221;off&#8221; custom_padding=&#8221;0px||||false|false&#8221; global_colors_info=&#8221;{}&#8221;][et_pb_row _builder_version=&#8221;4.16&#8243; background_size=&#8221;initial&#8221; background_position=&#8221;top_left&#8221; background_repeat=&#8221;repeat&#8221; width=&#8221;100%&#8221; custom_padding=&#8221;0px||0px||false|false&#8221; global_colors_info=&#8221;{}&#8221;][et_pb_column type=&#8221;4_4&#8243; _builder_version=&#8221;4.16&#8243; custom_padding=&#8221;|||&#8221; global_colors_info=&#8221;{}&#8221; custom_padding__hover=&#8221;|||&#8221;][et_pb_wc_breadcrumb _builder_version=&#8221;4.22.2&#8243; body_font=&#8221;Rajdhani|600|||||||&#8221; body_text_color=&#8221;#45637F&#8221; body_font_size=&#8221;15px&#8221; global_colors_info=&#8221;{}&#8221;][\/et_pb_wc_breadcrumb][\/et_pb_column][\/et_pb_row][et_pb_row column_structure=&#8221;1_2,1_2&#8243; _builder_version=&#8221;4.16&#8243; background_size=&#8221;initial&#8221; background_position=&#8221;top_left&#8221; background_repeat=&#8221;repeat&#8221; width=&#8221;100%&#8221; custom_padding=&#8221;0px||47px||false|false&#8221; global_colors_info=&#8221;{}&#8221;][et_pb_column type=&#8221;1_2&#8243; _builder_version=&#8221;4.16&#8243; custom_padding=&#8221;|||&#8221; global_colors_info=&#8221;{}&#8221; custom_padding__hover=&#8221;|||&#8221;][et_pb_wc_images _builder_version=&#8221;4.24.0&#8243; sale_badge_font=&#8221;Rajdhani||||||||&#8221; hover_enabled=&#8221;0&#8243; global_colors_info=&#8221;{}&#8221; link_option_url_new_window=&#8221;on&#8221; sticky_enabled=&#8221;0&#8243; link_option_url=&#8221;https:\/\/amzn.to\/49KGzmM&#8221;][\/et_pb_wc_images][\/et_pb_column][et_pb_column type=&#8221;1_2&#8243; _builder_version=&#8221;4.16&#8243; custom_padding=&#8221;|||&#8221; global_colors_info=&#8221;{}&#8221; custom_padding__hover=&#8221;|||&#8221;][et_pb_wc_title _builder_version=&#8221;4.22.2&#8243; header_font=&#8221;Rajdhani|700|||||||&#8221; header_text_color=&#8221;#45637F&#8221; global_colors_info=&#8221;{}&#8221;][\/et_pb_wc_title][et_pb_wc_rating _builder_version=&#8221;4.22.2&#8243; rating_text_color=&#8221;#88C5FE&#8221; global_colors_info=&#8221;{}&#8221;][\/et_pb_wc_rating][et_pb_wc_price _builder_version=&#8221;4.23.1&#8243; body_font=&#8221;Rajdhani|700|||||||&#8221; body_text_color=&#8221;#45637F&#8221; global_colors_info=&#8221;{}&#8221;][\/et_pb_wc_price][et_pb_button button_url=&#8221;https:\/\/amzn.to\/49KGzmM&#8221; url_new_window=&#8221;on&#8221; button_text=&#8221;Comprar en amazon&#8221; _builder_version=&#8221;4.24.0&#8243; _module_preset=&#8221;default&#8221; custom_button=&#8221;on&#8221; button_text_color=&#8221;#FFFFFF&#8221; button_bg_color=&#8221;#45637F&#8221; button_font=&#8221;Rajdhani||||||||&#8221; button_icon=&#8221;&#xf270;||fa||400&#8243; hover_enabled=&#8221;0&#8243; global_colors_info=&#8221;{}&#8221; sticky_enabled=&#8221;0&#8243;][\/et_pb_button][et_pb_wc_description _builder_version=&#8221;4.24.0&#8243; _module_preset=&#8221;default&#8221; global_colors_info=&#8221;{}&#8221;][\/et_pb_wc_description][et_pb_button button_url=&#8221;https:\/\/amzn.to\/49KGzmM&#8221; url_new_window=&#8221;on&#8221; button_text=&#8221;Comprar en amazon&#8221; _builder_version=&#8221;4.24.0&#8243; _module_preset=&#8221;default&#8221; custom_button=&#8221;on&#8221; button_text_color=&#8221;#FFFFFF&#8221; button_bg_color=&#8221;#45637F&#8221; button_font=&#8221;Rajdhani||||||||&#8221; button_icon=&#8221;&#xf270;||fa||400&#8243; hover_enabled=&#8221;0&#8243; global_colors_info=&#8221;{}&#8221; sticky_enabled=&#8221;0&#8243;][\/et_pb_button][\/et_pb_column][\/et_pb_row][\/et_pb_section][et_pb_section fb_built=&#8221;1&#8243; _builder_version=&#8221;4.24.0&#8243; _module_preset=&#8221;default&#8221; background_color=&#8221;RGBA(255,255,255,0)&#8221; use_background_color_gradient=&#8221;off&#8221; global_colors_info=&#8221;{}&#8221;][et_pb_row _builder_version=&#8221;4.24.0&#8243; _module_preset=&#8221;default&#8221; global_colors_info=&#8221;{}&#8221;][et_pb_column type=&#8221;4_4&#8243; _builder_version=&#8221;4.24.0&#8243; _module_preset=&#8221;default&#8221; global_colors_info=&#8221;{}&#8221;][et_pb_wc_related_products _builder_version=&#8221;4.24.0&#8243; _module_preset=&#8221;default&#8221; global_colors_info=&#8221;{}&#8221;][\/et_pb_wc_related_products][\/et_pb_column][\/et_pb_row][\/et_pb_section]<\/p>\n","protected":false},"excerpt":{"rendered":"<ul>\n<li style=\"list-style-type: none;\">\n<ul class=\"a-unordered-list a-vertical a-spacing-mini\">\n<li class=\"a-spacing-mini\">\n<div id=\"productOverview_feature_div\" class=\"celwidget\" data-feature-name=\"productOverview\" data-csa-c-type=\"widget\" data-csa-c-content-id=\"productOverview\" data-csa-c-slot-id=\"productOverview_feature_div\" data-csa-c-asin=\"B0CDC4X65Q\" data-csa-c-is-in-initial-active-row=\"false\" data-csa-c-id=\"505vmx-9z0t62-gn5t65-5n6t49\" data-cel-widget=\"productOverview_feature_div\">\n<div class=\"a-section a-spacing-small a-spacing-top-small\">\n<table class=\"a-normal a-spacing-micro\">\n<tbody>\n<tr class=\"a-spacing-small po-brand\">\n<td class=\"a-span3\"><span class=\"a-size-base a-text-bold\">Marca<\/span><\/td>\n<td class=\"a-span9\"><span class=\"a-size-base po-break-word\">BERIBES<\/span><\/td>\n<\/tr>\n<tr class=\"a-spacing-small po-model_name\">\n<td class=\"a-span3\"><span class=\"a-size-base a-text-bold\">Nombre del modelo<\/span><\/td>\n<td class=\"a-span9\"><span class=\"a-size-base po-break-word\">BEWH305B<\/span><\/td>\n<\/tr>\n<tr class=\"a-spacing-small po-color\">\n<td class=\"a-span3\"><span class=\"a-size-base a-text-bold\">Color<\/span><\/td>\n<td class=\"a-span9\"><span class=\"a-size-base po-break-word\">Negro &#8211;<\/span><\/td>\n<\/tr>\n<tr class=\"a-spacing-small po-headphones_form_factor\">\n<td class=\"a-span3\"><span class=\"a-size-base a-text-bold\">Factor de forma<\/span><\/td>\n<td class=\"a-span9\"><span class=\"a-size-base po-break-word\">Por Arriba de la Oreja<\/span><\/td>\n<\/tr>\n<tr class=\"a-spacing-small po-connectivity_technology\">\n<td class=\"a-span3\"><span class=\"a-size-base a-text-bold\">Tecnolog\u00eda de conectividad<\/span><\/td>\n<td class=\"a-span9\"><span class=\"a-size-base po-break-word\">Cable de audio inal\u00e1mbrico\/con cable de 0.138 in<\/span><\/td>\n<\/tr>\n<\/tbody>\n<\/table>\n<\/div>\n<\/div>\n<div id=\"featurebullets_feature_div\" class=\"celwidget\" data-feature-name=\"featurebullets\" data-csa-c-type=\"widget\" data-csa-c-content-id=\"featurebullets\" data-csa-c-slot-id=\"featurebullets_feature_div\" data-csa-c-asin=\"B0CDC4X65Q\" data-csa-c-is-in-initial-active-row=\"false\" data-csa-c-id=\"dfsi7z-v0td2h-51epgk-6mr0vf\" data-cel-widget=\"featurebullets_feature_div\">\n<div id=\"feature-bullets\" class=\"a-section a-spacing-medium a-spacing-top-small\">\n<hr \/>\n<h1 class=\"a-size-base-plus a-text-bold\">Sobre este art\u00edculo<\/h1>\n<ul class=\"a-unordered-list a-vertical a-spacing-mini\">\n<li class=\"a-spacing-mini\"><span class=\"a-list-item\">1. Cancelaci\u00f3n activa de ruido (ANC), modo transparente: la cancelaci\u00f3n de ruido avanzada profesional silencia hasta el 95% del ruido de la m\u00e1quina. &#8220;Modo transparente&#8221; Esta funci\u00f3n permite la entrada de ruido ambiental, por lo que puede escuchar f\u00e1cilmente anuncios en un autob\u00fas o metro, o escuchar lo que sucede a su alrededor sin quitar los auriculares activos con cancelaci\u00f3n de ruido. El control de botones sensibles hace que sea f\u00e1cil cambiar entre estos dos modos.<\/span><\/li>\n<li class=\"a-spacing-mini\"><span class=\"a-list-item\">2. Hasta 65 horas de reproducci\u00f3n, carga r\u00e1pida: disfruta de hasta 40 horas de m\u00fasica en modo de cancelaci\u00f3n de ruido, o extiende el tiempo de reproducci\u00f3n a 65 horas en modo est\u00e1ndar. Una carga r\u00e1pida de 5 minutos te da 4 horas de escucha. Puede cargarlo a trav\u00e9s del puerto tipo C o utilizar un cable de audio de 0.138 in para una conexi\u00f3n por cable. Nota: Si no est\u00e1 utilizando los auriculares inal\u00e1mbricos sobre la oreja en modo Bluetooth, apague el ANC para ahorrar energ\u00eda.<\/span><\/li>\n<li class=\"a-spacing-mini\"><span class=\"a-list-item\">3. Calidad de sonido premium, graves profundos: los controladores de 1.575 in reproducen una gama completa de frecuencias, proporcionando un sonido profundo, potente e inmersivo a cualquier volumen. Los auriculares inal\u00e1mbricos BERIBES siempre se han comprometido a proporcionar a nuestros clientes una mejor calidad de sonido como el punto focal de nuestra ingenier\u00eda. Nuestro objetivo es proporcionar a nuestros clientes la mejor calidad de sonido posible.<\/span><\/li>\n<li class=\"a-spacing-mini\"><span class=\"a-list-item\">4. Dise\u00f1o \u00fanico plegable, ligero y ergon\u00f3mico: las almohadillas de prote\u00edna de grado profesional, la rotaci\u00f3n de 90\u00b0 hacia adentro y las orejeras plegables de 120\u00b0 hacia adentro son ligeras (solo 0.8 lb) para una m\u00e1xima comodidad durante largos per\u00edodos de uso. Los auriculares Bluetooth con micr\u00f3fono se pliegan de forma compacta para un f\u00e1cil almacenamiento cuando viajas. La estructura ergon\u00f3mica y la diadema ajustable de varios niveles proporcionan un ajuste c\u00f3modo para todos los usuarios.<\/span><\/li>\n<li class=\"a-spacing-mini\"><span class=\"a-list-item\">5. Auriculares Bluetooth, protecci\u00f3n posventa: el paquete incluye auriculares Bluetooth con cancelaci\u00f3n de ruido ANC, cable de audio de respaldo de 0.138 in, cable de carga USB y manual de usuario (idioma espa\u00f1ol no garantizado). Proporcionaremos una devoluci\u00f3n de 30 d\u00edas y una garant\u00eda de 12 meses, soporte al usuario sin preocupaciones de por vida, cont\u00e1ctenos en cualquier momento si tiene alguna pregunta sobre el producto, y le responderemos en 10 horas<\/span><\/li>\n<\/ul>\n<\/div>\n<\/div>\n<\/li>\n<\/ul>\n<\/li>\n<\/ul>\n","protected":false},"featured_media":213306,"comment_status":"open","ping_status":"closed","template":"","meta":{"_et_pb_use_builder":"on","_et_pb_old_content":"","_et_gb_content_width":""},"product_cat":[55,17],"product_tag":[],"yoast_head":"<!-- This site is optimized with the Yoast SEO Premium plugin v15.4 - https:\/\/yoast.com\/wordpress\/plugins\/seo\/ -->\n<title>Auriculares\u00a0inalambricos BERIBES<\/title>\n<meta name=\"description\" content=\"Sum\u00e9rgete en la perfecci\u00f3n sonora: auriculares inal\u00e1mbricos con cancelaci\u00f3n de ruido. Disfruta de la m\u00fasica sin l\u00edmites, sin distracciones. \u00a1Vive la experiencia auditiva definitiva.\" \/>\n<meta name=\"robots\" content=\"index, follow, max-snippet:-1, max-image-preview:large, max-video-preview:-1\" \/>\n<link rel=\"canonical\" href=\"https:\/\/cybercaze.com\/index.php\/producto\/auriculares-inalambricos-cancelacion-de-ruido\/\" \/>\n<meta property=\"og:locale\" content=\"es_ES\" \/>\n<meta property=\"og:type\" content=\"article\" \/>\n<meta property=\"og:title\" content=\"Auriculares\u00a0inalambricos BERIBES\" \/>\n<meta property=\"og:description\" content=\"Sum\u00e9rgete en la perfecci\u00f3n sonora: auriculares inal\u00e1mbricos con cancelaci\u00f3n de ruido. Disfruta de la m\u00fasica sin l\u00edmites, sin distracciones. \u00a1Vive la experiencia auditiva definitiva.\" \/>\n<meta property=\"og:url\" content=\"https:\/\/cybercaze.com\/index.php\/producto\/auriculares-inalambricos-cancelacion-de-ruido\/\" \/>\n<meta property=\"og:site_name\" content=\"cybercaze\" \/>\n<meta property=\"article:modified_time\" content=\"2024-01-29T22:08:00+00:00\" \/>\n<meta property=\"og:image\" content=\"https:\/\/cybercaze.com\/wp-content\/uploads\/2023\/11\/BERIBES-Auriculares-1.jpg\" \/>\n\t<meta property=\"og:image:width\" content=\"679\" \/>\n\t<meta property=\"og:image:height\" content=\"501\" \/>\n<meta name=\"twitter:card\" content=\"summary_large_image\" \/>\n<meta name=\"twitter:label1\" content=\"Escrito por\">\n\t<meta name=\"twitter:data1\" content=\"mateo\">\n\t<meta name=\"twitter:label2\" content=\"Tiempo de lectura\">\n\t<meta name=\"twitter:data2\" content=\"2 minutos\">\n<script type=\"application\/ld+json\" class=\"yoast-schema-graph\">{\"@context\":\"https:\/\/schema.org\",\"@graph\":[{\"@type\":\"Organization\",\"@id\":\"https:\/\/cybercaze.com\/#organization\",\"name\":\"Cybercaze\",\"url\":\"https:\/\/cybercaze.com\/\",\"sameAs\":[],\"logo\":{\"@type\":\"ImageObject\",\"@id\":\"https:\/\/cybercaze.com\/#logo\",\"inLanguage\":\"es\",\"url\":\"https:\/\/cybercaze.com\/wp-content\/uploads\/2023\/12\/logo-grande.png\",\"width\":2000,\"height\":4080,\"caption\":\"Cybercaze\"},\"image\":{\"@id\":\"https:\/\/cybercaze.com\/#logo\"}},{\"@type\":\"WebSite\",\"@id\":\"https:\/\/cybercaze.com\/#website\",\"url\":\"https:\/\/cybercaze.com\/\",\"name\":\"cybercaze\",\"description\":\"Tienda en l\\u00ednea para productos de tecnolog\\u00eda, equipos y accesorios\",\"publisher\":{\"@id\":\"https:\/\/cybercaze.com\/#organization\"},\"potentialAction\":[{\"@type\":\"SearchAction\",\"target\":\"https:\/\/cybercaze.com\/?s={search_term_string}\",\"query-input\":\"required name=search_term_string\"}],\"inLanguage\":\"es\"},{\"@type\":\"ImageObject\",\"@id\":\"https:\/\/cybercaze.com\/index.php\/producto\/auriculares-inalambricos-cancelacion-de-ruido\/#primaryimage\",\"inLanguage\":\"es\",\"url\":\"https:\/\/cybercaze.com\/wp-content\/uploads\/2023\/11\/BERIBES-Auriculares-1.jpg\",\"width\":679,\"height\":501,\"caption\":\"BERIBES Auriculares\\u00a01\"},{\"@type\":\"WebPage\",\"@id\":\"https:\/\/cybercaze.com\/index.php\/producto\/auriculares-inalambricos-cancelacion-de-ruido\/#webpage\",\"url\":\"https:\/\/cybercaze.com\/index.php\/producto\/auriculares-inalambricos-cancelacion-de-ruido\/\",\"name\":\"Auriculares\\u00a0inalambricos BERIBES\",\"isPartOf\":{\"@id\":\"https:\/\/cybercaze.com\/#website\"},\"primaryImageOfPage\":{\"@id\":\"https:\/\/cybercaze.com\/index.php\/producto\/auriculares-inalambricos-cancelacion-de-ruido\/#primaryimage\"},\"datePublished\":\"2023-11-19T01:30:17+00:00\",\"dateModified\":\"2024-01-29T22:08:00+00:00\",\"description\":\"Sum\\u00e9rgete en la perfecci\\u00f3n sonora: auriculares inal\\u00e1mbricos con cancelaci\\u00f3n de ruido. Disfruta de la m\\u00fasica sin l\\u00edmites, sin distracciones. \\u00a1Vive la experiencia auditiva definitiva.\",\"inLanguage\":\"es\",\"potentialAction\":[{\"@type\":\"ReadAction\",\"target\":[\"https:\/\/cybercaze.com\/index.php\/producto\/auriculares-inalambricos-cancelacion-de-ruido\/\"]}]}]}<\/script>\n<!-- \/ Yoast SEO Premium plugin. -->","_links":{"self":[{"href":"https:\/\/cybercaze.com\/index.php\/wp-json\/wp\/v2\/product\/213298"}],"collection":[{"href":"https:\/\/cybercaze.com\/index.php\/wp-json\/wp\/v2\/product"}],"about":[{"href":"https:\/\/cybercaze.com\/index.php\/wp-json\/wp\/v2\/types\/product"}],"replies":[{"embeddable":true,"href":"https:\/\/cybercaze.com\/index.php\/wp-json\/wp\/v2\/comments?post=213298"}],"wp:featuredmedia":[{"embeddable":true,"href":"https:\/\/cybercaze.com\/index.php\/wp-json\/wp\/v2\/media\/213306"}],"wp:attachment":[{"href":"https:\/\/cybercaze.com\/index.php\/wp-json\/wp\/v2\/media?parent=213298"}],"wp:term":[{"taxonomy":"product_cat","embeddable":true,"href":"https:\/\/cybercaze.com\/index.php\/wp-json\/wp\/v2\/product_cat?post=213298"},{"taxonomy":"product_tag","embeddable":true,"href":"https:\/\/cybercaze.com\/index.php\/wp-json\/wp\/v2\/product_tag?post=213298"}],"curies":[{"name":"wp","href":"https:\/\/api.w.org\/{rel}","templated":true}]}}