{"id":213269,"date":"2023-11-17T23:49:17","date_gmt":"2023-11-17T22:49:17","guid":{"rendered":"https:\/\/cybercaze.com\/?post_type=product&#038;p=213269"},"modified":"2024-01-29T15:26:57","modified_gmt":"2024-01-29T20:26:57","slug":"intel-core-i5-12400f","status":"publish","type":"product","link":"https:\/\/cybercaze.com\/index.php\/producto\/intel-core-i5-12400f\/","title":{"rendered":"Intel Core i5-12400F"},"content":{"rendered":"<p>[et_pb_section fb_built=&#8221;1&#8243; _builder_version=&#8221;4.23.1&#8243; background_color=&#8221;RGBA(255,255,255,0)&#8221; use_background_color_gradient=&#8221;off&#8221; custom_padding=&#8221;0px||||false|false&#8221; global_colors_info=&#8221;{}&#8221;][et_pb_row _builder_version=&#8221;4.16&#8243; background_size=&#8221;initial&#8221; background_position=&#8221;top_left&#8221; background_repeat=&#8221;repeat&#8221; width=&#8221;100%&#8221; custom_padding=&#8221;0px||0px||false|false&#8221; global_colors_info=&#8221;{}&#8221;][et_pb_column type=&#8221;4_4&#8243; _builder_version=&#8221;4.16&#8243; custom_padding=&#8221;|||&#8221; global_colors_info=&#8221;{}&#8221; custom_padding__hover=&#8221;|||&#8221;][et_pb_wc_breadcrumb _builder_version=&#8221;4.22.2&#8243; body_font=&#8221;Rajdhani|600|||||||&#8221; body_text_color=&#8221;#45637F&#8221; body_font_size=&#8221;15px&#8221; global_colors_info=&#8221;{}&#8221;][\/et_pb_wc_breadcrumb][\/et_pb_column][\/et_pb_row][et_pb_row column_structure=&#8221;1_2,1_2&#8243; _builder_version=&#8221;4.16&#8243; background_size=&#8221;initial&#8221; background_position=&#8221;top_left&#8221; background_repeat=&#8221;repeat&#8221; width=&#8221;100%&#8221; custom_padding=&#8221;0px||47px||false|false&#8221; global_colors_info=&#8221;{}&#8221;][et_pb_column type=&#8221;1_2&#8243; _builder_version=&#8221;4.16&#8243; custom_padding=&#8221;|||&#8221; global_colors_info=&#8221;{}&#8221; custom_padding__hover=&#8221;|||&#8221;][et_pb_wc_images _builder_version=&#8221;4.24.0&#8243; sale_badge_font=&#8221;Rajdhani||||||||&#8221; hover_enabled=&#8221;0&#8243; global_colors_info=&#8221;{}&#8221; link_option_url=&#8221;https:\/\/amzn.to\/472a95D&#8221; sticky_enabled=&#8221;0&#8243;][\/et_pb_wc_images][\/et_pb_column][et_pb_column type=&#8221;1_2&#8243; _builder_version=&#8221;4.16&#8243; custom_padding=&#8221;|||&#8221; global_colors_info=&#8221;{}&#8221; custom_padding__hover=&#8221;|||&#8221;][et_pb_wc_title _builder_version=&#8221;4.22.2&#8243; header_font=&#8221;Rajdhani|700|||||||&#8221; header_text_color=&#8221;#45637F&#8221; global_colors_info=&#8221;{}&#8221;][\/et_pb_wc_title][et_pb_wc_rating _builder_version=&#8221;4.22.2&#8243; rating_text_color=&#8221;#88C5FE&#8221; global_colors_info=&#8221;{}&#8221;][\/et_pb_wc_rating][et_pb_wc_price _builder_version=&#8221;4.22.2&#8243; body_font=&#8221;Rajdhani|700|||||||&#8221; body_text_color=&#8221;#45637F&#8221; global_colors_info=&#8221;{}&#8221;][\/et_pb_wc_price][et_pb_button button_url=&#8221;https:\/\/amzn.to\/472a95D&#8221; url_new_window=&#8221;on&#8221; button_text=&#8221;Comprar en amazon&#8221; _builder_version=&#8221;4.24.0&#8243; _module_preset=&#8221;default&#8221; custom_button=&#8221;on&#8221; button_text_color=&#8221;#FFFFFF&#8221; button_bg_color=&#8221;#45637F&#8221; button_font=&#8221;Rajdhani||||||||&#8221; button_icon=&#8221;&#xf270;||fa||400&#8243; hover_enabled=&#8221;0&#8243; global_colors_info=&#8221;{}&#8221; sticky_enabled=&#8221;0&#8243;][\/et_pb_button][et_pb_wc_description _builder_version=&#8221;4.24.0&#8243; _module_preset=&#8221;default&#8221; global_colors_info=&#8221;{}&#8221;][\/et_pb_wc_description][et_pb_button button_url=&#8221;https:\/\/amzn.to\/472a95D&#8221; url_new_window=&#8221;on&#8221; button_text=&#8221;Comprar en amazon&#8221; _builder_version=&#8221;4.23.1&#8243; _module_preset=&#8221;default&#8221; custom_button=&#8221;on&#8221; button_text_color=&#8221;#FFFFFF&#8221; button_bg_color=&#8221;#45637F&#8221; button_font=&#8221;Rajdhani||||||||&#8221; button_icon=&#8221;&#xf270;||fa||400&#8243; global_colors_info=&#8221;{}&#8221;][\/et_pb_button][\/et_pb_column][\/et_pb_row][\/et_pb_section][et_pb_section fb_built=&#8221;1&#8243; theme_builder_area=&#8221;post_content&#8221; _builder_version=&#8221;4.24.0&#8243; _module_preset=&#8221;default&#8221; background_color=&#8221;RGBA(255,255,255,0)&#8221; use_background_color_gradient=&#8221;off&#8221; hover_enabled=&#8221;0&#8243; sticky_enabled=&#8221;0&#8243;][et_pb_row _builder_version=&#8221;4.24.0&#8243; _module_preset=&#8221;default&#8221; theme_builder_area=&#8221;post_content&#8221;][et_pb_column _builder_version=&#8221;4.24.0&#8243; _module_preset=&#8221;default&#8221; type=&#8221;4_4&#8243; theme_builder_area=&#8221;post_content&#8221;][et_pb_wc_related_products _builder_version=&#8221;4.24.0&#8243; _module_preset=&#8221;default&#8221; theme_builder_area=&#8221;post_content&#8221; hover_enabled=&#8221;0&#8243; sticky_enabled=&#8221;0&#8243;][\/et_pb_wc_related_products][\/et_pb_column][\/et_pb_row][\/et_pb_section]<\/p>\n","protected":false},"excerpt":{"rendered":"<h1 class=\"a-size-base-plus a-text-bold\">Sobre este art\u00edculo<\/h1>\n<div id=\"productOverview_feature_div\" class=\"celwidget\" data-feature-name=\"productOverview\" data-csa-c-type=\"widget\" data-csa-c-content-id=\"productOverview\" data-csa-c-slot-id=\"productOverview_feature_div\" data-csa-c-asin=\"B09NPJRDGD\" data-csa-c-is-in-initial-active-row=\"false\" data-csa-c-id=\"4zczmh-ew8z0c-w8klnk-w6o6my\" data-cel-widget=\"productOverview_feature_div\">\n<div class=\"a-section a-spacing-small a-spacing-top-small\">\n<table class=\"a-normal a-spacing-micro\">\n<tbody>\n<tr class=\"a-spacing-small po-brand\">\n<td class=\"a-span3\"><span class=\"a-size-base a-text-bold\">Marca<\/span><\/td>\n<td class=\"a-span9\"><span class=\"a-size-base po-break-word\">Intel<\/span><\/td>\n<\/tr>\n<tr class=\"a-spacing-small po-cpu_model.manufacturer\">\n<td class=\"a-span3\"><span class=\"a-size-base a-text-bold\">Fabricante de CPU<\/span><\/td>\n<td class=\"a-span9\"><span class=\"a-size-base po-break-word\">Intel<\/span><\/td>\n<\/tr>\n<tr class=\"a-spacing-small po-cpu_model.family\">\n<td class=\"a-span3\"><span class=\"a-size-base a-text-bold\">Modelo de CPU<\/span><\/td>\n<td class=\"a-span9\"><span class=\"a-size-base po-break-word\">Core i5<\/span><\/td>\n<\/tr>\n<tr class=\"a-spacing-small po-cpu_model.speed\">\n<td class=\"a-span3\"><span class=\"a-size-base a-text-bold\">Velocidad de la CPU<\/span><\/td>\n<td class=\"a-span9\"><span class=\"a-size-base po-break-word\">4,4 GHz<\/span><\/td>\n<\/tr>\n<tr class=\"a-spacing-small po-cpu_model.socket\">\n<td class=\"a-span3\"><span class=\"a-size-base a-text-bold\">Z\u00f3calo de CPU<\/span><\/td>\n<td class=\"a-span9\"><span class=\"a-size-base po-break-word\">LGA<\/span><\/td>\n<\/tr>\n<\/tbody>\n<\/table>\n<\/div>\n<\/div>\n<div id=\"featurebullets_feature_div\" class=\"celwidget\" data-feature-name=\"featurebullets\" data-csa-c-type=\"widget\" data-csa-c-content-id=\"featurebullets\" data-csa-c-slot-id=\"featurebullets_feature_div\" data-csa-c-asin=\"B09NPJRDGD\" data-csa-c-is-in-initial-active-row=\"false\" data-csa-c-id=\"b9j3oe-dp5jh0-x8hgbf-j3mpl2\" data-cel-widget=\"featurebullets_feature_div\">\n<div id=\"feature-bullets\" class=\"a-section a-spacing-medium a-spacing-top-small\">\n<hr \/>\n<h1 class=\"a-size-base-plus a-text-bold\"><\/h1>\n<ul class=\"a-unordered-list a-vertical a-spacing-mini\">\n<li class=\"a-spacing-mini\"><span class=\"a-list-item\">Intel Core i5-12400F Procesador de escritorio 6 (6P+0E) N\u00facleos de hasta 4.4 GHz Turbo Frecuencia LGA1700 Serie 600 Chipset 65W Procesador Base Potencia<\/span><\/li>\n<li class=\"a-spacing-mini\"><span class=\"a-list-item\">Dimensiones del paquete: 4.92L x 4.33W x 3.18H pulgadas<\/span><\/li>\n<li class=\"a-spacing-mini\"><span class=\"a-list-item\">Peso del paquete: 0.99 libras<\/span><\/li>\n<li class=\"a-spacing-mini\"><span class=\"a-list-item\">Cantidad del paquete del art\u00edculo: 1<\/span><\/li>\n<li class=\"a-spacing-mini\"><span class=\"a-list-item\">Tipo de producto &#8211; PROCESADOR DE COMPUTADORA<\/span><\/li>\n<\/ul>\n<\/div>\n<\/div>\n","protected":false},"featured_media":213271,"comment_status":"open","ping_status":"closed","template":"","meta":{"_et_pb_use_builder":"on","_et_pb_old_content":"<h1 class=\"a-size-base-plus a-text-bold\">Sobre este art\u00edculo<\/h1>\r\n<div id=\"productOverview_feature_div\" class=\"celwidget\" data-feature-name=\"productOverview\" data-csa-c-type=\"widget\" data-csa-c-content-id=\"productOverview\" data-csa-c-slot-id=\"productOverview_feature_div\" data-csa-c-asin=\"B09NPJRDGD\" data-csa-c-is-in-initial-active-row=\"false\" data-csa-c-id=\"4zczmh-ew8z0c-w8klnk-w6o6my\" data-cel-widget=\"productOverview_feature_div\">\r\n<div class=\"a-section a-spacing-small a-spacing-top-small\">\r\n<table class=\"a-normal a-spacing-micro\">\r\n<tbody>\r\n<tr class=\"a-spacing-small po-brand\">\r\n<td class=\"a-span3\"><span class=\"a-size-base a-text-bold\">Marca<\/span><\/td>\r\n<td class=\"a-span9\"><span class=\"a-size-base po-break-word\">Intel<\/span><\/td>\r\n<\/tr>\r\n<tr class=\"a-spacing-small po-cpu_model.manufacturer\">\r\n<td class=\"a-span3\"><span class=\"a-size-base a-text-bold\">Fabricante de CPU<\/span><\/td>\r\n<td class=\"a-span9\"><span class=\"a-size-base po-break-word\">Intel<\/span><\/td>\r\n<\/tr>\r\n<tr class=\"a-spacing-small po-cpu_model.family\">\r\n<td class=\"a-span3\"><span class=\"a-size-base a-text-bold\">Modelo de CPU<\/span><\/td>\r\n<td class=\"a-span9\"><span class=\"a-size-base po-break-word\">Core i5<\/span><\/td>\r\n<\/tr>\r\n<tr class=\"a-spacing-small po-cpu_model.speed\">\r\n<td class=\"a-span3\"><span class=\"a-size-base a-text-bold\">Velocidad de la CPU<\/span><\/td>\r\n<td class=\"a-span9\"><span class=\"a-size-base po-break-word\">4,4 GHz<\/span><\/td>\r\n<\/tr>\r\n<tr class=\"a-spacing-small po-cpu_model.socket\">\r\n<td class=\"a-span3\"><span class=\"a-size-base a-text-bold\">Z\u00f3calo de CPU<\/span><\/td>\r\n<td class=\"a-span9\"><span class=\"a-size-base po-break-word\">LGA<\/span><\/td>\r\n<\/tr>\r\n<\/tbody>\r\n<\/table>\r\n<\/div>\r\n<\/div>\r\n<div id=\"featurebullets_feature_div\" class=\"celwidget\" data-feature-name=\"featurebullets\" data-csa-c-type=\"widget\" data-csa-c-content-id=\"featurebullets\" data-csa-c-slot-id=\"featurebullets_feature_div\" data-csa-c-asin=\"B09NPJRDGD\" data-csa-c-is-in-initial-active-row=\"false\" data-csa-c-id=\"b9j3oe-dp5jh0-x8hgbf-j3mpl2\" data-cel-widget=\"featurebullets_feature_div\">\r\n<div id=\"feature-bullets\" class=\"a-section a-spacing-medium a-spacing-top-small\">\r\n\r\n<hr \/>\r\n\r\n<h1 class=\"a-size-base-plus a-text-bold\"><\/h1>\r\n<ul class=\"a-unordered-list a-vertical a-spacing-mini\">\r\n \t<li class=\"a-spacing-mini\"><span class=\"a-list-item\">Intel Core i5-12400F Procesador de escritorio 6 (6P+0E) N\u00facleos de hasta 4.4 GHz Turbo Frecuencia LGA1700 Serie 600 Chipset 65W Procesador Base Potencia<\/span><\/li>\r\n \t<li class=\"a-spacing-mini\"><span class=\"a-list-item\">Dimensiones del paquete: 4.92L x 4.33W x 3.18H pulgadas<\/span><\/li>\r\n \t<li class=\"a-spacing-mini\"><span class=\"a-list-item\">Peso del paquete: 0.99 libras<\/span><\/li>\r\n \t<li class=\"a-spacing-mini\"><span class=\"a-list-item\">Cantidad del paquete del art\u00edculo: 1<\/span><\/li>\r\n \t<li class=\"a-spacing-mini\"><span class=\"a-list-item\">Tipo de producto - PROCESADOR DE COMPUTADORA<\/span><\/li>\r\n<\/ul>\r\n<\/div>\r\n<\/div>","_et_gb_content_width":""},"product_cat":[42,37],"product_tag":[],"yoast_head":"<!-- This site is optimized with the Yoast SEO Premium plugin v15.4 - https:\/\/yoast.com\/wordpress\/plugins\/seo\/ -->\n<title>Intel Core i5-12400F | cybercaze<\/title>\n<meta name=\"robots\" content=\"index, follow, max-snippet:-1, max-image-preview:large, max-video-preview:-1\" \/>\n<link rel=\"canonical\" href=\"https:\/\/cybercaze.com\/index.php\/producto\/intel-core-i5-12400f\/\" \/>\n<meta property=\"og:locale\" content=\"es_ES\" \/>\n<meta property=\"og:type\" content=\"article\" \/>\n<meta property=\"og:title\" content=\"Intel Core i5-12400F | cybercaze\" \/>\n<meta property=\"og:description\" content=\"Sobre este art\u00edculo      Marca Intel   Fabricante de CPU Intel   Modelo de CPU Core i5   Velocidad de la CPU 4,4 GHz   Z\u00f3calo de CPU LGA              Intel Core i5-12400F Procesador de escritorio 6 (6P+0E) N\u00facleos de hasta 4.4 GHz Turbo Frecuencia LGA1700 Serie 600 Chipset 65W Procesador Base Potencia  Dimensiones del paquete: 4.92L x 4.33W x 3.18H pulgadas  Peso del paquete: 0.99 libras  Cantidad del paquete del art\u00edculo: 1  Tipo de producto - PROCESADOR DE COMPUTADORA\" \/>\n<meta property=\"og:url\" content=\"https:\/\/cybercaze.com\/index.php\/producto\/intel-core-i5-12400f\/\" \/>\n<meta property=\"og:site_name\" content=\"cybercaze\" \/>\n<meta property=\"article:modified_time\" content=\"2024-01-29T20:26:57+00:00\" \/>\n<meta property=\"og:image\" content=\"https:\/\/cybercaze.com\/wp-content\/uploads\/2023\/11\/Intel-Procesador-Core-i5-12400F.jpg\" \/>\n\t<meta property=\"og:image:width\" content=\"679\" \/>\n\t<meta property=\"og:image:height\" content=\"501\" \/>\n<meta name=\"twitter:card\" content=\"summary_large_image\" \/>\n<meta name=\"twitter:label1\" content=\"Escrito por\">\n\t<meta name=\"twitter:data1\" content=\"mateo\">\n\t<meta name=\"twitter:label2\" content=\"Tiempo de lectura\">\n\t<meta name=\"twitter:data2\" content=\"2 minutos\">\n<script type=\"application\/ld+json\" class=\"yoast-schema-graph\">{\"@context\":\"https:\/\/schema.org\",\"@graph\":[{\"@type\":\"Organization\",\"@id\":\"https:\/\/cybercaze.com\/#organization\",\"name\":\"Cybercaze\",\"url\":\"https:\/\/cybercaze.com\/\",\"sameAs\":[],\"logo\":{\"@type\":\"ImageObject\",\"@id\":\"https:\/\/cybercaze.com\/#logo\",\"inLanguage\":\"es\",\"url\":\"https:\/\/cybercaze.com\/wp-content\/uploads\/2023\/12\/logo-grande.png\",\"width\":2000,\"height\":4080,\"caption\":\"Cybercaze\"},\"image\":{\"@id\":\"https:\/\/cybercaze.com\/#logo\"}},{\"@type\":\"WebSite\",\"@id\":\"https:\/\/cybercaze.com\/#website\",\"url\":\"https:\/\/cybercaze.com\/\",\"name\":\"cybercaze\",\"description\":\"Tienda en l\\u00ednea para productos de tecnolog\\u00eda, equipos y accesorios\",\"publisher\":{\"@id\":\"https:\/\/cybercaze.com\/#organization\"},\"potentialAction\":[{\"@type\":\"SearchAction\",\"target\":\"https:\/\/cybercaze.com\/?s={search_term_string}\",\"query-input\":\"required name=search_term_string\"}],\"inLanguage\":\"es\"},{\"@type\":\"ImageObject\",\"@id\":\"https:\/\/cybercaze.com\/index.php\/producto\/intel-core-i5-12400f\/#primaryimage\",\"inLanguage\":\"es\",\"url\":\"https:\/\/cybercaze.com\/wp-content\/uploads\/2023\/11\/Intel-Procesador-Core-i5-12400F.jpg\",\"width\":679,\"height\":501,\"caption\":\"Intel Procesador Core i5-12400F\"},{\"@type\":\"WebPage\",\"@id\":\"https:\/\/cybercaze.com\/index.php\/producto\/intel-core-i5-12400f\/#webpage\",\"url\":\"https:\/\/cybercaze.com\/index.php\/producto\/intel-core-i5-12400f\/\",\"name\":\"Intel Core i5-12400F | cybercaze\",\"isPartOf\":{\"@id\":\"https:\/\/cybercaze.com\/#website\"},\"primaryImageOfPage\":{\"@id\":\"https:\/\/cybercaze.com\/index.php\/producto\/intel-core-i5-12400f\/#primaryimage\"},\"datePublished\":\"2023-11-17T22:49:17+00:00\",\"dateModified\":\"2024-01-29T20:26:57+00:00\",\"inLanguage\":\"es\",\"potentialAction\":[{\"@type\":\"ReadAction\",\"target\":[\"https:\/\/cybercaze.com\/index.php\/producto\/intel-core-i5-12400f\/\"]}]}]}<\/script>\n<!-- \/ Yoast SEO Premium plugin. -->","_links":{"self":[{"href":"https:\/\/cybercaze.com\/index.php\/wp-json\/wp\/v2\/product\/213269"}],"collection":[{"href":"https:\/\/cybercaze.com\/index.php\/wp-json\/wp\/v2\/product"}],"about":[{"href":"https:\/\/cybercaze.com\/index.php\/wp-json\/wp\/v2\/types\/product"}],"replies":[{"embeddable":true,"href":"https:\/\/cybercaze.com\/index.php\/wp-json\/wp\/v2\/comments?post=213269"}],"wp:featuredmedia":[{"embeddable":true,"href":"https:\/\/cybercaze.com\/index.php\/wp-json\/wp\/v2\/media\/213271"}],"wp:attachment":[{"href":"https:\/\/cybercaze.com\/index.php\/wp-json\/wp\/v2\/media?parent=213269"}],"wp:term":[{"taxonomy":"product_cat","embeddable":true,"href":"https:\/\/cybercaze.com\/index.php\/wp-json\/wp\/v2\/product_cat?post=213269"},{"taxonomy":"product_tag","embeddable":true,"href":"https:\/\/cybercaze.com\/index.php\/wp-json\/wp\/v2\/product_tag?post=213269"}],"curies":[{"name":"wp","href":"https:\/\/api.w.org\/{rel}","templated":true}]}}