{"id":213224,"date":"2023-11-16T22:15:11","date_gmt":"2023-11-16T21:15:11","guid":{"rendered":"https:\/\/cybercaze.com\/?post_type=product&#038;p=213224"},"modified":"2024-01-29T15:42:32","modified_gmt":"2024-01-29T20:42:32","slug":"ryzen-5-5600x","status":"publish","type":"product","link":"https:\/\/cybercaze.com\/index.php\/producto\/ryzen-5-5600x\/","title":{"rendered":"AMD Ryzen 5 5600X"},"content":{"rendered":"<p>[et_pb_section fb_built=&#8221;1&#8243; _builder_version=&#8221;4.23.4&#8243; background_color=&#8221;RGBA(255,255,255,0)&#8221; use_background_color_gradient=&#8221;off&#8221; custom_padding=&#8221;0px||||false|false&#8221; global_colors_info=&#8221;{}&#8221;][et_pb_row _builder_version=&#8221;4.16&#8243; background_size=&#8221;initial&#8221; background_position=&#8221;top_left&#8221; background_repeat=&#8221;repeat&#8221; width=&#8221;100%&#8221; custom_padding=&#8221;0px||0px||false|false&#8221; global_colors_info=&#8221;{}&#8221;][et_pb_column type=&#8221;4_4&#8243; _builder_version=&#8221;4.16&#8243; custom_padding=&#8221;|||&#8221; global_colors_info=&#8221;{}&#8221; custom_padding__hover=&#8221;|||&#8221;][et_pb_wc_breadcrumb _builder_version=&#8221;4.22.2&#8243; body_font=&#8221;Rajdhani|600|||||||&#8221; body_text_color=&#8221;#45637F&#8221; body_font_size=&#8221;15px&#8221; global_colors_info=&#8221;{}&#8221;][\/et_pb_wc_breadcrumb][\/et_pb_column][\/et_pb_row][et_pb_row column_structure=&#8221;1_2,1_2&#8243; _builder_version=&#8221;4.16&#8243; background_size=&#8221;initial&#8221; background_position=&#8221;top_left&#8221; background_repeat=&#8221;repeat&#8221; width=&#8221;100%&#8221; custom_padding=&#8221;0px||47px||false|false&#8221; global_colors_info=&#8221;{}&#8221;][et_pb_column type=&#8221;1_2&#8243; _builder_version=&#8221;4.16&#8243; custom_padding=&#8221;|||&#8221; global_colors_info=&#8221;{}&#8221; custom_padding__hover=&#8221;|||&#8221;][et_pb_wc_images _builder_version=&#8221;4.23.1&#8243; sale_badge_font=&#8221;Rajdhani||||||||&#8221; global_colors_info=&#8221;{}&#8221;][\/et_pb_wc_images][\/et_pb_column][et_pb_column type=&#8221;1_2&#8243; _builder_version=&#8221;4.16&#8243; custom_padding=&#8221;|||&#8221; global_colors_info=&#8221;{}&#8221; custom_padding__hover=&#8221;|||&#8221;][et_pb_wc_title _builder_version=&#8221;4.22.2&#8243; header_font=&#8221;Rajdhani|700|||||||&#8221; header_text_color=&#8221;#45637F&#8221; global_colors_info=&#8221;{}&#8221;][\/et_pb_wc_title][et_pb_wc_rating _builder_version=&#8221;4.22.2&#8243; rating_text_color=&#8221;#88C5FE&#8221; global_colors_info=&#8221;{}&#8221;][\/et_pb_wc_rating][et_pb_button button_url=&#8221;https:\/\/amzn.to\/3TEbI5U&#8221; url_new_window=&#8221;on&#8221; button_text=&#8221;Oferta en amazon&#8221; _builder_version=&#8221;4.24.0&#8243; _module_preset=&#8221;default&#8221; custom_button=&#8221;on&#8221; button_text_color=&#8221;#FFFFFF&#8221; button_bg_color=&#8221;#45637F&#8221; button_font=&#8221;Rajdhani||||||||&#8221; button_icon=&#8221;&#xf270;||fa||400&#8243; global_colors_info=&#8221;{}&#8221;][\/et_pb_button][et_pb_text _builder_version=&#8221;4.23.1&#8243; _module_preset=&#8221;default&#8221; global_colors_info=&#8221;{}&#8221;]<\/p>\n<div id=\"productOverview_feature_div\" class=\"celwidget\" data-feature-name=\"productOverview\" data-csa-c-type=\"widget\" data-csa-c-content-id=\"productOverview\" data-csa-c-slot-id=\"productOverview_feature_div\" data-csa-c-asin=\"B0815XFSGK\" data-csa-c-is-in-initial-active-row=\"false\" data-csa-c-id=\"oolod0-9fsm5l-trwnxf-xuoep2\" data-cel-widget=\"productOverview_feature_div\">\n<div class=\"a-section a-spacing-small a-spacing-top-small\">\n<div id=\"productOverview_feature_div\" class=\"celwidget\" data-feature-name=\"productOverview\" data-csa-c-type=\"widget\" data-csa-c-content-id=\"productOverview\" data-csa-c-slot-id=\"productOverview_feature_div\" data-csa-c-asin=\"B08166SLDF\" data-csa-c-is-in-initial-active-row=\"false\" data-csa-c-id=\"pfu6wg-v5v04f-aqvo64-sbqa1t\" data-cel-widget=\"productOverview_feature_div\">\n<div class=\"a-section a-spacing-small a-spacing-top-small\">\n<table class=\"a-normal a-spacing-micro\">\n<tbody>\n<tr class=\"a-spacing-small po-brand\">\n<td class=\"a-span3\"><span class=\"a-size-base a-text-bold\">Marca<\/span><\/td>\n<td class=\"a-span9\"><span class=\"a-size-base po-break-word\">AMD<\/span><\/td>\n<\/tr>\n<tr class=\"a-spacing-small po-cpu_model.manufacturer\">\n<td class=\"a-span3\"><span class=\"a-size-base a-text-bold\">Fabricante de CPU<\/span><\/td>\n<td class=\"a-span9\"><span class=\"a-size-base po-break-word\">AMD<\/span><\/td>\n<\/tr>\n<tr class=\"a-spacing-small po-cpu_model.family\">\n<td class=\"a-span3\"><span class=\"a-size-base a-text-bold\">Modelo de CPU<\/span><\/td>\n<td class=\"a-span9\"><span class=\"a-size-base po-break-word\">Ryzen 5<\/span><\/td>\n<\/tr>\n<tr class=\"a-spacing-small po-cpu_model.speed\">\n<td class=\"a-span3\"><span class=\"a-size-base a-text-bold\">Velocidad de la CPU<\/span><\/td>\n<td class=\"a-span9\"><span class=\"a-size-base po-break-word\">4,6 GHz<\/span><\/td>\n<\/tr>\n<tr class=\"a-spacing-small po-cpu_model.socket\">\n<td class=\"a-span3\"><span class=\"a-size-base a-text-bold\">Z\u00f3calo de CPU<\/span><\/td>\n<td class=\"a-span9\"><span class=\"a-size-base po-break-word\">Socket AM4<\/span><\/td>\n<\/tr>\n<\/tbody>\n<\/table>\n<\/div>\n<\/div>\n<div id=\"featurebullets_feature_div\" class=\"celwidget\" data-feature-name=\"featurebullets\" data-csa-c-type=\"widget\" data-csa-c-content-id=\"featurebullets\" data-csa-c-slot-id=\"featurebullets_feature_div\" data-csa-c-asin=\"B08166SLDF\" data-csa-c-is-in-initial-active-row=\"false\" data-csa-c-id=\"50u9ui-idrnfw-2xgvjr-f7tukj\" data-cel-widget=\"featurebullets_feature_div\">\n<div id=\"feature-bullets\" class=\"a-section a-spacing-medium a-spacing-top-small\">\n<hr \/>\n<h1 class=\"a-size-base-plus a-text-bold\">Sobre este art\u00edculo<\/h1>\n<ul class=\"a-unordered-list a-vertical a-spacing-mini\">\n<li class=\"a-spacing-mini\"><span class=\"a-list-item\">Procesador de 6 n\u00facleos m\u00e1s r\u00e1pido de AMD para escritorio principal, con 12 hilos de procesamiento.<\/span><\/li>\n<li class=\"a-spacing-mini\"><span class=\"a-list-item\">Puede ofrecer un rendimiento de \u00e9lite de 100 + FPS en los juegos m\u00e1s populares del mundo.<\/span><\/li>\n<li class=\"a-spacing-mini\"><span class=\"a-list-item\">Incluye el enfriador silencioso y capaz AMD Wraith Stealth<\/span><\/li>\n<li class=\"a-spacing-mini\"><span class=\"a-list-item\">4.6 GHz Max Boost, desbloqueado para overclock, 35 MB de cach\u00e9, soporte DDR-3200.<\/span><\/li>\n<li class=\"a-spacing-mini\"><span class=\"a-list-item\">Para la plataforma de enchufe avanzada AM4, puede soportar PCIe 4.0 en placas base X570 y B550.<\/span><\/li>\n<\/ul>\n<\/div>\n<\/div>\n<\/div>\n<\/div>\n<p>[\/et_pb_text][et_pb_button button_url=&#8221;https:\/\/amzn.to\/3TEbI5U&#8221; url_new_window=&#8221;on&#8221; button_text=&#8221;Oferta en amazon&#8221; _builder_version=&#8221;4.24.0&#8243; _module_preset=&#8221;default&#8221; custom_button=&#8221;on&#8221; button_text_color=&#8221;#FFFFFF&#8221; button_bg_color=&#8221;#45637F&#8221; button_font=&#8221;Rajdhani||||||||&#8221; button_icon=&#8221;&#xf270;||fa||400&#8243; global_colors_info=&#8221;{}&#8221;][\/et_pb_button][\/et_pb_column][\/et_pb_row][\/et_pb_section][et_pb_section fb_built=&#8221;1&#8243; _builder_version=&#8221;4.24.0&#8243; _module_preset=&#8221;default&#8221; background_color=&#8221;RGBA(255,255,255,0)&#8221; use_background_color_gradient=&#8221;off&#8221; global_colors_info=&#8221;{}&#8221;][et_pb_row _builder_version=&#8221;4.24.0&#8243; _module_preset=&#8221;default&#8221; global_colors_info=&#8221;{}&#8221;][et_pb_column type=&#8221;4_4&#8243; _builder_version=&#8221;4.24.0&#8243; _module_preset=&#8221;default&#8221; global_colors_info=&#8221;{}&#8221;][et_pb_wc_related_products _builder_version=&#8221;4.24.0&#8243; _module_preset=&#8221;default&#8221; global_colors_info=&#8221;{}&#8221;][\/et_pb_wc_related_products][\/et_pb_column][\/et_pb_row][\/et_pb_section]<\/p>\n","protected":false},"excerpt":{"rendered":"<ul class=\"a-unordered-list a-vertical a-spacing-mini\">\n<li class=\"a-spacing-mini\">\n<h1 class=\"a-size-base-plus a-text-bold\">Sobre este art\u00edculo<\/h1>\n<ul class=\"a-unordered-list a-vertical a-spacing-mini\">\n<li class=\"a-spacing-mini\"><span class=\"a-list-item\">Taza: z\u00f3calo AM4, dise\u00f1o de 6 fases de potencia, soporta CPU de hasta 105 W<\/span><\/li>\n<li class=\"a-spacing-mini\"><span class=\"a-list-item\">Circuito integrado: AMD Promontory B450<\/span><\/li>\n<li class=\"a-spacing-mini\"><span class=\"a-list-item\">Ranuras: 1 PCIe 3.0 x16, 1 PCIe 2.0 x1<\/span><\/li>\n<li class=\"a-spacing-mini\"><span class=\"a-list-item\">Audio: Relacionar ALC887 7.1 canales de audio de alta definici\u00f3n CODEC<\/span><\/li>\n<li class=\"a-spacing-mini\"><span class=\"a-list-item\">LAN: Relacionar RTL8111H PCIE x1 Gigabit Ethernet Controller<\/span><\/li>\n<li class=\"a-spacing-mini\"><span class=\"a-list-item\">Aprobado por la<\/span><\/li>\n<\/ul>\n<\/li>\n<\/ul>\n","protected":false},"featured_media":216753,"comment_status":"open","ping_status":"closed","template":"","meta":{"_et_pb_use_builder":"on","_et_pb_old_content":"","_et_gb_content_width":""},"product_cat":[37,39],"product_tag":[],"yoast_head":"<!-- This site is optimized with the Yoast SEO Premium plugin v15.4 - https:\/\/yoast.com\/wordpress\/plugins\/seo\/ -->\n<title>AMD Ryzen 5 5600X | cybercaze<\/title>\n<meta name=\"description\" content=\"Potencia desatada con AMD Ryzen 5 5600X en CyberCaze, tu tienda de tecnolog\u00eda favorita. Experimenta el rendimiento excepcional en procesadores y aprovecha las ofertas exclusivas. \u00a1Desc\u00fabrelo ahora!\" \/>\n<meta name=\"robots\" content=\"index, follow, max-snippet:-1, max-image-preview:large, max-video-preview:-1\" \/>\n<link rel=\"canonical\" href=\"https:\/\/cybercaze.com\/index.php\/producto\/ryzen-5-5600x\/\" \/>\n<meta property=\"og:locale\" content=\"es_ES\" \/>\n<meta property=\"og:type\" content=\"article\" \/>\n<meta property=\"og:title\" content=\"AMD Ryzen 5 5600X | cybercaze\" \/>\n<meta property=\"og:description\" content=\"Potencia desatada con AMD Ryzen 5 5600X en CyberCaze, tu tienda de tecnolog\u00eda favorita. Experimenta el rendimiento excepcional en procesadores y aprovecha las ofertas exclusivas. \u00a1Desc\u00fabrelo ahora!\" \/>\n<meta property=\"og:url\" content=\"https:\/\/cybercaze.com\/index.php\/producto\/ryzen-5-5600x\/\" \/>\n<meta property=\"og:site_name\" content=\"cybercaze\" \/>\n<meta property=\"article:modified_time\" content=\"2024-01-29T20:42:32+00:00\" \/>\n<meta property=\"og:image\" content=\"https:\/\/cybercaze.com\/wp-content\/uploads\/2023\/11\/ryzen5arreglado.png\" \/>\n\t<meta property=\"og:image:width\" content=\"679\" \/>\n\t<meta property=\"og:image:height\" content=\"501\" \/>\n<meta name=\"twitter:card\" content=\"summary_large_image\" \/>\n<meta name=\"twitter:label1\" content=\"Escrito por\">\n\t<meta name=\"twitter:data1\" content=\"mateo\">\n\t<meta name=\"twitter:label2\" content=\"Tiempo de lectura\">\n\t<meta name=\"twitter:data2\" content=\"2 minutos\">\n<script type=\"application\/ld+json\" class=\"yoast-schema-graph\">{\"@context\":\"https:\/\/schema.org\",\"@graph\":[{\"@type\":\"Organization\",\"@id\":\"https:\/\/cybercaze.com\/#organization\",\"name\":\"Cybercaze\",\"url\":\"https:\/\/cybercaze.com\/\",\"sameAs\":[],\"logo\":{\"@type\":\"ImageObject\",\"@id\":\"https:\/\/cybercaze.com\/#logo\",\"inLanguage\":\"es\",\"url\":\"https:\/\/cybercaze.com\/wp-content\/uploads\/2023\/12\/logo-grande.png\",\"width\":2000,\"height\":4080,\"caption\":\"Cybercaze\"},\"image\":{\"@id\":\"https:\/\/cybercaze.com\/#logo\"}},{\"@type\":\"WebSite\",\"@id\":\"https:\/\/cybercaze.com\/#website\",\"url\":\"https:\/\/cybercaze.com\/\",\"name\":\"cybercaze\",\"description\":\"Tienda en l\\u00ednea para productos de tecnolog\\u00eda, equipos y accesorios\",\"publisher\":{\"@id\":\"https:\/\/cybercaze.com\/#organization\"},\"potentialAction\":[{\"@type\":\"SearchAction\",\"target\":\"https:\/\/cybercaze.com\/?s={search_term_string}\",\"query-input\":\"required name=search_term_string\"}],\"inLanguage\":\"es\"},{\"@type\":\"ImageObject\",\"@id\":\"https:\/\/cybercaze.com\/index.php\/producto\/ryzen-5-5600x\/#primaryimage\",\"inLanguage\":\"es\",\"url\":\"https:\/\/cybercaze.com\/wp-content\/uploads\/2023\/11\/ryzen5arreglado.png\",\"width\":679,\"height\":501},{\"@type\":\"WebPage\",\"@id\":\"https:\/\/cybercaze.com\/index.php\/producto\/ryzen-5-5600x\/#webpage\",\"url\":\"https:\/\/cybercaze.com\/index.php\/producto\/ryzen-5-5600x\/\",\"name\":\"AMD Ryzen 5 5600X | cybercaze\",\"isPartOf\":{\"@id\":\"https:\/\/cybercaze.com\/#website\"},\"primaryImageOfPage\":{\"@id\":\"https:\/\/cybercaze.com\/index.php\/producto\/ryzen-5-5600x\/#primaryimage\"},\"datePublished\":\"2023-11-16T21:15:11+00:00\",\"dateModified\":\"2024-01-29T20:42:32+00:00\",\"description\":\"Potencia desatada con AMD Ryzen 5 5600X en CyberCaze, tu tienda de tecnolog\\u00eda favorita. Experimenta el rendimiento excepcional en procesadores y aprovecha las ofertas exclusivas. \\u00a1Desc\\u00fabrelo ahora!\",\"inLanguage\":\"es\",\"potentialAction\":[{\"@type\":\"ReadAction\",\"target\":[\"https:\/\/cybercaze.com\/index.php\/producto\/ryzen-5-5600x\/\"]}]}]}<\/script>\n<!-- \/ Yoast SEO Premium plugin. -->","_links":{"self":[{"href":"https:\/\/cybercaze.com\/index.php\/wp-json\/wp\/v2\/product\/213224"}],"collection":[{"href":"https:\/\/cybercaze.com\/index.php\/wp-json\/wp\/v2\/product"}],"about":[{"href":"https:\/\/cybercaze.com\/index.php\/wp-json\/wp\/v2\/types\/product"}],"replies":[{"embeddable":true,"href":"https:\/\/cybercaze.com\/index.php\/wp-json\/wp\/v2\/comments?post=213224"}],"wp:featuredmedia":[{"embeddable":true,"href":"https:\/\/cybercaze.com\/index.php\/wp-json\/wp\/v2\/media\/216753"}],"wp:attachment":[{"href":"https:\/\/cybercaze.com\/index.php\/wp-json\/wp\/v2\/media?parent=213224"}],"wp:term":[{"taxonomy":"product_cat","embeddable":true,"href":"https:\/\/cybercaze.com\/index.php\/wp-json\/wp\/v2\/product_cat?post=213224"},{"taxonomy":"product_tag","embeddable":true,"href":"https:\/\/cybercaze.com\/index.php\/wp-json\/wp\/v2\/product_tag?post=213224"}],"curies":[{"name":"wp","href":"https:\/\/api.w.org\/{rel}","templated":true}]}}