{"id":213095,"date":"2023-11-09T01:59:34","date_gmt":"2023-11-09T00:59:34","guid":{"rendered":"https:\/\/cybercaze.com\/?post_type=product&#038;p=213095"},"modified":"2024-01-13T18:20:05","modified_gmt":"2024-01-13T23:20:05","slug":"gigabyte-nvidia-geforce-rtx-4060-ti-aero-2","status":"publish","type":"product","link":"https:\/\/cybercaze.com\/index.php\/producto\/gigabyte-nvidia-geforce-rtx-4060-ti-aero-2\/","title":{"rendered":"Gigabyte NVIDIA GeForce RTX 4060 Ti AERO"},"content":{"rendered":"<p>[et_pb_section fb_built=&#8221;1&#8243; _builder_version=&#8221;4.23.4&#8243; background_color=&#8221;RGBA(255,255,255,0)&#8221; use_background_color_gradient=&#8221;off&#8221; custom_padding=&#8221;0px||||false|false&#8221; global_colors_info=&#8221;{}&#8221;][et_pb_row _builder_version=&#8221;4.16&#8243; background_size=&#8221;initial&#8221; background_position=&#8221;top_left&#8221; background_repeat=&#8221;repeat&#8221; width=&#8221;100%&#8221; custom_padding=&#8221;0px||0px||false|false&#8221; global_colors_info=&#8221;{}&#8221;][et_pb_column type=&#8221;4_4&#8243; _builder_version=&#8221;4.16&#8243; custom_padding=&#8221;|||&#8221; global_colors_info=&#8221;{}&#8221; custom_padding__hover=&#8221;|||&#8221;][et_pb_wc_breadcrumb _builder_version=&#8221;4.22.2&#8243; body_font=&#8221;Rajdhani|600|||||||&#8221; body_text_color=&#8221;#45637F&#8221; body_font_size=&#8221;15px&#8221; global_colors_info=&#8221;{}&#8221;][\/et_pb_wc_breadcrumb][\/et_pb_column][\/et_pb_row][et_pb_row column_structure=&#8221;1_2,1_2&#8243; _builder_version=&#8221;4.16&#8243; background_size=&#8221;initial&#8221; background_position=&#8221;top_left&#8221; background_repeat=&#8221;repeat&#8221; width=&#8221;100%&#8221; custom_padding=&#8221;0px||47px||false|false&#8221; global_colors_info=&#8221;{}&#8221;][et_pb_column type=&#8221;1_2&#8243; _builder_version=&#8221;4.16&#8243; custom_padding=&#8221;|||&#8221; global_colors_info=&#8221;{}&#8221; custom_padding__hover=&#8221;|||&#8221;][et_pb_wc_images _builder_version=&#8221;4.22.2&#8243; sale_badge_font=&#8221;Rajdhani||||||||&#8221; global_colors_info=&#8221;{}&#8221;][\/et_pb_wc_images][\/et_pb_column][et_pb_column type=&#8221;1_2&#8243; _builder_version=&#8221;4.16&#8243; custom_padding=&#8221;|||&#8221; global_colors_info=&#8221;{}&#8221; custom_padding__hover=&#8221;|||&#8221;][et_pb_wc_title _builder_version=&#8221;4.22.2&#8243; header_font=&#8221;Rajdhani|700|||||||&#8221; header_text_color=&#8221;#45637F&#8221; global_colors_info=&#8221;{}&#8221;][\/et_pb_wc_title][et_pb_wc_rating _builder_version=&#8221;4.22.2&#8243; rating_text_color=&#8221;#88C5FE&#8221; global_colors_info=&#8221;{}&#8221;][\/et_pb_wc_rating][et_pb_wc_price _builder_version=&#8221;4.22.2&#8243; body_font=&#8221;Rajdhani|700|||||||&#8221; body_text_color=&#8221;#45637F&#8221; global_colors_info=&#8221;{}&#8221;][\/et_pb_wc_price][et_pb_button button_url=&#8221;https:\/\/amzn.to\/3MFdcZn&#8221; button_text=&#8221;Comprar en amazon&#8221; _builder_version=&#8221;4.23.4&#8243; _module_preset=&#8221;default&#8221; custom_button=&#8221;on&#8221; button_text_color=&#8221;#FFFFFF&#8221; button_font=&#8221;Rajdhani||||||||&#8221; button_icon=&#8221;&#xf270;||fa||400&#8243; hover_enabled=&#8221;0&#8243; global_colors_info=&#8221;{}&#8221; button_bg_color=&#8221;#45637F&#8221; button_bg_enable_color=&#8221;on&#8221; sticky_enabled=&#8221;0&#8243;][\/et_pb_button][et_pb_wc_description _builder_version=&#8221;4.23.4&#8243; _module_preset=&#8221;default&#8221; hover_enabled=&#8221;0&#8243; sticky_enabled=&#8221;0&#8243;][\/et_pb_wc_description][\/et_pb_column][\/et_pb_row][et_pb_row _builder_version=&#8221;4.16&#8243; background_size=&#8221;initial&#8221; background_position=&#8221;top_left&#8221; background_repeat=&#8221;repeat&#8221; width=&#8221;100%&#8221; global_colors_info=&#8221;{}&#8221;][et_pb_column type=&#8221;4_4&#8243; _builder_version=&#8221;4.16&#8243; custom_padding=&#8221;|||&#8221; global_colors_info=&#8221;{}&#8221; custom_padding__hover=&#8221;|||&#8221;][et_pb_wc_tabs _builder_version=&#8221;4.16&#8243; custom_margin=&#8221;||48px|||&#8221; global_colors_info=&#8221;{}&#8221;] [\/et_pb_wc_tabs][et_pb_wc_upsells _builder_version=&#8221;4.16&#8243; global_colors_info=&#8221;{}&#8221;][\/et_pb_wc_upsells][et_pb_wc_related_products columns_number=&#8221;2&#8243; include_categories=&#8221;all&#8221; _builder_version=&#8221;4.22.2&#8243; global_colors_info=&#8221;{}&#8221;][\/et_pb_wc_related_products][\/et_pb_column][\/et_pb_row][\/et_pb_section]<\/p>\n","protected":false},"excerpt":{"rendered":"<ul class=\"a-unordered-list a-vertical a-spacing-mini\">\n<li>\n<table class=\"a-normal a-spacing-micro\">\n<tbody>\n<tr class=\"a-spacing-small po-graphics_coprocessor\">\n<td class=\"a-span3\"><span class=\"a-size-base a-text-bold\">Coprocesador de gr\u00e1ficos<\/span><\/td>\n<td class=\"a-span9\"><span class=\"a-size-base po-break-word\">NVIDIA GeForce RTX 4060 Ti<\/span><\/td>\n<\/tr>\n<tr class=\"a-spacing-small po-brand\">\n<td class=\"a-span3\"><span class=\"a-size-base a-text-bold\">Marca<\/span><\/td>\n<td class=\"a-span9\"><span class=\"a-size-base po-break-word\">Gigabyte Technology<\/span><\/td>\n<\/tr>\n<tr class=\"a-spacing-small po-graphics_ram.size\">\n<td class=\"a-span3\"><span class=\"a-size-base a-text-bold\">Tama\u00f1o de la RAM de gr\u00e1ficos<\/span><\/td>\n<td class=\"a-span9\"><span class=\"a-size-base po-break-word\">16 GB<\/span><\/td>\n<\/tr>\n<tr class=\"a-spacing-small po-video_output_interface\">\n<td class=\"a-span3\"><span class=\"a-size-base a-text-bold\">Interfaz de salida de v\u00eddeo<\/span><\/td>\n<td class=\"a-span9\"><span class=\"a-size-base po-break-word\">DisplayPort, HDMI<\/span><\/td>\n<\/tr>\n<tr class=\"a-spacing-small po-graphics_processor_manufacturer\">\n<td class=\"a-span3\"><span class=\"a-size-base a-text-bold\">Fabricante del procesador de gr\u00e1ficos<\/span><\/td>\n<td class=\"a-span9\"><span class=\"a-size-base po-break-word\">NVIDIA<\/span><\/td>\n<\/tr>\n<\/tbody>\n<\/table>\n<\/li>\n<\/ul>\n","protected":false},"featured_media":213268,"comment_status":"open","ping_status":"closed","template":"","meta":{"_et_pb_use_builder":"on","_et_pb_old_content":"<h1 class=\"a-size-base-plus a-text-bold\">Sobre este art\u00edculo<\/h1>\r\n<ul class=\"a-unordered-list a-vertical a-spacing-mini\">\r\n \t<li class=\"a-spacing-mini\">\r\n<table class=\"a-normal a-spacing-micro\">\r\n<tbody>\r\n<tr class=\"a-spacing-small po-graphics_coprocessor\">\r\n<td class=\"a-span3\"><span class=\"a-size-base a-text-bold\">Coprocesador de gr\u00e1ficos<\/span><\/td>\r\n<td class=\"a-span9\"><span class=\"a-size-base po-break-word\">NVIDIA GeForce RTX 4060 Ti<\/span><\/td>\r\n<\/tr>\r\n<tr class=\"a-spacing-small po-brand\">\r\n<td class=\"a-span3\"><span class=\"a-size-base a-text-bold\">Marca<\/span><\/td>\r\n<td class=\"a-span9\"><span class=\"a-size-base po-break-word\">Gigabyte Technology<\/span><\/td>\r\n<\/tr>\r\n<tr class=\"a-spacing-small po-graphics_ram.size\">\r\n<td class=\"a-span3\"><span class=\"a-size-base a-text-bold\">Tama\u00f1o de la RAM de gr\u00e1ficos<\/span><\/td>\r\n<td class=\"a-span9\"><span class=\"a-size-base po-break-word\">16 GB<\/span><\/td>\r\n<\/tr>\r\n<tr class=\"a-spacing-small po-video_output_interface\">\r\n<td class=\"a-span3\"><span class=\"a-size-base a-text-bold\">Interfaz de salida de v\u00eddeo<\/span><\/td>\r\n<td class=\"a-span9\"><span class=\"a-size-base po-break-word\">DisplayPort, HDMI<\/span><\/td>\r\n<\/tr>\r\n<tr class=\"a-spacing-small po-graphics_processor_manufacturer\">\r\n<td class=\"a-span3\"><span class=\"a-size-base a-text-bold\">Fabricante del procesador de gr\u00e1ficos<\/span><\/td>\r\n<td class=\"a-span9\"><span class=\"a-size-base po-break-word\">NVIDIA<\/span><\/td>\r\n<\/tr>\r\n<\/tbody>\r\n<\/table>\r\n<\/li>\r\n<\/ul>","_et_gb_content_width":""},"product_cat":[76],"product_tag":[],"yoast_head":"<!-- This site is optimized with the Yoast SEO Premium plugin v15.4 - https:\/\/yoast.com\/wordpress\/plugins\/seo\/ -->\n<title>Gigabyte NVIDIA GeForce RTX 4060 Ti AERO | cybercaze<\/title>\n<meta name=\"robots\" content=\"index, follow, max-snippet:-1, max-image-preview:large, max-video-preview:-1\" \/>\n<link rel=\"canonical\" href=\"https:\/\/cybercaze.com\/index.php\/producto\/gigabyte-nvidia-geforce-rtx-4060-ti-aero-2\/\" \/>\n<meta property=\"og:locale\" content=\"es_ES\" \/>\n<meta property=\"og:type\" content=\"article\" \/>\n<meta property=\"og:title\" content=\"Gigabyte NVIDIA GeForce RTX 4060 Ti AERO | cybercaze\" \/>\n<meta property=\"og:description\" content=\"Coprocesador de gr\u00e1ficos NVIDIA GeForce RTX 4060 Ti   Marca Gigabyte Technology   Tama\u00f1o de la RAM de gr\u00e1ficos 16 GB   Interfaz de salida de v\u00eddeo DisplayPort, HDMI   Fabricante del procesador de gr\u00e1ficos NVIDIA\" \/>\n<meta property=\"og:url\" content=\"https:\/\/cybercaze.com\/index.php\/producto\/gigabyte-nvidia-geforce-rtx-4060-ti-aero-2\/\" \/>\n<meta property=\"og:site_name\" content=\"cybercaze\" \/>\n<meta property=\"article:modified_time\" content=\"2024-01-13T23:20:05+00:00\" \/>\n<meta property=\"og:image\" content=\"https:\/\/cybercaze.com\/wp-content\/uploads\/2023\/11\/Gigabyte-NVIDIA-GeForce-RTX-4060-Ti-AERO.png\" \/>\n\t<meta property=\"og:image:width\" content=\"679\" \/>\n\t<meta property=\"og:image:height\" content=\"501\" \/>\n<meta name=\"twitter:card\" content=\"summary_large_image\" \/>\n<meta name=\"twitter:label1\" content=\"Escrito por\">\n\t<meta name=\"twitter:data1\" content=\"mateo\">\n\t<meta name=\"twitter:label2\" content=\"Tiempo de lectura\">\n\t<meta name=\"twitter:data2\" content=\"2 minutos\">\n<script type=\"application\/ld+json\" class=\"yoast-schema-graph\">{\"@context\":\"https:\/\/schema.org\",\"@graph\":[{\"@type\":\"Organization\",\"@id\":\"https:\/\/cybercaze.com\/#organization\",\"name\":\"Cybercaze\",\"url\":\"https:\/\/cybercaze.com\/\",\"sameAs\":[],\"logo\":{\"@type\":\"ImageObject\",\"@id\":\"https:\/\/cybercaze.com\/#logo\",\"inLanguage\":\"es\",\"url\":\"https:\/\/cybercaze.com\/wp-content\/uploads\/2023\/12\/logo-grande.png\",\"width\":2000,\"height\":4080,\"caption\":\"Cybercaze\"},\"image\":{\"@id\":\"https:\/\/cybercaze.com\/#logo\"}},{\"@type\":\"WebSite\",\"@id\":\"https:\/\/cybercaze.com\/#website\",\"url\":\"https:\/\/cybercaze.com\/\",\"name\":\"cybercaze\",\"description\":\"Tienda en l\\u00ednea para productos de tecnolog\\u00eda, equipos y accesorios\",\"publisher\":{\"@id\":\"https:\/\/cybercaze.com\/#organization\"},\"potentialAction\":[{\"@type\":\"SearchAction\",\"target\":\"https:\/\/cybercaze.com\/?s={search_term_string}\",\"query-input\":\"required name=search_term_string\"}],\"inLanguage\":\"es\"},{\"@type\":\"ImageObject\",\"@id\":\"https:\/\/cybercaze.com\/index.php\/producto\/gigabyte-nvidia-geforce-rtx-4060-ti-aero-2\/#primaryimage\",\"inLanguage\":\"es\",\"url\":\"https:\/\/cybercaze.com\/wp-content\/uploads\/2023\/11\/Gigabyte-NVIDIA-GeForce-RTX-4060-Ti-AERO.png\",\"width\":679,\"height\":501,\"caption\":\"Gigabyte NVIDIA GeForce RTX 4060 Ti AERO\"},{\"@type\":\"WebPage\",\"@id\":\"https:\/\/cybercaze.com\/index.php\/producto\/gigabyte-nvidia-geforce-rtx-4060-ti-aero-2\/#webpage\",\"url\":\"https:\/\/cybercaze.com\/index.php\/producto\/gigabyte-nvidia-geforce-rtx-4060-ti-aero-2\/\",\"name\":\"Gigabyte NVIDIA GeForce RTX 4060 Ti AERO | cybercaze\",\"isPartOf\":{\"@id\":\"https:\/\/cybercaze.com\/#website\"},\"primaryImageOfPage\":{\"@id\":\"https:\/\/cybercaze.com\/index.php\/producto\/gigabyte-nvidia-geforce-rtx-4060-ti-aero-2\/#primaryimage\"},\"datePublished\":\"2023-11-09T00:59:34+00:00\",\"dateModified\":\"2024-01-13T23:20:05+00:00\",\"inLanguage\":\"es\",\"potentialAction\":[{\"@type\":\"ReadAction\",\"target\":[\"https:\/\/cybercaze.com\/index.php\/producto\/gigabyte-nvidia-geforce-rtx-4060-ti-aero-2\/\"]}]}]}<\/script>\n<!-- \/ Yoast SEO Premium plugin. -->","_links":{"self":[{"href":"https:\/\/cybercaze.com\/index.php\/wp-json\/wp\/v2\/product\/213095"}],"collection":[{"href":"https:\/\/cybercaze.com\/index.php\/wp-json\/wp\/v2\/product"}],"about":[{"href":"https:\/\/cybercaze.com\/index.php\/wp-json\/wp\/v2\/types\/product"}],"replies":[{"embeddable":true,"href":"https:\/\/cybercaze.com\/index.php\/wp-json\/wp\/v2\/comments?post=213095"}],"wp:featuredmedia":[{"embeddable":true,"href":"https:\/\/cybercaze.com\/index.php\/wp-json\/wp\/v2\/media\/213268"}],"wp:attachment":[{"href":"https:\/\/cybercaze.com\/index.php\/wp-json\/wp\/v2\/media?parent=213095"}],"wp:term":[{"taxonomy":"product_cat","embeddable":true,"href":"https:\/\/cybercaze.com\/index.php\/wp-json\/wp\/v2\/product_cat?post=213095"},{"taxonomy":"product_tag","embeddable":true,"href":"https:\/\/cybercaze.com\/index.php\/wp-json\/wp\/v2\/product_tag?post=213095"}],"curies":[{"name":"wp","href":"https:\/\/api.w.org\/{rel}","templated":true}]}}