{"id":213077,"date":"2023-11-09T00:33:40","date_gmt":"2023-11-08T23:33:40","guid":{"rendered":"https:\/\/cybercaze.com\/?post_type=product&#038;p=213077"},"modified":"2024-01-29T15:16:39","modified_gmt":"2024-01-29T20:16:39","slug":"koorui-24-pulgadas","status":"publish","type":"product","link":"https:\/\/cybercaze.com\/index.php\/producto\/koorui-24-pulgadas\/","title":{"rendered":"KOORUI Monitor de 24 Pulgadas"},"content":{"rendered":"<p>[et_pb_section fb_built=&#8221;1&#8243; _builder_version=&#8221;4.23.1&#8243; background_color=&#8221;RGBA(255,255,255,0)&#8221; use_background_color_gradient=&#8221;off&#8221; custom_padding=&#8221;0px||||false|false&#8221; global_colors_info=&#8221;{}&#8221;][et_pb_row _builder_version=&#8221;4.16&#8243; background_size=&#8221;initial&#8221; background_position=&#8221;top_left&#8221; background_repeat=&#8221;repeat&#8221; width=&#8221;100%&#8221; custom_padding=&#8221;0px||0px||false|false&#8221; global_colors_info=&#8221;{}&#8221;][et_pb_column type=&#8221;4_4&#8243; _builder_version=&#8221;4.16&#8243; custom_padding=&#8221;|||&#8221; global_colors_info=&#8221;{}&#8221; custom_padding__hover=&#8221;|||&#8221;][et_pb_wc_breadcrumb _builder_version=&#8221;4.22.2&#8243; body_font=&#8221;Rajdhani|600|||||||&#8221; body_text_color=&#8221;#45637F&#8221; body_font_size=&#8221;15px&#8221; global_colors_info=&#8221;{}&#8221;][\/et_pb_wc_breadcrumb][\/et_pb_column][\/et_pb_row][et_pb_row column_structure=&#8221;1_2,1_2&#8243; _builder_version=&#8221;4.16&#8243; background_size=&#8221;initial&#8221; background_position=&#8221;top_left&#8221; background_repeat=&#8221;repeat&#8221; width=&#8221;100%&#8221; custom_padding=&#8221;0px||47px||false|false&#8221; global_colors_info=&#8221;{}&#8221;][et_pb_column type=&#8221;1_2&#8243; _builder_version=&#8221;4.16&#8243; custom_padding=&#8221;|||&#8221; global_colors_info=&#8221;{}&#8221; custom_padding__hover=&#8221;|||&#8221;][et_pb_wc_images _builder_version=&#8221;4.24.0&#8243; sale_badge_font=&#8221;Rajdhani||||||||&#8221; link_option_url=&#8221;https:\/\/amzn.to\/3umsKLs&#8221; global_colors_info=&#8221;{}&#8221;][\/et_pb_wc_images][\/et_pb_column][et_pb_column type=&#8221;1_2&#8243; _builder_version=&#8221;4.16&#8243; custom_padding=&#8221;|||&#8221; global_colors_info=&#8221;{}&#8221; custom_padding__hover=&#8221;|||&#8221;][et_pb_wc_title _builder_version=&#8221;4.22.2&#8243; header_font=&#8221;Rajdhani|700|||||||&#8221; header_text_color=&#8221;#45637F&#8221; global_colors_info=&#8221;{}&#8221;][\/et_pb_wc_title][et_pb_wc_rating _builder_version=&#8221;4.22.2&#8243; rating_text_color=&#8221;#88C5FE&#8221; global_colors_info=&#8221;{}&#8221;][\/et_pb_wc_rating][et_pb_button button_url=&#8221;https:\/\/amzn.to\/46hGHrc&#8221; url_new_window=&#8221;on&#8221; button_text=&#8221;Comprar en amazon&#8221; _builder_version=&#8221;4.23.3&#8243; _module_preset=&#8221;default&#8221; custom_button=&#8221;on&#8221; button_text_color=&#8221;#FFFFFF&#8221; button_bg_color=&#8221;#45637F&#8221; button_font=&#8221;Rajdhani||||||||&#8221; button_icon=&#8221;&#xf270;||fa||400&#8243; global_colors_info=&#8221;{}&#8221;][\/et_pb_button][et_pb_wc_price _builder_version=&#8221;4.22.2&#8243; body_font=&#8221;Rajdhani|700|||||||&#8221; body_text_color=&#8221;#45637F&#8221; global_colors_info=&#8221;{}&#8221;][\/et_pb_wc_price][et_pb_text _builder_version=&#8221;4.23.1&#8243; _module_preset=&#8221;default&#8221; text_font=&#8221;Rajdhani||||||||&#8221; header_font=&#8221;Rajdhani||||||||&#8221; global_colors_info=&#8221;{}&#8221;]<\/p>\n<h1 class=\"a-size-base-plus a-text-bold\">Sobre este art\u00edculo<\/h1>\n<ul class=\"a-unordered-list a-vertical a-spacing-mini\">\n<li class=\"a-spacing-mini\"><span class=\"a-list-item\">[Magn\u00edficos efectos visuales y cuidado de los ojos] El monitor de 24 pulgadas con 99% SRGB (NTSC 72%) puede mostrar im\u00e1genes m\u00e1s realistas y colores m\u00e1s saturados, te presenta impresionantes efectos visuales. La tecnolog\u00eda sin parpadeo y el filtro de luz azul te dan una experiencia visual c\u00f3moda incluso en la visualizaci\u00f3n a largo plazo**75 Hz, requiere soporte de host\/acoplamiento**<\/span><\/li>\n<li class=\"a-spacing-mini\"><span class=\"a-list-item\">Biseles m\u00e1s estrechos, im\u00e1genes m\u00e1s grandes: el monitor de computadora de 24 pulgadas tiene tecnolog\u00eda IPS, resoluci\u00f3n FHD de 1920 x 1080p y \u00e1ngulo de visi\u00f3n de 178 \u00b0 de ancho, puedes disfrutar de una visi\u00f3n panor\u00e1mica clara, n\u00edtida y delicada. El dise\u00f1o sin marco de tres lados del monitor de la PC es adecuado para el trabajo de m\u00faltiples pantallas.<\/span><\/li>\n<li class=\"a-spacing-mini\"><span class=\"a-list-item\">[Inclinaci\u00f3n ergon\u00f3mica y compatibilidad VESA] El soporte para monitor KOORUI 24 se puede instalar y desmontar r\u00e1pidamente, tambi\u00e9n es compatible con soporte VESA de 2.953 x 2.953 in, lo que hace que sea f\u00e1cil mover y colocar el monitor. Puede elegir un mejor \u00e1ngulo de visi\u00f3n a trav\u00e9s de la inclinaci\u00f3n 5 grados hacia adelante y 15 grados hacia atr\u00e1s<\/span><\/li>\n<li class=\"a-spacing-mini\"><span class=\"a-list-item\">[Conectividad m\u00faltiple] El monitor de 24 pulgadas proporciona interfaces de video a trav\u00e9s de puertos HDMI y VGA. Este monitor de computadora de 24 pulgadas tiene una frecuencia de actualizaci\u00f3n de 75 Hz (compatible con la mayor\u00eda de las tarjetas gr\u00e1ficas normales). Puedes conectarlo a Xbox, PC y port\u00e1tiles, etc. Cambiar arbitrariamente entre la oficina y el entretenimiento<\/span><\/li>\n<li class=\"a-spacing-mini\"><span class=\"a-list-item\">KOORUI se compromete a fabricar monitores durante m\u00e1s de 20 a\u00f1os, seguimos proporcionando monitores de computadora de alta calidad y servicios premium, incluyendo 30 d\u00edas de devoluci\u00f3n de dinero, 6 meses de reemplazo, 3 a\u00f1os de garant\u00eda. Cualquier da\u00f1o, mal funcionamiento o accesorios faltantes, no dude en contactarnos<\/span><\/li>\n<\/ul>\n<p>[\/et_pb_text][et_pb_button button_url=&#8221;https:\/\/amzn.to\/46hGHrc&#8221; url_new_window=&#8221;on&#8221; button_text=&#8221;Comprar en amazon&#8221; _builder_version=&#8221;4.23.3&#8243; _module_preset=&#8221;default&#8221; custom_button=&#8221;on&#8221; button_text_color=&#8221;#FFFFFF&#8221; button_bg_color=&#8221;#45637F&#8221; button_font=&#8221;Rajdhani||||||||&#8221; button_icon=&#8221;&#xf270;||fa||400&#8243; global_colors_info=&#8221;{}&#8221;][\/et_pb_button][\/et_pb_column][\/et_pb_row][\/et_pb_section][et_pb_section fb_built=&#8221;1&#8243; theme_builder_area=&#8221;post_content&#8221; _builder_version=&#8221;4.24.0&#8243; _module_preset=&#8221;default&#8221; background_color=&#8221;RGBA(255,255,255,0)&#8221; use_background_color_gradient=&#8221;off&#8221; hover_enabled=&#8221;0&#8243; sticky_enabled=&#8221;0&#8243;][et_pb_row _builder_version=&#8221;4.24.0&#8243; _module_preset=&#8221;default&#8221; theme_builder_area=&#8221;post_content&#8221;][et_pb_column _builder_version=&#8221;4.24.0&#8243; _module_preset=&#8221;default&#8221; type=&#8221;4_4&#8243; theme_builder_area=&#8221;post_content&#8221;][et_pb_wc_related_products _builder_version=&#8221;4.24.0&#8243; _module_preset=&#8221;default&#8221; theme_builder_area=&#8221;post_content&#8221; hover_enabled=&#8221;0&#8243; sticky_enabled=&#8221;0&#8243;][\/et_pb_wc_related_products][\/et_pb_column][\/et_pb_row][\/et_pb_section]<\/p>\n","protected":false},"excerpt":{"rendered":"<ul class=\"a-unordered-list a-vertical a-spacing-mini\">\n<li><span class=\"a-list-item\"><b>[Altavoces integrados]<\/b>\u00a0Los altavoces integrados ofrecen un sonido n\u00edtido y fluido a la vez que ahorran espacio en su escritorio. El 24 pulgadas monitor ofrece interfaces de v\u00eddeo a trav\u00e9s de puertos HDMI y VGA. Puede conectarlo a Xbox, PC y port\u00e1tiles, etc. Trabajo, juegos, pel\u00edculas, todo perfectamente cubierto con un solo monitor.<\/span><\/li>\n<\/ul>\n","protected":false},"featured_media":213260,"comment_status":"open","ping_status":"closed","template":"","meta":{"_et_pb_use_builder":"on","_et_pb_old_content":"<h1 class=\"a-size-base-plus a-text-bold\">Sobre este art\u00edculo<\/h1>\r\n<ul class=\"a-unordered-list a-vertical a-spacing-mini\">\r\n \t<li class=\"a-spacing-mini\"><span class=\"a-list-item\"><b>[Altavoces integrados]<\/b>\u00a0Los altavoces integrados ofrecen un sonido n\u00edtido y fluido a la vez que ahorran espacio en su escritorio. El 24 pulgadas monitor ofrece interfaces de v\u00eddeo a trav\u00e9s de puertos HDMI y VGA. Puede conectarlo a Xbox, PC y port\u00e1tiles, etc. Trabajo, juegos, pel\u00edculas, todo perfectamente cubierto con un solo monitor.<\/span><\/li>\r\n \t<li class=\"a-spacing-mini\"><span class=\"a-list-item\"><b>[Efectos visuales magn\u00edficos y cuidado de los ojos]<\/b>\u00a0El monitor pc con 99% SRGB (NTSC 72%) puede mostrar im\u00e1genes m\u00e1s realistas y colores m\u00e1s saturados, present\u00e1ndole efectos visuales impresionantes. La tecnolog\u00eda sin parpadeos y el filtro de luz azul le ofrecen una experiencia visual c\u00f3moda incluso durante largos periodos de tiempo.<\/span><\/li>\r\n \t<li class=\"a-spacing-mini\"><span class=\"a-list-item\"><b>[Biseles m\u00e1s estrechos, im\u00e1genes m\u00e1s grandes]<\/b>\u00a0El monitor 24\u201d tiene pantalla IPS, resoluci\u00f3n FHD 1920 x 1080p y \u00e1ngulo de visi\u00f3n de 178\u00b0, puede disfrutar de una visi\u00f3n panor\u00e1mica clara, n\u00edtida y delicada. El dise\u00f1o de tres lados sin marco de la pantalla del ordenador es adecuado para el trabajo muilti-pantalla. Admite VGA (hasta 60 Hz) y HDMI (hasta 100 Hz).<\/span><\/li>\r\n \t<li class=\"a-spacing-mini\"><span class=\"a-list-item\"><b>[Inclinaci\u00f3n ergon\u00f3mica y compatible con VESA]<\/b>\u00a0El soporte de computer monitor se puede instalar y desmontar r\u00e1pidamente, tambi\u00e9n es compatible con el soporte VESA de 75 * 75 mm, lo que hace que sea f\u00e1cil para usted mover y colocar el monitor. Usted puede elegir un mejor \u00e1ngulo de visi\u00f3n a trav\u00e9s de la inclinaci\u00f3n de 5 grados hacia adelante y 20 grados hacia atr\u00e1s.<\/span><\/li>\r\n \t<li class=\"a-spacing-mini\"><span class=\"a-list-item\"><b>[Garant\u00eda post-venta]<\/b>\u00a0KOORUI se compromete a la fabricaci\u00f3n de monitores de m\u00e1s de 20 a\u00f1os, seguimos proporcionando monitores de ordenador de alta calidad y servicios de primera calidad, incluye 30 d\u00edas de devoluci\u00f3n de dinero, 6 meses de reemplazo, 3 a\u00f1os de garant\u00eda. Cualquier da\u00f1o, mal funcionamiento o falta de accesorios, por favor no dude en contactar con nosotros.<\/span><\/li>\r\n<\/ul>","_et_gb_content_width":""},"product_cat":[45,17],"product_tag":[],"yoast_head":"<!-- This site is optimized with the Yoast SEO Premium plugin v15.4 - https:\/\/yoast.com\/wordpress\/plugins\/seo\/ -->\n<title>KOORUI Monitor de 24 Pulgadas | cybercaze<\/title>\n<meta name=\"robots\" content=\"index, follow, max-snippet:-1, max-image-preview:large, max-video-preview:-1\" \/>\n<link rel=\"canonical\" href=\"https:\/\/cybercaze.com\/index.php\/producto\/koorui-24-pulgadas\/\" \/>\n<meta property=\"og:locale\" content=\"es_ES\" \/>\n<meta property=\"og:type\" content=\"article\" \/>\n<meta property=\"og:title\" content=\"KOORUI Monitor de 24 Pulgadas | cybercaze\" \/>\n<meta property=\"og:description\" content=\"[Altavoces integrados]\u00a0Los altavoces integrados ofrecen un sonido n\u00edtido y fluido a la vez que ahorran espacio en su escritorio. El 24 pulgadas monitor ofrece interfaces de v\u00eddeo a trav\u00e9s de puertos HDMI y VGA. Puede conectarlo a Xbox, PC y port\u00e1tiles, etc. Trabajo, juegos, pel\u00edculas, todo perfectamente cubierto con un solo monitor.\" \/>\n<meta property=\"og:url\" content=\"https:\/\/cybercaze.com\/index.php\/producto\/koorui-24-pulgadas\/\" \/>\n<meta property=\"og:site_name\" content=\"cybercaze\" \/>\n<meta property=\"article:modified_time\" content=\"2024-01-29T20:16:39+00:00\" \/>\n<meta property=\"og:image\" content=\"https:\/\/cybercaze.com\/wp-content\/uploads\/2023\/11\/KOORUI-MONITOR-DE-24-PULGADAS.png\" \/>\n\t<meta property=\"og:image:width\" content=\"679\" \/>\n\t<meta property=\"og:image:height\" content=\"501\" \/>\n<meta name=\"twitter:card\" content=\"summary_large_image\" \/>\n<meta name=\"twitter:label1\" content=\"Escrito por\">\n\t<meta name=\"twitter:data1\" content=\"mateo\">\n\t<meta name=\"twitter:label2\" content=\"Tiempo de lectura\">\n\t<meta name=\"twitter:data2\" content=\"3 minutos\">\n<script type=\"application\/ld+json\" class=\"yoast-schema-graph\">{\"@context\":\"https:\/\/schema.org\",\"@graph\":[{\"@type\":\"Organization\",\"@id\":\"https:\/\/cybercaze.com\/#organization\",\"name\":\"Cybercaze\",\"url\":\"https:\/\/cybercaze.com\/\",\"sameAs\":[],\"logo\":{\"@type\":\"ImageObject\",\"@id\":\"https:\/\/cybercaze.com\/#logo\",\"inLanguage\":\"es\",\"url\":\"https:\/\/cybercaze.com\/wp-content\/uploads\/2023\/12\/logo-grande.png\",\"width\":2000,\"height\":4080,\"caption\":\"Cybercaze\"},\"image\":{\"@id\":\"https:\/\/cybercaze.com\/#logo\"}},{\"@type\":\"WebSite\",\"@id\":\"https:\/\/cybercaze.com\/#website\",\"url\":\"https:\/\/cybercaze.com\/\",\"name\":\"cybercaze\",\"description\":\"Tienda en l\\u00ednea para productos de tecnolog\\u00eda, equipos y accesorios\",\"publisher\":{\"@id\":\"https:\/\/cybercaze.com\/#organization\"},\"potentialAction\":[{\"@type\":\"SearchAction\",\"target\":\"https:\/\/cybercaze.com\/?s={search_term_string}\",\"query-input\":\"required name=search_term_string\"}],\"inLanguage\":\"es\"},{\"@type\":\"ImageObject\",\"@id\":\"https:\/\/cybercaze.com\/index.php\/producto\/koorui-24-pulgadas\/#primaryimage\",\"inLanguage\":\"es\",\"url\":\"https:\/\/cybercaze.com\/wp-content\/uploads\/2023\/11\/KOORUI-MONITOR-DE-24-PULGADAS.png\",\"width\":679,\"height\":501,\"caption\":\"KOORUI MONITOR DE 24 PULGADAS\"},{\"@type\":\"WebPage\",\"@id\":\"https:\/\/cybercaze.com\/index.php\/producto\/koorui-24-pulgadas\/#webpage\",\"url\":\"https:\/\/cybercaze.com\/index.php\/producto\/koorui-24-pulgadas\/\",\"name\":\"KOORUI Monitor de 24 Pulgadas | cybercaze\",\"isPartOf\":{\"@id\":\"https:\/\/cybercaze.com\/#website\"},\"primaryImageOfPage\":{\"@id\":\"https:\/\/cybercaze.com\/index.php\/producto\/koorui-24-pulgadas\/#primaryimage\"},\"datePublished\":\"2023-11-08T23:33:40+00:00\",\"dateModified\":\"2024-01-29T20:16:39+00:00\",\"inLanguage\":\"es\",\"potentialAction\":[{\"@type\":\"ReadAction\",\"target\":[\"https:\/\/cybercaze.com\/index.php\/producto\/koorui-24-pulgadas\/\"]}]}]}<\/script>\n<!-- \/ Yoast SEO Premium plugin. -->","_links":{"self":[{"href":"https:\/\/cybercaze.com\/index.php\/wp-json\/wp\/v2\/product\/213077"}],"collection":[{"href":"https:\/\/cybercaze.com\/index.php\/wp-json\/wp\/v2\/product"}],"about":[{"href":"https:\/\/cybercaze.com\/index.php\/wp-json\/wp\/v2\/types\/product"}],"replies":[{"embeddable":true,"href":"https:\/\/cybercaze.com\/index.php\/wp-json\/wp\/v2\/comments?post=213077"}],"wp:featuredmedia":[{"embeddable":true,"href":"https:\/\/cybercaze.com\/index.php\/wp-json\/wp\/v2\/media\/213260"}],"wp:attachment":[{"href":"https:\/\/cybercaze.com\/index.php\/wp-json\/wp\/v2\/media?parent=213077"}],"wp:term":[{"taxonomy":"product_cat","embeddable":true,"href":"https:\/\/cybercaze.com\/index.php\/wp-json\/wp\/v2\/product_cat?post=213077"},{"taxonomy":"product_tag","embeddable":true,"href":"https:\/\/cybercaze.com\/index.php\/wp-json\/wp\/v2\/product_tag?post=213077"}],"curies":[{"name":"wp","href":"https:\/\/api.w.org\/{rel}","templated":true}]}}